{"id":538,"date":"2023-05-02T17:36:53","date_gmt":"2023-05-02T17:36:53","guid":{"rendered":"https:\/\/zumex-invest.com\/wer-wir-sind\/unser-verhaltenskodex"},"modified":"2023-07-11T21:10:01","modified_gmt":"2023-07-11T21:10:01","slug":"unser-verhaltenskodex","status":"publish","type":"page","link":"https:\/\/zumex-invest.com\/de\/wer-wir-sind\/unser-verhaltenskodex","title":{"rendered":"Unser Verhaltenskodex"},"content":{"rendered":"\t\t<div data-elementor-type=\"wp-page\" data-elementor-id=\"538\" class=\"elementor elementor-538 elementor-116\">\n\t\t\t\t\t\t\t\t\t<section class=\"elementor-section elementor-top-section elementor-element elementor-element-ff0a0ea elementor-section-boxed elementor-section-height-default elementor-section-height-default\" data-id=\"ff0a0ea\" data-element_type=\"section\" data-settings=\"{&quot;background_background&quot;:&quot;classic&quot;}\">\n\t\t\t\t\t\t\t<div class=\"elementor-background-overlay\"><\/div>\n\t\t\t\t\t\t\t<div class=\"elementor-container elementor-column-gap-default\">\n\t\t\t\t\t<div class=\"elementor-column elementor-col-100 elementor-top-column elementor-element elementor-element-35f2dab\" data-id=\"35f2dab\" data-element_type=\"column\">\n\t\t\t<div class=\"elementor-widget-wrap elementor-element-populated\">\n\t\t\t\t\t\t\t\t<div class=\"elementor-element elementor-element-0488803 elementor-widget elementor-widget-heading\" data-id=\"0488803\" data-element_type=\"widget\" data-widget_type=\"heading.default\">\n\t\t\t\t<div class=\"elementor-widget-container\">\n\t\t\t<style>\/*! elementor - v3.13.3 - 28-05-2023 *\/\n.elementor-heading-title{padding:0;margin:0;line-height:1}.elementor-widget-heading .elementor-heading-title[class*=elementor-size-]>a{color:inherit;font-size:inherit;line-height:inherit}.elementor-widget-heading .elementor-heading-title.elementor-size-small{font-size:15px}.elementor-widget-heading .elementor-heading-title.elementor-size-medium{font-size:19px}.elementor-widget-heading .elementor-heading-title.elementor-size-large{font-size:29px}.elementor-widget-heading .elementor-heading-title.elementor-size-xl{font-size:39px}.elementor-widget-heading .elementor-heading-title.elementor-size-xxl{font-size:59px}<\/style><h1 class=\"elementor-heading-title elementor-size-default\">Unser Verhaltenskodex<\/h1>\t\t<\/div>\n\t\t\t\t<\/div>\n\t\t\t\t\t<\/div>\n\t\t<\/div>\n\t\t\t\t\t\t\t<\/div>\n\t\t<\/section>\n\t\t\t\t<section class=\"elementor-section elementor-top-section elementor-element elementor-element-8aa795c elementor-section-boxed elementor-section-height-default elementor-section-height-default\" data-id=\"8aa795c\" data-element_type=\"section\">\n\t\t\t\t\t\t<div class=\"elementor-container elementor-column-gap-default\">\n\t\t\t\t\t<div class=\"elementor-column elementor-col-100 elementor-top-column elementor-element elementor-element-f2b00fe\" data-id=\"f2b00fe\" data-element_type=\"column\">\n\t\t\t<div class=\"elementor-widget-wrap elementor-element-populated\">\n\t\t\t\t\t\t\t\t<div class=\"elementor-element elementor-element-43801ba elementor-widget elementor-widget-text-editor\" data-id=\"43801ba\" data-element_type=\"widget\" data-widget_type=\"text-editor.default\">\n\t\t\t\t<div class=\"elementor-widget-container\">\n\t\t\t<style>\/*! elementor - v3.13.3 - 28-05-2023 *\/\n.elementor-widget-text-editor.elementor-drop-cap-view-stacked .elementor-drop-cap{background-color:#69727d;color:#fff}.elementor-widget-text-editor.elementor-drop-cap-view-framed .elementor-drop-cap{color:#69727d;border:3px solid;background-color:transparent}.elementor-widget-text-editor:not(.elementor-drop-cap-view-default) .elementor-drop-cap{margin-top:8px}.elementor-widget-text-editor:not(.elementor-drop-cap-view-default) .elementor-drop-cap-letter{width:1em;height:1em}.elementor-widget-text-editor .elementor-drop-cap{float:left;text-align:center;line-height:1;font-size:50px}.elementor-widget-text-editor .elementor-drop-cap-letter{display:inline-block}<\/style>\t\t\t\t<p>Unser Ziel ist es, die Rohstoffe, die unser t\u00e4gliches Leben voranbringen, verantwortungsvoll zu beschaffen.  <br>Die Verantwortung besteht darin, finanzielle und operative Spitzenleistungen zu erbringen und gleichzeitig einen positiven Beitrag zu leisten.  <br>f\u00fcr die Gesellschaft. Wir sollten stets bestrebt sein, auf verantwortungsvolle, transparente und die Rechte aller respektierende Weise dauerhafte Vorteile f\u00fcr die Beteiligten zu schaffen.<\/p>\n<p>Unsere Werte Sicherheit, Integrit\u00e4t, Verantwortung, Offenheit, Einfachheit und Unternehmertum sollen uns bei allem, was wir tun, leiten. Unser Fokus auf integres Handeln &#8211; den Mut zu haben, das Richtige zu tun, auch wenn es schwierig ist &#8211; ist das Herzst\u00fcck unserer Arbeit bei Zumex.<\/p>\n<p>Unser Verhaltenskodex spiegelt unseren Zweck und unsere Werte wider und legt die wichtigsten Grunds\u00e4tze und Erwartungen f\u00fcr unser Verhalten im Tagesgesch\u00e4ft fest.<\/p>\n<p>Bei Zumex sind wir alle dem Kodex verpflichtet &#8211; unabh\u00e4ngig davon, wo wir sind oder was wir tun. Wir alle sind daf\u00fcr verantwortlich, unsere Werte zu leben, den Kodex in unser Leben zu integrieren und unsere Kollegen zu ermutigen, dasselbe zu tun.<\/p>\n<p>Wir setzen uns daf\u00fcr ein, das t\u00e4gliche Leben zu verbessern, indem wir die Rohstoffe liefern, die f\u00fcr die Entwicklung, Erhaltung und Verbesserung der Welt um uns herum ben\u00f6tigt werden.<\/p>\n<p>Eine offene Kultur ist ebenfalls entscheidend f\u00fcr unseren Erfolg. Wir m\u00fcssen den Dialog und das Feedback f\u00f6rdern, und jeder, der f\u00fcr Zumex arbeitet, ist daf\u00fcr verantwortlich, offen zu sprechen.<\/p>\n<p>Dazu geh\u00f6rt auch, dass wir Bedenken \u00e4u\u00dfern, wenn wir glauben, dass Gesetze, dieser Kodex oder unsere Richtlinien nicht eingehalten werden. Wir tolerieren keinerlei Vergeltungsma\u00dfnahmen gegen Personen, die ein Anliegen vorbringen.<\/p>\n<p>Unser fortw\u00e4hrendes Engagement f\u00fcr unseren Zweck, unsere Werte und diesen Kodex wird Zumex dabei helfen, jede Herausforderung zu meistern und uns auf das zu konzentrieren, was wir am besten k\u00f6nnen &#8211; die verantwortungsvolle Beschaffung von Rohstoffen, die das t\u00e4gliche Leben verbessern.<\/p>\t\t\t\t\t\t<\/div>\n\t\t\t\t<\/div>\n\t\t\t\t\t<\/div>\n\t\t<\/div>\n\t\t\t\t\t\t\t<\/div>\n\t\t<\/section>\n\t\t\t\t\t\t\t<\/div>\n\t\t","protected":false},"excerpt":{"rendered":"<p>Unser Verhaltenskodex Unser Ziel ist es, die Rohstoffe, die unser t\u00e4gliches Leben voranbringen, verantwortungsvoll zu beschaffen. Die Verantwortung besteht darin, finanzielle und operative Spitzenleistungen zu erbringen und gleichzeitig einen positiven Beitrag zu leisten. f\u00fcr die Gesellschaft. Wir sollten stets bestrebt sein, auf verantwortungsvolle, transparente und die Rechte aller respektierende Weise dauerhafte Vorteile f\u00fcr die Beteiligten &hellip;<\/p>\n<p class=\"read-more\"> <a class=\"\" href=\"https:\/\/zumex-invest.com\/de\/wer-wir-sind\/unser-verhaltenskodex\"> <span class=\"screen-reader-text\">Unser Verhaltenskodex<\/span> Weiterlesen &raquo;<\/a><\/p>\n","protected":false},"author":1,"featured_media":0,"parent":534,"menu_order":22,"comment_status":"closed","ping_status":"closed","template":"","meta":{"site-sidebar-layout":"no-sidebar","site-content-layout":"page-builder","ast-global-header-display":"","ast-main-header-display":"","ast-hfb-above-header-display":"","ast-hfb-below-header-display":"","ast-hfb-mobile-header-display":"","site-post-title":"disabled","ast-breadcrumbs-content":"","ast-featured-img":"disabled","footer-sml-layout":"","theme-transparent-header-meta":"","adv-header-id-meta":"","stick-header-meta":"","header-above-stick-meta":"","header-main-stick-meta":"","header-below-stick-meta":"","footnotes":""},"class_list":["post-538","page","type-page","status-publish","hentry"],"_links":{"self":[{"href":"https:\/\/zumex-invest.com\/de\/wp-json\/wp\/v2\/pages\/538","targetHints":{"allow":["GET"]}}],"collection":[{"href":"https:\/\/zumex-invest.com\/de\/wp-json\/wp\/v2\/pages"}],"about":[{"href":"https:\/\/zumex-invest.com\/de\/wp-json\/wp\/v2\/types\/page"}],"author":[{"embeddable":true,"href":"https:\/\/zumex-invest.com\/de\/wp-json\/wp\/v2\/users\/1"}],"replies":[{"embeddable":true,"href":"https:\/\/zumex-invest.com\/de\/wp-json\/wp\/v2\/comments?post=538"}],"version-history":[{"count":3,"href":"https:\/\/zumex-invest.com\/de\/wp-json\/wp\/v2\/pages\/538\/revisions"}],"predecessor-version":[{"id":541,"href":"https:\/\/zumex-invest.com\/de\/wp-json\/wp\/v2\/pages\/538\/revisions\/541"}],"up":[{"embeddable":true,"href":"https:\/\/zumex-invest.com\/de\/wp-json\/wp\/v2\/pages\/534"}],"wp:attachment":[{"href":"https:\/\/zumex-invest.com\/de\/wp-json\/wp\/v2\/media?parent=538"}],"curies":[{"name":"wp","href":"https:\/\/api.w.org\/{rel}","templated":true}]}}