{"id":542,"date":"2023-05-02T17:43:14","date_gmt":"2023-05-02T17:43:14","guid":{"rendered":"https:\/\/zumex-invest.com\/wer-wir-sind\/unsere-geschaeftspartner"},"modified":"2023-07-11T21:10:03","modified_gmt":"2023-07-11T21:10:03","slug":"unsere-geschaeftspartner","status":"publish","type":"page","link":"https:\/\/zumex-invest.com\/de\/wer-wir-sind\/unsere-geschaeftspartner","title":{"rendered":"Unsere Gesch\u00e4ftspartner"},"content":{"rendered":"\t\t<div data-elementor-type=\"wp-page\" data-elementor-id=\"542\" class=\"elementor elementor-542 elementor-126\">\n\t\t\t\t\t\t\t\t\t<section class=\"elementor-section elementor-top-section elementor-element elementor-element-ff0a0ea elementor-section-boxed elementor-section-height-default elementor-section-height-default\" data-id=\"ff0a0ea\" data-element_type=\"section\" data-settings=\"{&quot;background_background&quot;:&quot;classic&quot;}\">\n\t\t\t\t\t\t\t<div class=\"elementor-background-overlay\"><\/div>\n\t\t\t\t\t\t\t<div class=\"elementor-container elementor-column-gap-default\">\n\t\t\t\t\t<div class=\"elementor-column elementor-col-100 elementor-top-column elementor-element elementor-element-35f2dab\" data-id=\"35f2dab\" data-element_type=\"column\">\n\t\t\t<div class=\"elementor-widget-wrap elementor-element-populated\">\n\t\t\t\t\t\t\t\t<div class=\"elementor-element elementor-element-0488803 elementor-widget elementor-widget-heading\" data-id=\"0488803\" data-element_type=\"widget\" data-widget_type=\"heading.default\">\n\t\t\t\t<div class=\"elementor-widget-container\">\n\t\t\t<style>\/*! elementor - v3.13.3 - 28-05-2023 *\/\n.elementor-heading-title{padding:0;margin:0;line-height:1}.elementor-widget-heading .elementor-heading-title[class*=elementor-size-]>a{color:inherit;font-size:inherit;line-height:inherit}.elementor-widget-heading .elementor-heading-title.elementor-size-small{font-size:15px}.elementor-widget-heading .elementor-heading-title.elementor-size-medium{font-size:19px}.elementor-widget-heading .elementor-heading-title.elementor-size-large{font-size:29px}.elementor-widget-heading .elementor-heading-title.elementor-size-xl{font-size:39px}.elementor-widget-heading .elementor-heading-title.elementor-size-xxl{font-size:59px}<\/style><h1 class=\"elementor-heading-title elementor-size-default\">Unsere Gesch\u00e4ftspartner<\/h1>\t\t<\/div>\n\t\t\t\t<\/div>\n\t\t\t\t\t<\/div>\n\t\t<\/div>\n\t\t\t\t\t\t\t<\/div>\n\t\t<\/section>\n\t\t\t\t<section class=\"elementor-section elementor-top-section elementor-element elementor-element-8aa795c elementor-section-boxed elementor-section-height-default elementor-section-height-default\" data-id=\"8aa795c\" data-element_type=\"section\">\n\t\t\t\t\t\t<div class=\"elementor-container elementor-column-gap-default\">\n\t\t\t\t\t<div class=\"elementor-column elementor-col-100 elementor-top-column elementor-element elementor-element-f2b00fe\" data-id=\"f2b00fe\" data-element_type=\"column\">\n\t\t\t<div class=\"elementor-widget-wrap elementor-element-populated\">\n\t\t\t\t\t\t\t\t<div class=\"elementor-element elementor-element-43801ba elementor-widget elementor-widget-text-editor\" data-id=\"43801ba\" data-element_type=\"widget\" data-widget_type=\"text-editor.default\">\n\t\t\t\t<div class=\"elementor-widget-container\">\n\t\t\t<style>\/*! elementor - v3.13.3 - 28-05-2023 *\/\n.elementor-widget-text-editor.elementor-drop-cap-view-stacked .elementor-drop-cap{background-color:#69727d;color:#fff}.elementor-widget-text-editor.elementor-drop-cap-view-framed .elementor-drop-cap{color:#69727d;border:3px solid;background-color:transparent}.elementor-widget-text-editor:not(.elementor-drop-cap-view-default) .elementor-drop-cap{margin-top:8px}.elementor-widget-text-editor:not(.elementor-drop-cap-view-default) .elementor-drop-cap-letter{width:1em;height:1em}.elementor-widget-text-editor .elementor-drop-cap{float:left;text-align:center;line-height:1;font-size:50px}.elementor-widget-text-editor .elementor-drop-cap-letter{display:inline-block}<\/style>\t\t\t\t<p>Wir legen Wert auf die Beziehungen zu unseren Gesch\u00e4ftspartnern und sind daher fair, offen und transparent im Umgang mit ihnen.<\/p><p>Im Gegenzug erwarten wir von ihnen, dass sie unser Engagement f\u00fcr ethische, sichere und verantwortungsvolle Gesch\u00e4ftspraktiken teilen.<\/p>\n<p><b>Was bedeutet unser Engagement in der Praxis?<\/b><\/p>\n<p>Wir achten darauf, dass wir nur mit Gesch\u00e4ftspartnern zusammenarbeiten, die unser Engagement f\u00fcr ethische Gesch\u00e4ftspraktiken und Verhaltensweisen teilen.<\/p>\n<p>Wir behandeln unsere Gesch\u00e4ftspartner mit Respekt.<\/p>\n<p>Wir arbeiten mit unseren Gesch\u00e4ftspartnern zusammen, damit sie unsere Erwartungen verstehen.<\/p>\n<p>Wir verlangen von unseren Gesch\u00e4ftspartnern keine Arbeitsweise, die sie oder ihre Mitarbeiter einem Risiko aussetzt.<\/p>\n<p>Wir fordern unsere Gesch\u00e4ftspartner niemals auf, in einer Weise zu handeln, die gegen das Gesetz, unsere Werte oder unseren Kodex verst\u00f6\u00dft.<\/p>\n<p>Wir ergreifen Ma\u00dfnahmen, wenn unsere Gesch\u00e4ftspartner gegen das Gesetz versto\u00dfen.<\/p>\n<p>Wir machen unseren Einfluss auf Joint Ventures geltend, die wir nicht kontrollieren, um sie zu ermutigen, im Einklang mit unseren Werten und unserem Kodex zu handeln.<\/p>\n<p>Zu unseren Gesch\u00e4ftspartnern geh\u00f6ren unsere Lieferanten, Kunden, Joint Ventures, Joint-Venture-Partner, Dienstleister und andere Kontrahenten.<\/p>\t\t\t\t\t\t<\/div>\n\t\t\t\t<\/div>\n\t\t\t\t\t<\/div>\n\t\t<\/div>\n\t\t\t\t\t\t\t<\/div>\n\t\t<\/section>\n\t\t\t\t\t\t\t<\/div>\n\t\t","protected":false},"excerpt":{"rendered":"<p>Unsere Gesch\u00e4ftspartner Wir legen Wert auf die Beziehungen zu unseren Gesch\u00e4ftspartnern und sind daher fair, offen und transparent im Umgang mit ihnen. Im Gegenzug erwarten wir von ihnen, dass sie unser Engagement f\u00fcr ethische, sichere und verantwortungsvolle Gesch\u00e4ftspraktiken teilen. Was bedeutet unser Engagement in der Praxis? Wir achten darauf, dass wir nur mit Gesch\u00e4ftspartnern zusammenarbeiten, &hellip;<\/p>\n<p class=\"read-more\"> <a class=\"\" href=\"https:\/\/zumex-invest.com\/de\/wer-wir-sind\/unsere-geschaeftspartner\"> <span class=\"screen-reader-text\">Unsere Gesch\u00e4ftspartner<\/span> Weiterlesen &raquo;<\/a><\/p>\n","protected":false},"author":1,"featured_media":0,"parent":534,"menu_order":23,"comment_status":"closed","ping_status":"closed","template":"","meta":{"site-sidebar-layout":"no-sidebar","site-content-layout":"page-builder","ast-global-header-display":"","ast-main-header-display":"","ast-hfb-above-header-display":"","ast-hfb-below-header-display":"","ast-hfb-mobile-header-display":"","site-post-title":"disabled","ast-breadcrumbs-content":"","ast-featured-img":"disabled","footer-sml-layout":"","theme-transparent-header-meta":"","adv-header-id-meta":"","stick-header-meta":"","header-above-stick-meta":"","header-main-stick-meta":"","header-below-stick-meta":"","footnotes":""},"class_list":["post-542","page","type-page","status-publish","hentry"],"_links":{"self":[{"href":"https:\/\/zumex-invest.com\/de\/wp-json\/wp\/v2\/pages\/542","targetHints":{"allow":["GET"]}}],"collection":[{"href":"https:\/\/zumex-invest.com\/de\/wp-json\/wp\/v2\/pages"}],"about":[{"href":"https:\/\/zumex-invest.com\/de\/wp-json\/wp\/v2\/types\/page"}],"author":[{"embeddable":true,"href":"https:\/\/zumex-invest.com\/de\/wp-json\/wp\/v2\/users\/1"}],"replies":[{"embeddable":true,"href":"https:\/\/zumex-invest.com\/de\/wp-json\/wp\/v2\/comments?post=542"}],"version-history":[{"count":1,"href":"https:\/\/zumex-invest.com\/de\/wp-json\/wp\/v2\/pages\/542\/revisions"}],"predecessor-version":[{"id":543,"href":"https:\/\/zumex-invest.com\/de\/wp-json\/wp\/v2\/pages\/542\/revisions\/543"}],"up":[{"embeddable":true,"href":"https:\/\/zumex-invest.com\/de\/wp-json\/wp\/v2\/pages\/534"}],"wp:attachment":[{"href":"https:\/\/zumex-invest.com\/de\/wp-json\/wp\/v2\/media?parent=542"}],"curies":[{"name":"wp","href":"https:\/\/api.w.org\/{rel}","templated":true}]}}