{"id":549,"date":"2023-05-01T18:48:55","date_gmt":"2023-05-01T18:48:55","guid":{"rendered":"https:\/\/zumex-invest.com\/was-wir-tun\/zucker"},"modified":"2023-07-11T21:10:11","modified_gmt":"2023-07-11T21:10:11","slug":"zucker","status":"publish","type":"page","link":"https:\/\/zumex-invest.com\/de\/was-wir-tun\/zucker","title":{"rendered":"Zucker"},"content":{"rendered":"\t\t<div data-elementor-type=\"wp-page\" data-elementor-id=\"549\" class=\"elementor elementor-549 elementor-58\">\n\t\t\t\t\t\t\t\t\t<section class=\"elementor-section elementor-top-section elementor-element elementor-element-ff0a0ea elementor-section-boxed elementor-section-height-default elementor-section-height-default\" data-id=\"ff0a0ea\" data-element_type=\"section\" data-settings=\"{&quot;background_background&quot;:&quot;classic&quot;}\">\n\t\t\t\t\t\t\t<div class=\"elementor-background-overlay\"><\/div>\n\t\t\t\t\t\t\t<div class=\"elementor-container elementor-column-gap-default\">\n\t\t\t\t\t<div class=\"elementor-column elementor-col-100 elementor-top-column elementor-element elementor-element-35f2dab\" data-id=\"35f2dab\" data-element_type=\"column\">\n\t\t\t<div class=\"elementor-widget-wrap elementor-element-populated\">\n\t\t\t\t\t\t\t\t<div class=\"elementor-element elementor-element-0488803 elementor-widget elementor-widget-heading\" data-id=\"0488803\" data-element_type=\"widget\" data-widget_type=\"heading.default\">\n\t\t\t\t<div class=\"elementor-widget-container\">\n\t\t\t<style>\/*! elementor - v3.13.3 - 28-05-2023 *\/\n.elementor-heading-title{padding:0;margin:0;line-height:1}.elementor-widget-heading .elementor-heading-title[class*=elementor-size-]>a{color:inherit;font-size:inherit;line-height:inherit}.elementor-widget-heading .elementor-heading-title.elementor-size-small{font-size:15px}.elementor-widget-heading .elementor-heading-title.elementor-size-medium{font-size:19px}.elementor-widget-heading .elementor-heading-title.elementor-size-large{font-size:29px}.elementor-widget-heading .elementor-heading-title.elementor-size-xl{font-size:39px}.elementor-widget-heading .elementor-heading-title.elementor-size-xxl{font-size:59px}<\/style><h1 class=\"elementor-heading-title elementor-size-default\">Zucker<\/h1>\t\t<\/div>\n\t\t\t\t<\/div>\n\t\t\t\t\t<\/div>\n\t\t<\/div>\n\t\t\t\t\t\t\t<\/div>\n\t\t<\/section>\n\t\t\t\t<section class=\"elementor-section elementor-top-section elementor-element elementor-element-8aa795c elementor-section-boxed elementor-section-height-default elementor-section-height-default\" data-id=\"8aa795c\" data-element_type=\"section\">\n\t\t\t\t\t\t<div class=\"elementor-container elementor-column-gap-default\">\n\t\t\t\t\t<div class=\"elementor-column elementor-col-100 elementor-top-column elementor-element elementor-element-f2b00fe\" data-id=\"f2b00fe\" data-element_type=\"column\">\n\t\t\t<div class=\"elementor-widget-wrap elementor-element-populated\">\n\t\t\t\t\t\t\t\t<div class=\"elementor-element elementor-element-19ac653 elementor-widget elementor-widget-text-editor\" data-id=\"19ac653\" data-element_type=\"widget\" data-widget_type=\"text-editor.default\">\n\t\t\t\t<div class=\"elementor-widget-container\">\n\t\t\t<style>\/*! elementor - v3.13.3 - 28-05-2023 *\/\n.elementor-widget-text-editor.elementor-drop-cap-view-stacked .elementor-drop-cap{background-color:#69727d;color:#fff}.elementor-widget-text-editor.elementor-drop-cap-view-framed .elementor-drop-cap{color:#69727d;border:3px solid;background-color:transparent}.elementor-widget-text-editor:not(.elementor-drop-cap-view-default) .elementor-drop-cap{margin-top:8px}.elementor-widget-text-editor:not(.elementor-drop-cap-view-default) .elementor-drop-cap-letter{width:1em;height:1em}.elementor-widget-text-editor .elementor-drop-cap{float:left;text-align:center;line-height:1;font-size:50px}.elementor-widget-text-editor .elementor-drop-cap-letter{display:inline-block}<\/style>\t\t\t\t<p>Es ist bekannt, dass ein L\u00f6ffel Zucker die Wirkung der Medizin unterst\u00fctzt. Aber Zucker ist nicht nur ein S\u00fc\u00dfungsmittel. Es dient auch als Konservierungsmittel, Texturver\u00e4nderer, Geschmacks- und Farbstoff, Fermentationssubstrat und F\u00fcllstoff in einer Vielzahl von lebensmitteltechnologischen Anwendungen.<\/p>\n<p>Wir sind in 3 L\u00e4ndern t\u00e4tig und verf\u00fcgen \u00fcber ein umfangreiches Netz von Herkunfts- und Zielorten, das durch hervorragende Marktinformationen und Forschungskapazit\u00e4ten unterst\u00fctzt wird.<\/p>\n<p>Neben Rohzucker und raffiniertem Zucker bieten wir heute eine breite Palette von S\u00fc\u00dfungsmitteln f\u00fcr eine Vielzahl von Produktions- und Konsumzwecken an.<\/p>\n<p>Unsere Zuckerprodukte:<\/p>\n\t\t\t\t\t\t<\/div>\n\t\t\t\t<\/div>\n\t\t\t\t\t<\/div>\n\t\t<\/div>\n\t\t\t\t\t\t\t<\/div>\n\t\t<\/section>\n\t\t\t\t<section class=\"elementor-section elementor-top-section elementor-element elementor-element-d785523 elementor-section-boxed elementor-section-height-default elementor-section-height-default\" data-id=\"d785523\" data-element_type=\"section\">\n\t\t\t\t\t\t<div class=\"elementor-container elementor-column-gap-default\">\n\t\t\t\t\t<div class=\"elementor-column elementor-col-33 elementor-top-column elementor-element elementor-element-4267bc7\" data-id=\"4267bc7\" data-element_type=\"column\">\n\t\t\t<div class=\"elementor-widget-wrap elementor-element-populated\">\n\t\t\t\t\t\t\t\t<div class=\"elementor-element elementor-element-5418890 elementor-widget elementor-widget-image\" data-id=\"5418890\" data-element_type=\"widget\" data-widget_type=\"image.default\">\n\t\t\t\t<div class=\"elementor-widget-container\">\n\t\t\t<style>\/*! elementor - v3.13.3 - 28-05-2023 *\/\n.elementor-widget-image{text-align:center}.elementor-widget-image a{display:inline-block}.elementor-widget-image a img[src$=\".svg\"]{width:48px}.elementor-widget-image img{vertical-align:middle;display:inline-block}<\/style>\t\t\t\t\t\t\t\t\t\t\t\t<img loading=\"lazy\" decoding=\"async\" width=\"1024\" height=\"682\" src=\"https:\/\/zumex-invest.com\/wp-content\/uploads\/2023\/05\/background-g7fa6f3ece_1280-1024x682.jpg\" class=\"attachment-large size-large wp-image-181\" alt=\"\" srcset=\"https:\/\/zumex-invest.com\/wp-content\/uploads\/2023\/05\/background-g7fa6f3ece_1280-1024x682.jpg 1024w, https:\/\/zumex-invest.com\/wp-content\/uploads\/2023\/05\/background-g7fa6f3ece_1280-300x200.jpg 300w, https:\/\/zumex-invest.com\/wp-content\/uploads\/2023\/05\/background-g7fa6f3ece_1280-768x512.jpg 768w, https:\/\/zumex-invest.com\/wp-content\/uploads\/2023\/05\/background-g7fa6f3ece_1280.jpg 1280w\" sizes=\"auto, (max-width: 1024px) 100vw, 1024px\" \/>\t\t\t\t\t\t\t\t\t\t\t\t\t\t\t<\/div>\n\t\t\t\t<\/div>\n\t\t\t\t<div class=\"elementor-element elementor-element-6831589 elementor-widget elementor-widget-heading\" data-id=\"6831589\" data-element_type=\"widget\" data-widget_type=\"heading.default\">\n\t\t\t\t<div class=\"elementor-widget-container\">\n\t\t\t<h2 class=\"elementor-heading-title elementor-size-default\">R\u00fcbenzucker<\/h2>\t\t<\/div>\n\t\t\t\t<\/div>\n\t\t\t\t<div class=\"elementor-element elementor-element-1c309ab elementor-widget elementor-widget-text-editor\" data-id=\"1c309ab\" data-element_type=\"widget\" data-widget_type=\"text-editor.default\">\n\t\t\t\t<div class=\"elementor-widget-container\">\n\t\t\t\t\t\t\t<p>In der Ukraine kaufen wir Wei\u00dfzucker aus Zuckerr\u00fcben und exportieren ihn auf internationale M\u00e4rkte.<\/p>\n\t\t\t\t\t\t<\/div>\n\t\t\t\t<\/div>\n\t\t\t\t\t<\/div>\n\t\t<\/div>\n\t\t\t\t<div class=\"elementor-column elementor-col-33 elementor-top-column elementor-element elementor-element-4f68d68\" data-id=\"4f68d68\" data-element_type=\"column\">\n\t\t\t<div class=\"elementor-widget-wrap elementor-element-populated\">\n\t\t\t\t\t\t\t\t<div class=\"elementor-element elementor-element-52545be elementor-widget elementor-widget-image\" data-id=\"52545be\" data-element_type=\"widget\" data-widget_type=\"image.default\">\n\t\t\t\t<div class=\"elementor-widget-container\">\n\t\t\t\t\t\t\t\t\t\t\t\t\t\t\t<img loading=\"lazy\" decoding=\"async\" width=\"1024\" height=\"683\" src=\"https:\/\/zumex-invest.com\/wp-content\/uploads\/2023\/05\/anise-ge40ea4bf4_1920-1024x683.jpg\" class=\"attachment-large size-large wp-image-62\" alt=\"\" srcset=\"https:\/\/zumex-invest.com\/wp-content\/uploads\/2023\/05\/anise-ge40ea4bf4_1920-1024x683.jpg 1024w, https:\/\/zumex-invest.com\/wp-content\/uploads\/2023\/05\/anise-ge40ea4bf4_1920-300x200.jpg 300w, https:\/\/zumex-invest.com\/wp-content\/uploads\/2023\/05\/anise-ge40ea4bf4_1920-768x512.jpg 768w, https:\/\/zumex-invest.com\/wp-content\/uploads\/2023\/05\/anise-ge40ea4bf4_1920-1536x1024.jpg 1536w, https:\/\/zumex-invest.com\/wp-content\/uploads\/2023\/05\/anise-ge40ea4bf4_1920.jpg 1920w\" sizes=\"auto, (max-width: 1024px) 100vw, 1024px\" \/>\t\t\t\t\t\t\t\t\t\t\t\t\t\t\t<\/div>\n\t\t\t\t<\/div>\n\t\t\t\t<div class=\"elementor-element elementor-element-b07a195 elementor-widget elementor-widget-heading\" data-id=\"b07a195\" data-element_type=\"widget\" data-widget_type=\"heading.default\">\n\t\t\t\t<div class=\"elementor-widget-container\">\n\t\t\t<h2 class=\"elementor-heading-title elementor-size-default\">Brauner Zucker<\/h2>\t\t<\/div>\n\t\t\t\t<\/div>\n\t\t\t\t<div class=\"elementor-element elementor-element-6aaf9b1 elementor-widget elementor-widget-text-editor\" data-id=\"6aaf9b1\" data-element_type=\"widget\" data-widget_type=\"text-editor.default\">\n\t\t\t\t<div class=\"elementor-widget-container\">\n\t\t\t\t\t\t\t<p>Unser brauner Zucker wird durch die Kombination von granuliertem wei\u00dfem Rohrzucker mit Melasse hergestellt, wodurch ein kr\u00e4ftiger bis milder Rohrmelassegeschmack entsteht. Sie variieren in der Tiefe der Farbe:<\/p>\n<p>Dunkelbrauner Zucker<br \/><span style=\"font-size: 16px;\">Mittlerer brauner Zucker<br \/><\/span><span style=\"font-size: 16px;\">Heller brauner Zucker<\/span><\/p>\n<p>Anwendungen<\/p>\n<p>Brauner Zucker kann in zahlreichen Anwendungen eingesetzt werden, wie z. B.:<\/p>\n<p>Lebkuchen<br \/>Gebackene Bohnen<br \/>Cookies<br \/>Brote<br \/>Muffins<br \/>Gew\u00fcrze<br \/>Glasuren<br \/>Geb\u00e4ck<\/p>\n\t\t\t\t\t\t<\/div>\n\t\t\t\t<\/div>\n\t\t\t\t\t<\/div>\n\t\t<\/div>\n\t\t\t\t<div class=\"elementor-column elementor-col-33 elementor-top-column elementor-element elementor-element-68635c6\" data-id=\"68635c6\" data-element_type=\"column\">\n\t\t\t<div class=\"elementor-widget-wrap elementor-element-populated\">\n\t\t\t\t\t\t\t\t<div class=\"elementor-element elementor-element-d0796b8 elementor-widget elementor-widget-image\" data-id=\"d0796b8\" data-element_type=\"widget\" data-widget_type=\"image.default\">\n\t\t\t\t<div class=\"elementor-widget-container\">\n\t\t\t\t\t\t\t\t\t\t\t\t\t\t\t<img loading=\"lazy\" decoding=\"async\" width=\"1024\" height=\"692\" src=\"https:\/\/zumex-invest.com\/wp-content\/uploads\/2023\/05\/cube-ga66970e23_1920-1024x692.jpg\" class=\"attachment-large size-large wp-image-60\" alt=\"\" srcset=\"https:\/\/zumex-invest.com\/wp-content\/uploads\/2023\/05\/cube-ga66970e23_1920-1024x692.jpg 1024w, https:\/\/zumex-invest.com\/wp-content\/uploads\/2023\/05\/cube-ga66970e23_1920-300x203.jpg 300w, https:\/\/zumex-invest.com\/wp-content\/uploads\/2023\/05\/cube-ga66970e23_1920-768x519.jpg 768w, https:\/\/zumex-invest.com\/wp-content\/uploads\/2023\/05\/cube-ga66970e23_1920-1536x1038.jpg 1536w, https:\/\/zumex-invest.com\/wp-content\/uploads\/2023\/05\/cube-ga66970e23_1920.jpg 1920w\" sizes=\"auto, (max-width: 1024px) 100vw, 1024px\" \/>\t\t\t\t\t\t\t\t\t\t\t\t\t\t\t<\/div>\n\t\t\t\t<\/div>\n\t\t\t\t<div class=\"elementor-element elementor-element-0e28586 elementor-widget elementor-widget-heading\" data-id=\"0e28586\" data-element_type=\"widget\" data-widget_type=\"heading.default\">\n\t\t\t\t<div class=\"elementor-widget-container\">\n\t\t\t<h2 class=\"elementor-heading-title elementor-size-default\">Extra feiner Kristallzucker<\/h2>\t\t<\/div>\n\t\t\t\t<\/div>\n\t\t\t\t<div class=\"elementor-element elementor-element-31a780d elementor-widget elementor-widget-text-editor\" data-id=\"31a780d\" data-element_type=\"widget\" data-widget_type=\"text-editor.default\">\n\t\t\t\t<div class=\"elementor-widget-container\">\n\t\t\t\t\t\t\t<p>Unser extrafeiner Kristallzucker ist ein idealer Allzweck-Rohrzucker, der aus dem besten angebauten Rohrohrzucker hergestellt wird. Das Zuckerrohr wird geerntet und zu den Raffinerien transportiert, wo es zu reinem, nat\u00fcrlichem Rohrzucker raffiniert wird. Es ist von wei\u00dfer Farbe und hat einen Saccharosegehalt von 99,9 %.<br \/>Wir vermarkten auch einen Baker&#8217;s Special Granulated Sugar, der noch feiner gek\u00f6rnt ist.<\/p>\n<p>Anwendungen<\/p>\n<p>Unser extrafeiner Kristallzucker kann in zahlreichen Anwendungen sowohl in der Lebensmittel- als auch in der Non-Food-Industrie eingesetzt werden, z. B:<\/p>\n<p>Backen<br \/>Tiefk\u00fchlkost<br \/>Bewahrung von<br \/>Pharmazeutische<br \/>S\u00fc\u00dfwaren<br \/>Canning<br \/>Getr\u00e4nke<br \/>Toppings<\/p>\n\t\t\t\t\t\t<\/div>\n\t\t\t\t<\/div>\n\t\t\t\t\t<\/div>\n\t\t<\/div>\n\t\t\t\t\t\t\t<\/div>\n\t\t<\/section>\n\t\t\t\t\t\t\t<\/div>\n\t\t","protected":false},"excerpt":{"rendered":"<p>Zucker Es ist bekannt, dass ein L\u00f6ffel Zucker die Wirkung der Medizin unterst\u00fctzt. Aber Zucker ist nicht nur ein S\u00fc\u00dfungsmittel. Es dient auch als Konservierungsmittel, Texturver\u00e4nderer, Geschmacks- und Farbstoff, Fermentationssubstrat und F\u00fcllstoff in einer Vielzahl von lebensmitteltechnologischen Anwendungen. Wir sind in 3 L\u00e4ndern t\u00e4tig und verf\u00fcgen \u00fcber ein umfangreiches Netz von Herkunfts- und Zielorten, das &hellip;<\/p>\n<p class=\"read-more\"> <a class=\"\" href=\"https:\/\/zumex-invest.com\/de\/was-wir-tun\/zucker\"> <span class=\"screen-reader-text\">Zucker<\/span> Weiterlesen &raquo;<\/a><\/p>\n","protected":false},"author":1,"featured_media":0,"parent":547,"menu_order":31,"comment_status":"closed","ping_status":"closed","template":"","meta":{"site-sidebar-layout":"no-sidebar","site-content-layout":"page-builder","ast-global-header-display":"","ast-main-header-display":"","ast-hfb-above-header-display":"","ast-hfb-below-header-display":"","ast-hfb-mobile-header-display":"","site-post-title":"disabled","ast-breadcrumbs-content":"","ast-featured-img":"disabled","footer-sml-layout":"","theme-transparent-header-meta":"","adv-header-id-meta":"","stick-header-meta":"","header-above-stick-meta":"","header-main-stick-meta":"","header-below-stick-meta":"","footnotes":""},"class_list":["post-549","page","type-page","status-publish","hentry"],"_links":{"self":[{"href":"https:\/\/zumex-invest.com\/de\/wp-json\/wp\/v2\/pages\/549","targetHints":{"allow":["GET"]}}],"collection":[{"href":"https:\/\/zumex-invest.com\/de\/wp-json\/wp\/v2\/pages"}],"about":[{"href":"https:\/\/zumex-invest.com\/de\/wp-json\/wp\/v2\/types\/page"}],"author":[{"embeddable":true,"href":"https:\/\/zumex-invest.com\/de\/wp-json\/wp\/v2\/users\/1"}],"replies":[{"embeddable":true,"href":"https:\/\/zumex-invest.com\/de\/wp-json\/wp\/v2\/comments?post=549"}],"version-history":[{"count":2,"href":"https:\/\/zumex-invest.com\/de\/wp-json\/wp\/v2\/pages\/549\/revisions"}],"predecessor-version":[{"id":551,"href":"https:\/\/zumex-invest.com\/de\/wp-json\/wp\/v2\/pages\/549\/revisions\/551"}],"up":[{"embeddable":true,"href":"https:\/\/zumex-invest.com\/de\/wp-json\/wp\/v2\/pages\/547"}],"wp:attachment":[{"href":"https:\/\/zumex-invest.com\/de\/wp-json\/wp\/v2\/media?parent=549"}],"curies":[{"name":"wp","href":"https:\/\/api.w.org\/{rel}","templated":true}]}}