{"id":554,"date":"2023-05-01T19:03:57","date_gmt":"2023-05-01T19:03:57","guid":{"rendered":"https:\/\/zumex-invest.com\/was-wir-tun\/speiseoele"},"modified":"2023-07-11T21:10:16","modified_gmt":"2023-07-11T21:10:16","slug":"speiseoele","status":"publish","type":"page","link":"https:\/\/zumex-invest.com\/de\/was-wir-tun\/speiseoele","title":{"rendered":"Speise\u00f6le"},"content":{"rendered":"\t\t<div data-elementor-type=\"wp-page\" data-elementor-id=\"554\" class=\"elementor elementor-554 elementor-83\">\n\t\t\t\t\t\t\t\t\t<section class=\"elementor-section elementor-top-section elementor-element elementor-element-ff0a0ea elementor-section-boxed elementor-section-height-default elementor-section-height-default\" data-id=\"ff0a0ea\" data-element_type=\"section\" data-settings=\"{&quot;background_background&quot;:&quot;classic&quot;}\">\n\t\t\t\t\t\t\t<div class=\"elementor-background-overlay\"><\/div>\n\t\t\t\t\t\t\t<div class=\"elementor-container elementor-column-gap-default\">\n\t\t\t\t\t<div class=\"elementor-column elementor-col-100 elementor-top-column elementor-element elementor-element-35f2dab\" data-id=\"35f2dab\" data-element_type=\"column\">\n\t\t\t<div class=\"elementor-widget-wrap elementor-element-populated\">\n\t\t\t\t\t\t\t\t<div class=\"elementor-element elementor-element-0488803 elementor-widget elementor-widget-heading\" data-id=\"0488803\" data-element_type=\"widget\" data-widget_type=\"heading.default\">\n\t\t\t\t<div class=\"elementor-widget-container\">\n\t\t\t<style>\/*! elementor - v3.13.3 - 28-05-2023 *\/\n.elementor-heading-title{padding:0;margin:0;line-height:1}.elementor-widget-heading .elementor-heading-title[class*=elementor-size-]>a{color:inherit;font-size:inherit;line-height:inherit}.elementor-widget-heading .elementor-heading-title.elementor-size-small{font-size:15px}.elementor-widget-heading .elementor-heading-title.elementor-size-medium{font-size:19px}.elementor-widget-heading .elementor-heading-title.elementor-size-large{font-size:29px}.elementor-widget-heading .elementor-heading-title.elementor-size-xl{font-size:39px}.elementor-widget-heading .elementor-heading-title.elementor-size-xxl{font-size:59px}<\/style><h1 class=\"elementor-heading-title elementor-size-default\">Speise\u00f6le<\/h1>\t\t<\/div>\n\t\t\t\t<\/div>\n\t\t\t\t\t<\/div>\n\t\t<\/div>\n\t\t\t\t\t\t\t<\/div>\n\t\t<\/section>\n\t\t\t\t<section class=\"elementor-section elementor-top-section elementor-element elementor-element-8aa795c elementor-section-boxed elementor-section-height-default elementor-section-height-default\" data-id=\"8aa795c\" data-element_type=\"section\">\n\t\t\t\t\t\t<div class=\"elementor-container elementor-column-gap-default\">\n\t\t\t\t\t<div class=\"elementor-column elementor-col-100 elementor-top-column elementor-element elementor-element-f2b00fe\" data-id=\"f2b00fe\" data-element_type=\"column\">\n\t\t\t<div class=\"elementor-widget-wrap elementor-element-populated\">\n\t\t\t\t\t\t\t\t<div class=\"elementor-element elementor-element-19ac653 elementor-widget elementor-widget-text-editor\" data-id=\"19ac653\" data-element_type=\"widget\" data-widget_type=\"text-editor.default\">\n\t\t\t\t<div class=\"elementor-widget-container\">\n\t\t\t<style>\/*! elementor - v3.13.3 - 28-05-2023 *\/\n.elementor-widget-text-editor.elementor-drop-cap-view-stacked .elementor-drop-cap{background-color:#69727d;color:#fff}.elementor-widget-text-editor.elementor-drop-cap-view-framed .elementor-drop-cap{color:#69727d;border:3px solid;background-color:transparent}.elementor-widget-text-editor:not(.elementor-drop-cap-view-default) .elementor-drop-cap{margin-top:8px}.elementor-widget-text-editor:not(.elementor-drop-cap-view-default) .elementor-drop-cap-letter{width:1em;height:1em}.elementor-widget-text-editor .elementor-drop-cap{float:left;text-align:center;line-height:1;font-size:50px}.elementor-widget-text-editor .elementor-drop-cap-letter{display:inline-block}<\/style>\t\t\t\t<p>Es ist wahrscheinlich keine \u00dcberraschung, dass einige Margarinen Speise\u00f6l enthalten. Aber was ist mit Geb\u00e4ck, Zuckerguss oder Schokolade? Tats\u00e4chlich finden sich Speise\u00f6lprodukte in einer bemerkenswerten Bandbreite von allt\u00e4glichen Lebensmitteln und Getr\u00e4nken.<\/p>\n<p>Sie gewinnen Mais\u00f6l aus Mais und verarbeiten und vermarkten die gesamte Palette der \u00d6lsaaten &#8211; einschlie\u00dflich Sonnenblumenkernen, Raps und Canola -, aber Palm- und Soja\u00f6l sind die Hauptquellen f\u00fcr Speise\u00f6le.<\/p>\n<p>Verarbeitete Sojabohnen, sowohl fl\u00fcssig als auch teilweise hydriert, sind eine wichtige Zutat f\u00fcr eine Vielzahl von Speise\u00f6len, Salatdressings und verarbeiteten Lebensmitteln. Palm\u00f6l ist das am meisten konsumierte Pflanzen\u00f6l der Welt und wird f\u00fcr eine Vielzahl von Speiseprodukten verwendet.<\/p>\n\t\t\t\t\t\t<\/div>\n\t\t\t\t<\/div>\n\t\t\t\t\t<\/div>\n\t\t<\/div>\n\t\t\t\t\t\t\t<\/div>\n\t\t<\/section>\n\t\t\t\t<section class=\"elementor-section elementor-top-section elementor-element elementor-element-d785523 elementor-section-boxed elementor-section-height-default elementor-section-height-default\" data-id=\"d785523\" data-element_type=\"section\">\n\t\t\t\t\t\t<div class=\"elementor-container elementor-column-gap-default\">\n\t\t\t\t\t<div class=\"elementor-column elementor-col-33 elementor-top-column elementor-element elementor-element-4267bc7\" data-id=\"4267bc7\" data-element_type=\"column\">\n\t\t\t<div class=\"elementor-widget-wrap elementor-element-populated\">\n\t\t\t\t\t\t\t\t<div class=\"elementor-element elementor-element-d0796b8 elementor-widget elementor-widget-image\" data-id=\"d0796b8\" data-element_type=\"widget\" data-widget_type=\"image.default\">\n\t\t\t\t<div class=\"elementor-widget-container\">\n\t\t\t<style>\/*! elementor - v3.13.3 - 28-05-2023 *\/\n.elementor-widget-image{text-align:center}.elementor-widget-image a{display:inline-block}.elementor-widget-image a img[src$=\".svg\"]{width:48px}.elementor-widget-image img{vertical-align:middle;display:inline-block}<\/style>\t\t\t\t\t\t\t\t\t\t\t\t<img loading=\"lazy\" decoding=\"async\" width=\"1024\" height=\"685\" src=\"https:\/\/zumex-invest.com\/wp-content\/uploads\/2023\/05\/garden-g268a3f336_1920-1024x685.jpg\" class=\"attachment-large size-large wp-image-87\" alt=\"\" srcset=\"https:\/\/zumex-invest.com\/wp-content\/uploads\/2023\/05\/garden-g268a3f336_1920-1024x685.jpg 1024w, https:\/\/zumex-invest.com\/wp-content\/uploads\/2023\/05\/garden-g268a3f336_1920-300x201.jpg 300w, https:\/\/zumex-invest.com\/wp-content\/uploads\/2023\/05\/garden-g268a3f336_1920-768x514.jpg 768w, https:\/\/zumex-invest.com\/wp-content\/uploads\/2023\/05\/garden-g268a3f336_1920-1536x1028.jpg 1536w, https:\/\/zumex-invest.com\/wp-content\/uploads\/2023\/05\/garden-g268a3f336_1920.jpg 1920w\" sizes=\"auto, (max-width: 1024px) 100vw, 1024px\" \/>\t\t\t\t\t\t\t\t\t\t\t\t\t\t\t<\/div>\n\t\t\t\t<\/div>\n\t\t\t\t<div class=\"elementor-element elementor-element-6831589 elementor-widget elementor-widget-heading\" data-id=\"6831589\" data-element_type=\"widget\" data-widget_type=\"heading.default\">\n\t\t\t\t<div class=\"elementor-widget-container\">\n\t\t\t<h2 class=\"elementor-heading-title elementor-size-default\">Raps\u00f6l\n<\/h2>\t\t<\/div>\n\t\t\t\t<\/div>\n\t\t\t\t<div class=\"elementor-element elementor-element-1c309ab elementor-widget elementor-widget-text-editor\" data-id=\"1c309ab\" data-element_type=\"widget\" data-widget_type=\"text-editor.default\">\n\t\t\t\t<div class=\"elementor-widget-container\">\n\t\t\t\t\t\t\t<p>Raps\u00f6l wird aus einer Rapssorte gewonnen, die wenig Erucas\u00e4ure, eine einfach unges\u00e4ttigte Omega-9-Fetts\u00e4ure, enth\u00e4lt. Damit ein Saatgut als &#8222;Raps&#8220; bezeichnet werden kann, muss es weniger als 2 % Erucas\u00e4ure enthalten. In der Lebensmittelproduktion wird Raps\u00f6l haupts\u00e4chlich als Speise\u00f6l verwendet.<\/p>\n\t\t\t\t\t\t<\/div>\n\t\t\t\t<\/div>\n\t\t\t\t\t<\/div>\n\t\t<\/div>\n\t\t\t\t<div class=\"elementor-column elementor-col-33 elementor-top-column elementor-element elementor-element-4f68d68\" data-id=\"4f68d68\" data-element_type=\"column\">\n\t\t\t<div class=\"elementor-widget-wrap elementor-element-populated\">\n\t\t\t\t\t\t\t\t<div class=\"elementor-element elementor-element-52545be elementor-widget elementor-widget-image\" data-id=\"52545be\" data-element_type=\"widget\" data-widget_type=\"image.default\">\n\t\t\t\t<div class=\"elementor-widget-container\">\n\t\t\t\t\t\t\t\t\t\t\t\t\t\t\t<img loading=\"lazy\" decoding=\"async\" width=\"1024\" height=\"683\" src=\"https:\/\/zumex-invest.com\/wp-content\/uploads\/2023\/05\/flower-gb203905c2_1920-1024x683.jpg\" class=\"attachment-large size-large wp-image-88\" alt=\"\" srcset=\"https:\/\/zumex-invest.com\/wp-content\/uploads\/2023\/05\/flower-gb203905c2_1920-1024x683.jpg 1024w, https:\/\/zumex-invest.com\/wp-content\/uploads\/2023\/05\/flower-gb203905c2_1920-300x200.jpg 300w, https:\/\/zumex-invest.com\/wp-content\/uploads\/2023\/05\/flower-gb203905c2_1920-768x512.jpg 768w, https:\/\/zumex-invest.com\/wp-content\/uploads\/2023\/05\/flower-gb203905c2_1920-1536x1025.jpg 1536w, https:\/\/zumex-invest.com\/wp-content\/uploads\/2023\/05\/flower-gb203905c2_1920.jpg 1920w\" sizes=\"auto, (max-width: 1024px) 100vw, 1024px\" \/>\t\t\t\t\t\t\t\t\t\t\t\t\t\t\t<\/div>\n\t\t\t\t<\/div>\n\t\t\t\t<div class=\"elementor-element elementor-element-b07a195 elementor-widget elementor-widget-heading\" data-id=\"b07a195\" data-element_type=\"widget\" data-widget_type=\"heading.default\">\n\t\t\t\t<div class=\"elementor-widget-container\">\n\t\t\t<h2 class=\"elementor-heading-title elementor-size-default\">Mais\u00f6l\n<\/h2>\t\t<\/div>\n\t\t\t\t<\/div>\n\t\t\t\t<div class=\"elementor-element elementor-element-6aaf9b1 elementor-widget elementor-widget-text-editor\" data-id=\"6aaf9b1\" data-element_type=\"widget\" data-widget_type=\"text-editor.default\">\n\t\t\t\t<div class=\"elementor-widget-container\">\n\t\t\t\t\t\t\t<p>Mais\u00f6l wird aus Maiskeimen extrahiert. Es wird vor allem als Speise\u00f6l verwendet, da es einen hohen Rauchpunkt von 232\u00b0C hat und sich daher ideal zum Braten eignet. Auch in einigen Margarinen ist es ein wichtiger Bestandteil.<\/p>\n\t\t\t\t\t\t<\/div>\n\t\t\t\t<\/div>\n\t\t\t\t\t<\/div>\n\t\t<\/div>\n\t\t\t\t<div class=\"elementor-column elementor-col-33 elementor-top-column elementor-element elementor-element-68635c6\" data-id=\"68635c6\" data-element_type=\"column\">\n\t\t\t<div class=\"elementor-widget-wrap elementor-element-populated\">\n\t\t\t\t\t\t\t\t<div class=\"elementor-element elementor-element-5418890 elementor-widget elementor-widget-image\" data-id=\"5418890\" data-element_type=\"widget\" data-widget_type=\"image.default\">\n\t\t\t\t<div class=\"elementor-widget-container\">\n\t\t\t\t\t\t\t\t\t\t\t\t\t\t\t<img loading=\"lazy\" decoding=\"async\" width=\"1024\" height=\"683\" src=\"https:\/\/zumex-invest.com\/wp-content\/uploads\/2023\/05\/coconut-g636a78e7f_1920-1024x683.jpg\" class=\"attachment-large size-large wp-image-89\" alt=\"\" srcset=\"https:\/\/zumex-invest.com\/wp-content\/uploads\/2023\/05\/coconut-g636a78e7f_1920-1024x683.jpg 1024w, https:\/\/zumex-invest.com\/wp-content\/uploads\/2023\/05\/coconut-g636a78e7f_1920-300x200.jpg 300w, https:\/\/zumex-invest.com\/wp-content\/uploads\/2023\/05\/coconut-g636a78e7f_1920-768x512.jpg 768w, https:\/\/zumex-invest.com\/wp-content\/uploads\/2023\/05\/coconut-g636a78e7f_1920-1536x1024.jpg 1536w, https:\/\/zumex-invest.com\/wp-content\/uploads\/2023\/05\/coconut-g636a78e7f_1920.jpg 1920w\" sizes=\"auto, (max-width: 1024px) 100vw, 1024px\" \/>\t\t\t\t\t\t\t\t\t\t\t\t\t\t\t<\/div>\n\t\t\t\t<\/div>\n\t\t\t\t<div class=\"elementor-element elementor-element-0e28586 elementor-widget elementor-widget-heading\" data-id=\"0e28586\" data-element_type=\"widget\" data-widget_type=\"heading.default\">\n\t\t\t\t<div class=\"elementor-widget-container\">\n\t\t\t<h2 class=\"elementor-heading-title elementor-size-default\">Rohes Kokosnuss\u00f6l\n<\/h2>\t\t<\/div>\n\t\t\t\t<\/div>\n\t\t\t\t<div class=\"elementor-element elementor-element-31a780d elementor-widget elementor-widget-text-editor\" data-id=\"31a780d\" data-element_type=\"widget\" data-widget_type=\"text-editor.default\">\n\t\t\t\t<div class=\"elementor-widget-container\">\n\t\t\t\t\t\t\t<p>Rohes Kokosnuss\u00f6l wird aus Copa, dem getrockneten Fleisch der fein gereiften Kokosnuss, gepresst. Rohes Kokosnuss\u00f6l wird in der Regel in der Lebensmittel-, Seifen- und oleochemischen Industrie verwendet und kann zu raffiniertem, gebleichtem und desodoriertem Kokosnuss\u00f6l (RBD) oder zu hydriertem Kokosnuss\u00f6l weiterverarbeitet werden.<\/p>\n\t\t\t\t\t\t<\/div>\n\t\t\t\t<\/div>\n\t\t\t\t\t<\/div>\n\t\t<\/div>\n\t\t\t\t\t\t\t<\/div>\n\t\t<\/section>\n\t\t\t\t<section class=\"elementor-section elementor-top-section elementor-element elementor-element-4ab01f1 elementor-section-boxed elementor-section-height-default elementor-section-height-default\" data-id=\"4ab01f1\" data-element_type=\"section\">\n\t\t\t\t\t\t<div class=\"elementor-container elementor-column-gap-default\">\n\t\t\t\t\t<div class=\"elementor-column elementor-col-33 elementor-top-column elementor-element elementor-element-dd63969\" data-id=\"dd63969\" data-element_type=\"column\">\n\t\t\t<div class=\"elementor-widget-wrap elementor-element-populated\">\n\t\t\t\t\t\t\t\t<div class=\"elementor-element elementor-element-bbd0d65 elementor-widget elementor-widget-image\" data-id=\"bbd0d65\" data-element_type=\"widget\" data-widget_type=\"image.default\">\n\t\t\t\t<div class=\"elementor-widget-container\">\n\t\t\t\t\t\t\t\t\t\t\t\t\t\t\t<img loading=\"lazy\" decoding=\"async\" width=\"1024\" height=\"684\" src=\"https:\/\/zumex-invest.com\/wp-content\/uploads\/2023\/05\/fall-gcdaae15b7_1920-1024x684.jpg\" class=\"attachment-large size-large wp-image-90\" alt=\"\" srcset=\"https:\/\/zumex-invest.com\/wp-content\/uploads\/2023\/05\/fall-gcdaae15b7_1920-1024x684.jpg 1024w, https:\/\/zumex-invest.com\/wp-content\/uploads\/2023\/05\/fall-gcdaae15b7_1920-300x200.jpg 300w, https:\/\/zumex-invest.com\/wp-content\/uploads\/2023\/05\/fall-gcdaae15b7_1920-768x513.jpg 768w, https:\/\/zumex-invest.com\/wp-content\/uploads\/2023\/05\/fall-gcdaae15b7_1920-1536x1026.jpg 1536w, https:\/\/zumex-invest.com\/wp-content\/uploads\/2023\/05\/fall-gcdaae15b7_1920.jpg 1920w\" sizes=\"auto, (max-width: 1024px) 100vw, 1024px\" \/>\t\t\t\t\t\t\t\t\t\t\t\t\t\t\t<\/div>\n\t\t\t\t<\/div>\n\t\t\t\t<div class=\"elementor-element elementor-element-eb35f71 elementor-widget elementor-widget-heading\" data-id=\"eb35f71\" data-element_type=\"widget\" data-widget_type=\"heading.default\">\n\t\t\t\t<div class=\"elementor-widget-container\">\n\t\t\t<h2 class=\"elementor-heading-title elementor-size-default\">Rohes Palmkern\u00f6l\n<\/h2>\t\t<\/div>\n\t\t\t\t<\/div>\n\t\t\t\t<div class=\"elementor-element elementor-element-9b4aa59 elementor-widget elementor-widget-text-editor\" data-id=\"9b4aa59\" data-element_type=\"widget\" data-widget_type=\"text-editor.default\">\n\t\t\t\t<div class=\"elementor-widget-container\">\n\t\t\t\t\t\t\t<p>Palmkern\u00f6l wird aus dem Kern der \u00d6lpalmenfrucht gewonnen. Die \u00d6lqualit\u00e4t ist ausgezeichnet, der Anteil der freien Fetts\u00e4uren im Roh\u00f6l liegt im Allgemeinen unter 2 %. Von Natur aus hellgelb, wird es zu einem sehr hellen \u00d6l raffiniert, das sowohl f\u00fcr Speisezwecke als auch f\u00fcr andere Zwecke verwendet wird.<\/p>\n\t\t\t\t\t\t<\/div>\n\t\t\t\t<\/div>\n\t\t\t\t\t<\/div>\n\t\t<\/div>\n\t\t\t\t<div class=\"elementor-column elementor-col-33 elementor-top-column elementor-element elementor-element-dfd9f35\" data-id=\"dfd9f35\" data-element_type=\"column\">\n\t\t\t<div class=\"elementor-widget-wrap elementor-element-populated\">\n\t\t\t\t\t\t\t\t<div class=\"elementor-element elementor-element-4ab3921 elementor-widget elementor-widget-image\" data-id=\"4ab3921\" data-element_type=\"widget\" data-widget_type=\"image.default\">\n\t\t\t\t<div class=\"elementor-widget-container\">\n\t\t\t\t\t\t\t\t\t\t\t\t\t\t\t<img loading=\"lazy\" decoding=\"async\" width=\"1024\" height=\"683\" src=\"https:\/\/zumex-invest.com\/wp-content\/uploads\/2023\/05\/sunflower-ga50e96d85_1920-1024x683.jpg\" class=\"attachment-large size-large wp-image-91\" alt=\"\" srcset=\"https:\/\/zumex-invest.com\/wp-content\/uploads\/2023\/05\/sunflower-ga50e96d85_1920-1024x683.jpg 1024w, https:\/\/zumex-invest.com\/wp-content\/uploads\/2023\/05\/sunflower-ga50e96d85_1920-300x200.jpg 300w, https:\/\/zumex-invest.com\/wp-content\/uploads\/2023\/05\/sunflower-ga50e96d85_1920-768x512.jpg 768w, https:\/\/zumex-invest.com\/wp-content\/uploads\/2023\/05\/sunflower-ga50e96d85_1920-1536x1024.jpg 1536w, https:\/\/zumex-invest.com\/wp-content\/uploads\/2023\/05\/sunflower-ga50e96d85_1920.jpg 1920w\" sizes=\"auto, (max-width: 1024px) 100vw, 1024px\" \/>\t\t\t\t\t\t\t\t\t\t\t\t\t\t\t<\/div>\n\t\t\t\t<\/div>\n\t\t\t\t<div class=\"elementor-element elementor-element-607a5fe elementor-widget elementor-widget-heading\" data-id=\"607a5fe\" data-element_type=\"widget\" data-widget_type=\"heading.default\">\n\t\t\t\t<div class=\"elementor-widget-container\">\n\t\t\t<h2 class=\"elementor-heading-title elementor-size-default\">Sonnenblumen\u00f6l\n<\/h2>\t\t<\/div>\n\t\t\t\t<\/div>\n\t\t\t\t<div class=\"elementor-element elementor-element-9119a37 elementor-widget elementor-widget-text-editor\" data-id=\"9119a37\" data-element_type=\"widget\" data-widget_type=\"text-editor.default\">\n\t\t\t\t<div class=\"elementor-widget-container\">\n\t\t\t\t\t\t\t<p>Sonnenblumen\u00f6l ist ein aus Sonnenblumenkernen gepresstes Speise\u00f6l. Es wird in der Lebensmittelproduktion h\u00e4ufig als nicht fl\u00fcchtiges Frittier\u00f6l mit einem hohen Rauchpunkt von 227\u00b0C verwendet.<\/p>\n\t\t\t\t\t\t<\/div>\n\t\t\t\t<\/div>\n\t\t\t\t\t<\/div>\n\t\t<\/div>\n\t\t\t\t<div class=\"elementor-column elementor-col-33 elementor-top-column elementor-element elementor-element-3b46fd9\" data-id=\"3b46fd9\" data-element_type=\"column\">\n\t\t\t<div class=\"elementor-widget-wrap\">\n\t\t\t\t\t\t\t\t\t<\/div>\n\t\t<\/div>\n\t\t\t\t\t\t\t<\/div>\n\t\t<\/section>\n\t\t\t\t\t\t\t<\/div>\n\t\t","protected":false},"excerpt":{"rendered":"<p>Speise\u00f6le Es ist wahrscheinlich keine \u00dcberraschung, dass einige Margarinen Speise\u00f6l enthalten. Aber was ist mit Geb\u00e4ck, Zuckerguss oder Schokolade? Tats\u00e4chlich finden sich Speise\u00f6lprodukte in einer bemerkenswerten Bandbreite von allt\u00e4glichen Lebensmitteln und Getr\u00e4nken. Sie gewinnen Mais\u00f6l aus Mais und verarbeiten und vermarkten die gesamte Palette der \u00d6lsaaten &#8211; einschlie\u00dflich Sonnenblumenkernen, Raps und Canola -, aber Palm- &hellip;<\/p>\n<p class=\"read-more\"> <a class=\"\" href=\"https:\/\/zumex-invest.com\/de\/was-wir-tun\/speiseoele\"> <span class=\"screen-reader-text\">Speise\u00f6le<\/span> Weiterlesen &raquo;<\/a><\/p>\n","protected":false},"author":1,"featured_media":0,"parent":547,"menu_order":33,"comment_status":"closed","ping_status":"closed","template":"","meta":{"site-sidebar-layout":"no-sidebar","site-content-layout":"page-builder","ast-global-header-display":"","ast-main-header-display":"","ast-hfb-above-header-display":"","ast-hfb-below-header-display":"","ast-hfb-mobile-header-display":"","site-post-title":"disabled","ast-breadcrumbs-content":"","ast-featured-img":"disabled","footer-sml-layout":"","theme-transparent-header-meta":"","adv-header-id-meta":"","stick-header-meta":"","header-above-stick-meta":"","header-main-stick-meta":"","header-below-stick-meta":"","footnotes":""},"class_list":["post-554","page","type-page","status-publish","hentry"],"_links":{"self":[{"href":"https:\/\/zumex-invest.com\/de\/wp-json\/wp\/v2\/pages\/554","targetHints":{"allow":["GET"]}}],"collection":[{"href":"https:\/\/zumex-invest.com\/de\/wp-json\/wp\/v2\/pages"}],"about":[{"href":"https:\/\/zumex-invest.com\/de\/wp-json\/wp\/v2\/types\/page"}],"author":[{"embeddable":true,"href":"https:\/\/zumex-invest.com\/de\/wp-json\/wp\/v2\/users\/1"}],"replies":[{"embeddable":true,"href":"https:\/\/zumex-invest.com\/de\/wp-json\/wp\/v2\/comments?post=554"}],"version-history":[{"count":1,"href":"https:\/\/zumex-invest.com\/de\/wp-json\/wp\/v2\/pages\/554\/revisions"}],"predecessor-version":[{"id":555,"href":"https:\/\/zumex-invest.com\/de\/wp-json\/wp\/v2\/pages\/554\/revisions\/555"}],"up":[{"embeddable":true,"href":"https:\/\/zumex-invest.com\/de\/wp-json\/wp\/v2\/pages\/547"}],"wp:attachment":[{"href":"https:\/\/zumex-invest.com\/de\/wp-json\/wp\/v2\/media?parent=554"}],"curies":[{"name":"wp","href":"https:\/\/api.w.org\/{rel}","templated":true}]}}