{"id":560,"date":"2023-05-02T17:49:05","date_gmt":"2023-05-02T17:49:05","guid":{"rendered":"https:\/\/zumex-invest.com\/unsere-werte\/wertschaetzung-unserer-mitarbeiter"},"modified":"2023-07-11T21:10:22","modified_gmt":"2023-07-11T21:10:22","slug":"wertschaetzung-unserer-mitarbeiter","status":"publish","type":"page","link":"https:\/\/zumex-invest.com\/de\/unsere-werte\/wertschaetzung-unserer-mitarbeiter","title":{"rendered":"Wertsch\u00e4tzung unserer Mitarbeiter"},"content":{"rendered":"\t\t<div data-elementor-type=\"wp-page\" data-elementor-id=\"560\" class=\"elementor elementor-560 elementor-134\">\n\t\t\t\t\t\t\t\t\t<section class=\"elementor-section elementor-top-section elementor-element elementor-element-ff0a0ea elementor-section-boxed elementor-section-height-default elementor-section-height-default\" data-id=\"ff0a0ea\" data-element_type=\"section\" data-settings=\"{&quot;background_background&quot;:&quot;classic&quot;}\">\n\t\t\t\t\t\t\t<div class=\"elementor-background-overlay\"><\/div>\n\t\t\t\t\t\t\t<div class=\"elementor-container elementor-column-gap-default\">\n\t\t\t\t\t<div class=\"elementor-column elementor-col-100 elementor-top-column elementor-element elementor-element-35f2dab\" data-id=\"35f2dab\" data-element_type=\"column\">\n\t\t\t<div class=\"elementor-widget-wrap elementor-element-populated\">\n\t\t\t\t\t\t\t\t<div class=\"elementor-element elementor-element-0488803 elementor-widget elementor-widget-heading\" data-id=\"0488803\" data-element_type=\"widget\" data-widget_type=\"heading.default\">\n\t\t\t\t<div class=\"elementor-widget-container\">\n\t\t\t<style>\/*! elementor - v3.13.3 - 28-05-2023 *\/\n.elementor-heading-title{padding:0;margin:0;line-height:1}.elementor-widget-heading .elementor-heading-title[class*=elementor-size-]>a{color:inherit;font-size:inherit;line-height:inherit}.elementor-widget-heading .elementor-heading-title.elementor-size-small{font-size:15px}.elementor-widget-heading .elementor-heading-title.elementor-size-medium{font-size:19px}.elementor-widget-heading .elementor-heading-title.elementor-size-large{font-size:29px}.elementor-widget-heading .elementor-heading-title.elementor-size-xl{font-size:39px}.elementor-widget-heading .elementor-heading-title.elementor-size-xxl{font-size:59px}<\/style><h1 class=\"elementor-heading-title elementor-size-default\">Unsere Werte<\/h1>\t\t<\/div>\n\t\t\t\t<\/div>\n\t\t\t\t\t<\/div>\n\t\t<\/div>\n\t\t\t\t\t\t\t<\/div>\n\t\t<\/section>\n\t\t\t\t<section class=\"elementor-section elementor-top-section elementor-element elementor-element-8aa795c elementor-section-boxed elementor-section-height-default elementor-section-height-default\" data-id=\"8aa795c\" data-element_type=\"section\">\n\t\t\t\t\t\t<div class=\"elementor-container elementor-column-gap-default\">\n\t\t\t\t\t<div class=\"elementor-column elementor-col-100 elementor-top-column elementor-element elementor-element-f2b00fe\" data-id=\"f2b00fe\" data-element_type=\"column\">\n\t\t\t<div class=\"elementor-widget-wrap elementor-element-populated\">\n\t\t\t\t\t\t\t\t<div class=\"elementor-element elementor-element-43801ba elementor-widget elementor-widget-text-editor\" data-id=\"43801ba\" data-element_type=\"widget\" data-widget_type=\"text-editor.default\">\n\t\t\t\t<div class=\"elementor-widget-container\">\n\t\t\t<style>\/*! elementor - v3.13.3 - 28-05-2023 *\/\n.elementor-widget-text-editor.elementor-drop-cap-view-stacked .elementor-drop-cap{background-color:#69727d;color:#fff}.elementor-widget-text-editor.elementor-drop-cap-view-framed .elementor-drop-cap{color:#69727d;border:3px solid;background-color:transparent}.elementor-widget-text-editor:not(.elementor-drop-cap-view-default) .elementor-drop-cap{margin-top:8px}.elementor-widget-text-editor:not(.elementor-drop-cap-view-default) .elementor-drop-cap-letter{width:1em;height:1em}.elementor-widget-text-editor .elementor-drop-cap{float:left;text-align:center;line-height:1;font-size:50px}.elementor-widget-text-editor .elementor-drop-cap-letter{display:inline-block}<\/style>\t\t\t\t<p>Unsere Werte leiten jedes unserer Handlungen. Sie sind das Herzst\u00fcck unseres Verhaltenskodexes und unserer Kultur.<\/p>\n<p><strong>Sicherheit<\/strong><\/p>\n<p>Bei der Sicherheit gehen wir keine Kompromisse ein. Wir passen aufeinander auf und stellen die Arbeit ein, wenn sie nicht sicher ist.<\/p>\n<p><strong>Offenheit<\/strong><\/p>\n<p>Wir kommunizieren ehrlich und aufrichtig. Wir treiben uns selbst zur Verbesserung an, indem wir Informationen austauschen und den Dialog und das Feedback f\u00f6rdern.<\/p>\n<p><strong>Vereinfachung<\/strong><\/p>\n<p>Wir arbeiten effizient und konzentrieren uns auf das Wesentliche. Wir vermeiden unn\u00f6tige Komplexit\u00e4t und suchen nach einfachen, pragmatischen L\u00f6sungen.<\/p>\n<p><strong>Integrit\u00e4t<\/strong><\/p>\n<p>Wir haben den Mut, das Richtige zu tun, auch wenn es schwierig ist. Wir tun, was wir sagen, und behandeln uns gegenseitig fair und mit Respekt.<\/p>\n<p><strong>Unternehmertum<\/strong><\/p>\n<p>Wir f\u00f6rdern neue Ideen und passen uns schnell an Ver\u00e4nderungen an. Wir sind immer auf der Suche nach neuen M\u00f6glichkeiten, um Werte zu schaffen und bessere und sicherere Arbeitsmethoden zu finden.<\/p>\n<p><strong>Verantwortung<\/strong><\/p>\n<p>Wir \u00fcbernehmen die Verantwortung f\u00fcr unser Handeln. Wir sprechen mit anderen und h\u00f6ren ihnen zu, um zu verstehen, was sie von uns erwarten. Wir arbeiten daran, unsere wirtschaftlichen, sozialen und \u00f6kologischen Leistungen zu verbessern.<\/p>\t\t\t\t\t\t<\/div>\n\t\t\t\t<\/div>\n\t\t\t\t\t<\/div>\n\t\t<\/div>\n\t\t\t\t\t\t\t<\/div>\n\t\t<\/section>\n\t\t\t\t\t\t\t<\/div>\n\t\t","protected":false},"excerpt":{"rendered":"<p>Unsere Werte Unsere Werte leiten jedes unserer Handlungen. Sie sind das Herzst\u00fcck unseres Verhaltenskodexes und unserer Kultur. Sicherheit Bei der Sicherheit gehen wir keine Kompromisse ein. Wir passen aufeinander auf und stellen die Arbeit ein, wenn sie nicht sicher ist. Offenheit Wir kommunizieren ehrlich und aufrichtig. Wir treiben uns selbst zur Verbesserung an, indem wir &hellip;<\/p>\n<p class=\"read-more\"> <a class=\"\" href=\"https:\/\/zumex-invest.com\/de\/unsere-werte\/wertschaetzung-unserer-mitarbeiter\"> <span class=\"screen-reader-text\">Wertsch\u00e4tzung unserer Mitarbeiter<\/span> Weiterlesen &raquo;<\/a><\/p>\n","protected":false},"author":1,"featured_media":0,"parent":556,"menu_order":41,"comment_status":"closed","ping_status":"closed","template":"","meta":{"site-sidebar-layout":"no-sidebar","site-content-layout":"page-builder","ast-global-header-display":"","ast-main-header-display":"","ast-hfb-above-header-display":"","ast-hfb-below-header-display":"","ast-hfb-mobile-header-display":"","site-post-title":"disabled","ast-breadcrumbs-content":"","ast-featured-img":"disabled","footer-sml-layout":"","theme-transparent-header-meta":"","adv-header-id-meta":"","stick-header-meta":"","header-above-stick-meta":"","header-main-stick-meta":"","header-below-stick-meta":"","footnotes":""},"class_list":["post-560","page","type-page","status-publish","hentry"],"_links":{"self":[{"href":"https:\/\/zumex-invest.com\/de\/wp-json\/wp\/v2\/pages\/560","targetHints":{"allow":["GET"]}}],"collection":[{"href":"https:\/\/zumex-invest.com\/de\/wp-json\/wp\/v2\/pages"}],"about":[{"href":"https:\/\/zumex-invest.com\/de\/wp-json\/wp\/v2\/types\/page"}],"author":[{"embeddable":true,"href":"https:\/\/zumex-invest.com\/de\/wp-json\/wp\/v2\/users\/1"}],"replies":[{"embeddable":true,"href":"https:\/\/zumex-invest.com\/de\/wp-json\/wp\/v2\/comments?post=560"}],"version-history":[{"count":1,"href":"https:\/\/zumex-invest.com\/de\/wp-json\/wp\/v2\/pages\/560\/revisions"}],"predecessor-version":[{"id":561,"href":"https:\/\/zumex-invest.com\/de\/wp-json\/wp\/v2\/pages\/560\/revisions\/561"}],"up":[{"embeddable":true,"href":"https:\/\/zumex-invest.com\/de\/wp-json\/wp\/v2\/pages\/556"}],"wp:attachment":[{"href":"https:\/\/zumex-invest.com\/de\/wp-json\/wp\/v2\/media?parent=560"}],"curies":[{"name":"wp","href":"https:\/\/api.w.org\/{rel}","templated":true}]}}