{"id":562,"date":"2023-05-02T17:49:32","date_gmt":"2023-05-02T17:49:32","guid":{"rendered":"https:\/\/zumex-invest.com\/unsere-werte\/sicher-und-verantwortungsbewusst-sein"},"modified":"2023-07-11T21:10:25","modified_gmt":"2023-07-11T21:10:25","slug":"sicher-und-verantwortungsbewusst-sein","status":"publish","type":"page","link":"https:\/\/zumex-invest.com\/de\/unsere-werte\/sicher-und-verantwortungsbewusst-sein","title":{"rendered":"Sicher und verantwortungsbewusst sein"},"content":{"rendered":"\t\t<div data-elementor-type=\"wp-page\" data-elementor-id=\"562\" class=\"elementor elementor-562 elementor-136\">\n\t\t\t\t\t\t\t\t\t<section class=\"elementor-section elementor-top-section elementor-element elementor-element-ff0a0ea elementor-section-boxed elementor-section-height-default elementor-section-height-default\" data-id=\"ff0a0ea\" data-element_type=\"section\" data-settings=\"{&quot;background_background&quot;:&quot;classic&quot;}\">\n\t\t\t\t\t\t\t<div class=\"elementor-background-overlay\"><\/div>\n\t\t\t\t\t\t\t<div class=\"elementor-container elementor-column-gap-default\">\n\t\t\t\t\t<div class=\"elementor-column elementor-col-100 elementor-top-column elementor-element elementor-element-35f2dab\" data-id=\"35f2dab\" data-element_type=\"column\">\n\t\t\t<div class=\"elementor-widget-wrap elementor-element-populated\">\n\t\t\t\t\t\t\t\t<div class=\"elementor-element elementor-element-0488803 elementor-widget elementor-widget-heading\" data-id=\"0488803\" data-element_type=\"widget\" data-widget_type=\"heading.default\">\n\t\t\t\t<div class=\"elementor-widget-container\">\n\t\t\t<style>\/*! elementor - v3.13.3 - 28-05-2023 *\/\n.elementor-heading-title{padding:0;margin:0;line-height:1}.elementor-widget-heading .elementor-heading-title[class*=elementor-size-]>a{color:inherit;font-size:inherit;line-height:inherit}.elementor-widget-heading .elementor-heading-title.elementor-size-small{font-size:15px}.elementor-widget-heading .elementor-heading-title.elementor-size-medium{font-size:19px}.elementor-widget-heading .elementor-heading-title.elementor-size-large{font-size:29px}.elementor-widget-heading .elementor-heading-title.elementor-size-xl{font-size:39px}.elementor-widget-heading .elementor-heading-title.elementor-size-xxl{font-size:59px}<\/style><h1 class=\"elementor-heading-title elementor-size-default\">Sicher und verantwortungsbewusst sein<\/h1>\t\t<\/div>\n\t\t\t\t<\/div>\n\t\t\t\t\t<\/div>\n\t\t<\/div>\n\t\t\t\t\t\t\t<\/div>\n\t\t<\/section>\n\t\t\t\t<section class=\"elementor-section elementor-top-section elementor-element elementor-element-8aa795c elementor-section-boxed elementor-section-height-default elementor-section-height-default\" data-id=\"8aa795c\" data-element_type=\"section\">\n\t\t\t\t\t\t<div class=\"elementor-container elementor-column-gap-default\">\n\t\t\t\t\t<div class=\"elementor-column elementor-col-100 elementor-top-column elementor-element elementor-element-f2b00fe\" data-id=\"f2b00fe\" data-element_type=\"column\">\n\t\t\t<div class=\"elementor-widget-wrap elementor-element-populated\">\n\t\t\t\t\t\t\t\t<div class=\"elementor-element elementor-element-43801ba elementor-widget elementor-widget-text-editor\" data-id=\"43801ba\" data-element_type=\"widget\" data-widget_type=\"text-editor.default\">\n\t\t\t\t<div class=\"elementor-widget-container\">\n\t\t\t<style>\/*! elementor - v3.13.3 - 28-05-2023 *\/\n.elementor-widget-text-editor.elementor-drop-cap-view-stacked .elementor-drop-cap{background-color:#69727d;color:#fff}.elementor-widget-text-editor.elementor-drop-cap-view-framed .elementor-drop-cap{color:#69727d;border:3px solid;background-color:transparent}.elementor-widget-text-editor:not(.elementor-drop-cap-view-default) .elementor-drop-cap{margin-top:8px}.elementor-widget-text-editor:not(.elementor-drop-cap-view-default) .elementor-drop-cap-letter{width:1em;height:1em}.elementor-widget-text-editor .elementor-drop-cap{float:left;text-align:center;line-height:1;font-size:50px}.elementor-widget-text-editor .elementor-drop-cap-letter{display:inline-block}<\/style>\t\t\t\t<p>Wir respektieren und sch\u00e4tzen jeden Mitarbeiter und schaffen ein faires, unterst\u00fctzendes und integratives Arbeitsumfeld, in dem Menschen mit unterschiedlichen Erfahrungen und Perspektiven ihr Potenzial entwickeln und entfalten k\u00f6nnen. Unser Erfolg h\u00e4ngt von unserer F\u00e4higkeit ab, die besten Talente auf allen Ebenen anzuziehen, zu entwickeln und zu halten.<\/p>\n<p><b>Fairness und Respekt<\/b><\/p>\n<p>Unsere Mitarbeiter sind die Grundlage f\u00fcr unseren Erfolg. Wir behandeln uns gegenseitig fair und mit Respekt. Eine vielf\u00e4ltige Belegschaft st\u00e4rkt unsere Kultur und unser Gesch\u00e4ft. Wir dulden keine Form der modernen Sklaverei, einschlie\u00dflich Zwangs-, Pflicht- oder Kinderarbeit. Wir haben das Recht, einer Gewerkschaft beizutreten und Tarifverhandlungen zu f\u00fchren.<\/p>\n<p><b>Was bedeutet unser Engagement in der Praxis?<\/b><\/p>\n<p>Wir handeln aufrichtig und integer und sind f\u00fcr alles, was wir tun, rechenschaftspflichtig.<\/p>\n<p>Wir achten auf unser eigenes und das k\u00f6rperliche und geistige Wohlbefinden der anderen.<\/p>\n<p>Wir arbeiten zusammen, um unser Bestes zu geben und die Anforderungen unserer Kunden und anderer Interessengruppen zu erf\u00fcllen.<\/p>\n<p>Wir f\u00f6rdern Eingliederung, Fairness und Gleichberechtigung und diskriminieren nicht aufgrund von Rasse, Nationalit\u00e4t, Religion, Geschlecht, Alter, sexueller Orientierung, Behinderung, Abstammung, sozialer Herkunft, Gewerkschaftszugeh\u00f6rigkeit, politischer \u00dcberzeugung oder anderen potenziellen Vorurteilen. Wir dulden keine Bel\u00e4stigung oder Mobbing am Arbeitsplatz und melden jedes unethische Verhalten, wenn wir es sehen.<\/p>\n<p>Wir stellen ein, bef\u00f6rdern, belohnen und bieten Entwicklungsm\u00f6glichkeiten auf der Grundlage von Qualifikationen, F\u00e4higkeiten, Leistung, ethischem Verhalten und \u00dcbereinstimmung mit unseren Werten.<\/p>\n<p>Wir kommunizieren mit Respekt und&nbsp;Integrit\u00e4t.<\/p>\n<p>Wir sch\u00e4tzen die unterschiedlichen \u00dcberzeugungen und Perspektiven der Menschen&nbsp;.<\/p>\n<p>Bei der Nutzung sozialer Medien verhalten wir uns so, dass es mit unseren Werten \u00fcbereinstimmt.<\/p>\t\t\t\t\t\t<\/div>\n\t\t\t\t<\/div>\n\t\t\t\t\t<\/div>\n\t\t<\/div>\n\t\t\t\t\t\t\t<\/div>\n\t\t<\/section>\n\t\t\t\t\t\t\t<\/div>\n\t\t","protected":false},"excerpt":{"rendered":"<p>Sicher und verantwortungsbewusst sein Wir respektieren und sch\u00e4tzen jeden Mitarbeiter und schaffen ein faires, unterst\u00fctzendes und integratives Arbeitsumfeld, in dem Menschen mit unterschiedlichen Erfahrungen und Perspektiven ihr Potenzial entwickeln und entfalten k\u00f6nnen. Unser Erfolg h\u00e4ngt von unserer F\u00e4higkeit ab, die besten Talente auf allen Ebenen anzuziehen, zu entwickeln und zu halten. Fairness und Respekt Unsere &hellip;<\/p>\n<p class=\"read-more\"> <a class=\"\" href=\"https:\/\/zumex-invest.com\/de\/unsere-werte\/sicher-und-verantwortungsbewusst-sein\"> <span class=\"screen-reader-text\">Sicher und verantwortungsbewusst sein<\/span> Weiterlesen &raquo;<\/a><\/p>\n","protected":false},"author":1,"featured_media":0,"parent":556,"menu_order":42,"comment_status":"closed","ping_status":"closed","template":"","meta":{"site-sidebar-layout":"no-sidebar","site-content-layout":"page-builder","ast-global-header-display":"","ast-main-header-display":"","ast-hfb-above-header-display":"","ast-hfb-below-header-display":"","ast-hfb-mobile-header-display":"","site-post-title":"disabled","ast-breadcrumbs-content":"","ast-featured-img":"disabled","footer-sml-layout":"","theme-transparent-header-meta":"","adv-header-id-meta":"","stick-header-meta":"","header-above-stick-meta":"","header-main-stick-meta":"","header-below-stick-meta":"","footnotes":""},"class_list":["post-562","page","type-page","status-publish","hentry"],"_links":{"self":[{"href":"https:\/\/zumex-invest.com\/de\/wp-json\/wp\/v2\/pages\/562","targetHints":{"allow":["GET"]}}],"collection":[{"href":"https:\/\/zumex-invest.com\/de\/wp-json\/wp\/v2\/pages"}],"about":[{"href":"https:\/\/zumex-invest.com\/de\/wp-json\/wp\/v2\/types\/page"}],"author":[{"embeddable":true,"href":"https:\/\/zumex-invest.com\/de\/wp-json\/wp\/v2\/users\/1"}],"replies":[{"embeddable":true,"href":"https:\/\/zumex-invest.com\/de\/wp-json\/wp\/v2\/comments?post=562"}],"version-history":[{"count":2,"href":"https:\/\/zumex-invest.com\/de\/wp-json\/wp\/v2\/pages\/562\/revisions"}],"predecessor-version":[{"id":564,"href":"https:\/\/zumex-invest.com\/de\/wp-json\/wp\/v2\/pages\/562\/revisions\/564"}],"up":[{"embeddable":true,"href":"https:\/\/zumex-invest.com\/de\/wp-json\/wp\/v2\/pages\/556"}],"wp:attachment":[{"href":"https:\/\/zumex-invest.com\/de\/wp-json\/wp\/v2\/media?parent=562"}],"curies":[{"name":"wp","href":"https:\/\/api.w.org\/{rel}","templated":true}]}}