{"id":576,"date":"2023-06-04T13:37:26","date_gmt":"2023-06-04T13:37:26","guid":{"rendered":"https:\/\/zumex-invest.com\/luxus-reisen\/berlin-nach-bayern"},"modified":"2023-07-11T21:10:37","modified_gmt":"2023-07-11T21:10:37","slug":"berlin-nach-bayern","status":"publish","type":"page","link":"https:\/\/zumex-invest.com\/de\/luxus-reisen\/berlin-nach-bayern","title":{"rendered":"Berlin nach Bayern"},"content":{"rendered":"\t\t<div data-elementor-type=\"wp-page\" data-elementor-id=\"576\" class=\"elementor elementor-576 elementor-272\">\n\t\t\t\t\t\t\t\t\t<section class=\"elementor-section elementor-top-section elementor-element elementor-element-ff0a0ea elementor-section-boxed elementor-section-height-default elementor-section-height-default\" data-id=\"ff0a0ea\" data-element_type=\"section\" data-settings=\"{&quot;background_background&quot;:&quot;classic&quot;}\">\n\t\t\t\t\t\t\t<div class=\"elementor-background-overlay\"><\/div>\n\t\t\t\t\t\t\t<div class=\"elementor-container elementor-column-gap-default\">\n\t\t\t\t\t<div class=\"elementor-column elementor-col-100 elementor-top-column elementor-element elementor-element-35f2dab\" data-id=\"35f2dab\" data-element_type=\"column\">\n\t\t\t<div class=\"elementor-widget-wrap elementor-element-populated\">\n\t\t\t\t\t\t\t\t<div class=\"elementor-element elementor-element-0488803 elementor-widget elementor-widget-heading\" data-id=\"0488803\" data-element_type=\"widget\" data-widget_type=\"heading.default\">\n\t\t\t\t<div class=\"elementor-widget-container\">\n\t\t\t<style>\/*! elementor - v3.13.3 - 28-05-2023 *\/\n.elementor-heading-title{padding:0;margin:0;line-height:1}.elementor-widget-heading .elementor-heading-title[class*=elementor-size-]>a{color:inherit;font-size:inherit;line-height:inherit}.elementor-widget-heading .elementor-heading-title.elementor-size-small{font-size:15px}.elementor-widget-heading .elementor-heading-title.elementor-size-medium{font-size:19px}.elementor-widget-heading .elementor-heading-title.elementor-size-large{font-size:29px}.elementor-widget-heading .elementor-heading-title.elementor-size-xl{font-size:39px}.elementor-widget-heading .elementor-heading-title.elementor-size-xxl{font-size:59px}<\/style><h1 class=\"elementor-heading-title elementor-size-default\">Berlin nach Bayern<\/h1>\t\t<\/div>\n\t\t\t\t<\/div>\n\t\t\t\t\t<\/div>\n\t\t<\/div>\n\t\t\t\t\t\t\t<\/div>\n\t\t<\/section>\n\t\t\t\t<section class=\"elementor-section elementor-top-section elementor-element elementor-element-6c4eff6 elementor-section-boxed elementor-section-height-default elementor-section-height-default\" data-id=\"6c4eff6\" data-element_type=\"section\" data-settings=\"{&quot;background_background&quot;:&quot;classic&quot;}\">\n\t\t\t\t\t\t<div class=\"elementor-container elementor-column-gap-default\">\n\t\t\t\t\t<div class=\"elementor-column elementor-col-100 elementor-top-column elementor-element elementor-element-ea18481\" data-id=\"ea18481\" data-element_type=\"column\">\n\t\t\t<div class=\"elementor-widget-wrap elementor-element-populated\">\n\t\t\t\t\t\t\t\t<div class=\"elementor-element elementor-element-a8565f3 elementor-align-center elementor-widget elementor-widget-button\" data-id=\"a8565f3\" data-element_type=\"widget\" data-widget_type=\"button.default\">\n\t\t\t\t<div class=\"elementor-widget-container\">\n\t\t\t\t\t<div class=\"elementor-button-wrapper\">\n\t\t\t<a href=\"https:\/\/zumex-invest.com\/wp-content\/uploads\/2023\/07\/berlin-bavaria.pdf\" class=\"elementor-button-link elementor-button elementor-size-sm\" role=\"button\">\n\t\t\t\t\t\t<span class=\"elementor-button-content-wrapper\">\n\t\t\t\t\t\t<span class=\"elementor-button-text\">Reise-PDF herunterladen<\/span>\n\t\t<\/span>\n\t\t\t\t\t<\/a>\n\t\t<\/div>\n\t\t\t\t<\/div>\n\t\t\t\t<\/div>\n\t\t\t\t\t<\/div>\n\t\t<\/div>\n\t\t\t\t\t\t\t<\/div>\n\t\t<\/section>\n\t\t\t\t<section class=\"elementor-section elementor-top-section elementor-element elementor-element-8aa795c elementor-section-boxed elementor-section-height-default elementor-section-height-default\" data-id=\"8aa795c\" data-element_type=\"section\">\n\t\t\t\t\t\t<div class=\"elementor-container elementor-column-gap-default\">\n\t\t\t\t\t<div class=\"elementor-column elementor-col-100 elementor-top-column elementor-element elementor-element-f2b00fe\" data-id=\"f2b00fe\" data-element_type=\"column\">\n\t\t\t<div class=\"elementor-widget-wrap elementor-element-populated\">\n\t\t\t\t\t\t\t\t<div class=\"elementor-element elementor-element-43801ba elementor-widget elementor-widget-text-editor\" data-id=\"43801ba\" data-element_type=\"widget\" data-widget_type=\"text-editor.default\">\n\t\t\t\t<div class=\"elementor-widget-container\">\n\t\t\t<style>\/*! elementor - v3.13.3 - 28-05-2023 *\/\n.elementor-widget-text-editor.elementor-drop-cap-view-stacked .elementor-drop-cap{background-color:#69727d;color:#fff}.elementor-widget-text-editor.elementor-drop-cap-view-framed .elementor-drop-cap{color:#69727d;border:3px solid;background-color:transparent}.elementor-widget-text-editor:not(.elementor-drop-cap-view-default) .elementor-drop-cap{margin-top:8px}.elementor-widget-text-editor:not(.elementor-drop-cap-view-default) .elementor-drop-cap-letter{width:1em;height:1em}.elementor-widget-text-editor .elementor-drop-cap{float:left;text-align:center;line-height:1;font-size:50px}.elementor-widget-text-editor .elementor-drop-cap-letter{display:inline-block}<\/style>\t\t\t\t<p><strong>Deutschland: Von Berlin nach Bayern 2023<\/strong><\/p>\n<p>10 Tage ab $9.895 pro Person<\/p>\n<p>Begrenzt auf 18 G\u00e4ste<\/p>\n<p><strong>BEI JEDER LUXURI\u00d6SEN KLEINGRUPPENREISE INBEGRIFFEN<\/strong><\/p>\n<ul>\n<li>Englischsprachiger \u00f6rtlicher Reiseleiter und lokale Guides<\/li>\n<li>Handverlesene Luxusunterk\u00fcnfte<\/li>\n<li>Flughafen Meet and Greet mit Privattransfers<\/li>\n<li>Reisender Glockenjunge<br \/>Gep\u00e4ckabfertigung<br \/>Fr\u00fchst\u00fcck im Bett an ausgew\u00e4hlten Tagen<\/li>\n<li>T\u00e4gliches komplettes Fr\u00fchst\u00fcck; ausgew\u00e4hlte Mittag- und Abendessen<\/li>\n<li>Ihre Wahl der Aktivit\u00e4t bei Design Your Day<\/li>\n<li>Gep\u00e4ckaufbewahrung f\u00fcr Reisende<\/li>\n<li>W\u00e4schereiservice<\/li>\n<li>Internetzugang<\/li>\n<li>Eintrittsgelder, Steuern und alle Trinkgelder mit Ausnahme des ortsans\u00e4ssigen Reiseleiters<\/li>\n<li>24\/7 Zumex-Unterst\u00fctzung<\/li>\n<li>Garantierte Abfahrten mit nur zwei G\u00e4sten<\/li>\n<\/ul>\n<p><strong>\u00dcBERBLICK<\/strong><\/p>\n<p>Erleben Sie die Essenz Ostdeutschlands und Bayerns, von reetgedeckten D\u00f6rfern bis zu pulsierenden St\u00e4dten, und lassen Sie sich auf einem raffinierten und aufschlussreichen Abenteuer vom Besten der heutigen Kunst, Kultur und K\u00fcche inspirieren.<\/p>\n<p><strong>Zumex Vorteile<\/strong><\/p>\n<ul>\n<li>Treffen Sie sich mit einem Berliner K\u00fcnstler, der im Schatten der Berliner Mauer lebte, und erfahren Sie mehr \u00fcber die Bedeutung der Wandmalerei in der East Side Gallery<\/li>\n<li>Entdecken Sie die Produktionsgeheimnisse der \u00e4ltesten Porzellanmanufaktur Europas bei einer gef\u00fchrten Besichtigung, die auch ein privates Konzert auf der historischen Porzellanorgel beinhaltet<\/li>\n<li>Erkunden Sie das in Privatbesitz befindliche Schloss Proschwitz und verkosten Sie Weine in den Weinbergen des Schlosses bei einem exklusiven Zumex-Erlebnis<\/li>\n<li>Betreten Sie den Boros Bunker, einen ehemaligen Luftschutzbunker aus dem Zweiten Weltkrieg, und werfen Sie einen Blick auf die beeindruckende Sammlung zeitgen\u00f6ssischer Kunst in einer privaten F\u00fchrung.<\/li>\n<li>Genie\u00dfen Sie den authentischen Geschmack der M\u00fcnchner Bierkultur bei einer kulinarischen Tour, einer Brauereibesichtigung und einem Abendessen in einer lebhaften Bierhalle<\/li>\n<\/ul>\n<p><strong>Die Reiseroute auf einen Blick<\/strong><\/p>\n<p>TAG 1<br \/>ANKUNFT BERLIN, DEUTSCHLAND<br \/>TAG 2<br \/>BERLIN | GESCHICHTE &amp; KUNST EINER PULSIERENDEN STADT<br \/>TAG 3<br \/>BERLIN | GESCHICHTEN DER BERLINER MAUER<br \/>TAG 4<br \/>MEISSEN | EXKLUSIVE SCHLOSSBESICHTIGUNG &amp; WEINVERKOSTUNG<br \/>TAG 5<br \/>DRESDEN | GLANZ EINER WIEDERGEBORENEN STADT<br \/>TAG 6<br \/>LEIPZIG | MUSIKALISCHER RIESE DES BAROCK<br \/>TAG 7<br \/>M\u00dcNCHEN | DAS BESTE DER BAYERISCHEN K\u00dcCHE<br \/>TAG 8<br \/>M\u00dcNCHEN | ALPENABENTEUER MIT M\u00c4RCHENHAFTEM SCHLOSS<br \/>9. TAG<br \/>M\u00dcNCHEN | GESTALTE DEINEN TAG<br \/>TAG 10<br \/>ABFAHRT M\u00dcNCHEN<\/p>\n\t\t\t\t\t\t<\/div>\n\t\t\t\t<\/div>\n\t\t\t\t\t<\/div>\n\t\t<\/div>\n\t\t\t\t\t\t\t<\/div>\n\t\t<\/section>\n\t\t\t\t<section class=\"elementor-section elementor-top-section elementor-element elementor-element-576e357 elementor-section-boxed elementor-section-height-default elementor-section-height-default\" data-id=\"576e357\" data-element_type=\"section\" data-settings=\"{&quot;background_background&quot;:&quot;classic&quot;}\">\n\t\t\t\t\t\t<div class=\"elementor-container elementor-column-gap-default\">\n\t\t\t\t\t<div class=\"elementor-column elementor-col-100 elementor-top-column elementor-element elementor-element-c3c0bfe\" data-id=\"c3c0bfe\" data-element_type=\"column\">\n\t\t\t<div class=\"elementor-widget-wrap elementor-element-populated\">\n\t\t\t\t\t\t\t\t<div class=\"elementor-element elementor-element-5648c58 elementor-align-center elementor-widget elementor-widget-button\" data-id=\"5648c58\" data-element_type=\"widget\" data-widget_type=\"button.default\">\n\t\t\t\t<div class=\"elementor-widget-container\">\n\t\t\t\t\t<div class=\"elementor-button-wrapper\">\n\t\t\t<a href=\"https:\/\/zumex-invest.com\/wp-content\/uploads\/2023\/07\/berlin-bavaria.pdf\" class=\"elementor-button-link elementor-button elementor-size-sm\" role=\"button\">\n\t\t\t\t\t\t<span class=\"elementor-button-content-wrapper\">\n\t\t\t\t\t\t<span class=\"elementor-button-text\">Reise-PDF herunterladen<\/span>\n\t\t<\/span>\n\t\t\t\t\t<\/a>\n\t\t<\/div>\n\t\t\t\t<\/div>\n\t\t\t\t<\/div>\n\t\t\t\t\t<\/div>\n\t\t<\/div>\n\t\t\t\t\t\t\t<\/div>\n\t\t<\/section>\n\t\t\t\t\t\t\t<\/div>\n\t\t","protected":false},"excerpt":{"rendered":"<p>Berlin nach Bayern Reise-PDF herunterladen Deutschland: Von Berlin nach Bayern 2023 10 Tage ab $9.895 pro Person Begrenzt auf 18 G\u00e4ste BEI JEDER LUXURI\u00d6SEN KLEINGRUPPENREISE INBEGRIFFEN Englischsprachiger \u00f6rtlicher Reiseleiter und lokale Guides Handverlesene Luxusunterk\u00fcnfte Flughafen Meet and Greet mit Privattransfers Reisender GlockenjungeGep\u00e4ckabfertigungFr\u00fchst\u00fcck im Bett an ausgew\u00e4hlten Tagen T\u00e4gliches komplettes Fr\u00fchst\u00fcck; ausgew\u00e4hlte Mittag- und Abendessen Ihre &hellip;<\/p>\n<p class=\"read-more\"> <a class=\"\" href=\"https:\/\/zumex-invest.com\/de\/luxus-reisen\/berlin-nach-bayern\"> <span class=\"screen-reader-text\">Berlin nach Bayern<\/span> Weiterlesen &raquo;<\/a><\/p>\n","protected":false},"author":1,"featured_media":0,"parent":572,"menu_order":0,"comment_status":"closed","ping_status":"closed","template":"","meta":{"site-sidebar-layout":"no-sidebar","site-content-layout":"page-builder","ast-global-header-display":"","ast-main-header-display":"","ast-hfb-above-header-display":"","ast-hfb-below-header-display":"","ast-hfb-mobile-header-display":"","site-post-title":"disabled","ast-breadcrumbs-content":"","ast-featured-img":"disabled","footer-sml-layout":"","theme-transparent-header-meta":"","adv-header-id-meta":"","stick-header-meta":"","header-above-stick-meta":"","header-main-stick-meta":"","header-below-stick-meta":"","footnotes":""},"class_list":["post-576","page","type-page","status-publish","hentry"],"_links":{"self":[{"href":"https:\/\/zumex-invest.com\/de\/wp-json\/wp\/v2\/pages\/576","targetHints":{"allow":["GET"]}}],"collection":[{"href":"https:\/\/zumex-invest.com\/de\/wp-json\/wp\/v2\/pages"}],"about":[{"href":"https:\/\/zumex-invest.com\/de\/wp-json\/wp\/v2\/types\/page"}],"author":[{"embeddable":true,"href":"https:\/\/zumex-invest.com\/de\/wp-json\/wp\/v2\/users\/1"}],"replies":[{"embeddable":true,"href":"https:\/\/zumex-invest.com\/de\/wp-json\/wp\/v2\/comments?post=576"}],"version-history":[{"count":1,"href":"https:\/\/zumex-invest.com\/de\/wp-json\/wp\/v2\/pages\/576\/revisions"}],"predecessor-version":[{"id":577,"href":"https:\/\/zumex-invest.com\/de\/wp-json\/wp\/v2\/pages\/576\/revisions\/577"}],"up":[{"embeddable":true,"href":"https:\/\/zumex-invest.com\/de\/wp-json\/wp\/v2\/pages\/572"}],"wp:attachment":[{"href":"https:\/\/zumex-invest.com\/de\/wp-json\/wp\/v2\/media?parent=576"}],"curies":[{"name":"wp","href":"https:\/\/api.w.org\/{rel}","templated":true}]}}