{"id":578,"date":"2023-06-04T13:40:02","date_gmt":"2023-06-04T13:40:02","guid":{"rendered":"https:\/\/zumex-invest.com\/luxus-reisen\/botswana-safari"},"modified":"2023-07-11T21:10:39","modified_gmt":"2023-07-11T21:10:39","slug":"botswana-safari","status":"publish","type":"page","link":"https:\/\/zumex-invest.com\/de\/luxus-reisen\/botswana-safari","title":{"rendered":"Botswana Safari"},"content":{"rendered":"\t\t<div data-elementor-type=\"wp-page\" data-elementor-id=\"578\" class=\"elementor elementor-578 elementor-277\">\n\t\t\t\t\t\t\t\t\t<section class=\"elementor-section elementor-top-section elementor-element elementor-element-ff0a0ea elementor-section-boxed elementor-section-height-default elementor-section-height-default\" data-id=\"ff0a0ea\" data-element_type=\"section\" data-settings=\"{&quot;background_background&quot;:&quot;classic&quot;}\">\n\t\t\t\t\t\t\t<div class=\"elementor-background-overlay\"><\/div>\n\t\t\t\t\t\t\t<div class=\"elementor-container elementor-column-gap-default\">\n\t\t\t\t\t<div class=\"elementor-column elementor-col-100 elementor-top-column elementor-element elementor-element-35f2dab\" data-id=\"35f2dab\" data-element_type=\"column\">\n\t\t\t<div class=\"elementor-widget-wrap elementor-element-populated\">\n\t\t\t\t\t\t\t\t<div class=\"elementor-element elementor-element-0488803 elementor-widget elementor-widget-heading\" data-id=\"0488803\" data-element_type=\"widget\" data-widget_type=\"heading.default\">\n\t\t\t\t<div class=\"elementor-widget-container\">\n\t\t\t<style>\/*! elementor - v3.13.3 - 28-05-2023 *\/\n.elementor-heading-title{padding:0;margin:0;line-height:1}.elementor-widget-heading .elementor-heading-title[class*=elementor-size-]>a{color:inherit;font-size:inherit;line-height:inherit}.elementor-widget-heading .elementor-heading-title.elementor-size-small{font-size:15px}.elementor-widget-heading .elementor-heading-title.elementor-size-medium{font-size:19px}.elementor-widget-heading .elementor-heading-title.elementor-size-large{font-size:29px}.elementor-widget-heading .elementor-heading-title.elementor-size-xl{font-size:39px}.elementor-widget-heading .elementor-heading-title.elementor-size-xxl{font-size:59px}<\/style><h1 class=\"elementor-heading-title elementor-size-default\">Botswana Safari<\/h1>\t\t<\/div>\n\t\t\t\t<\/div>\n\t\t\t\t\t<\/div>\n\t\t<\/div>\n\t\t\t\t\t\t\t<\/div>\n\t\t<\/section>\n\t\t\t\t<section class=\"elementor-section elementor-top-section elementor-element elementor-element-c27bf56 elementor-section-boxed elementor-section-height-default elementor-section-height-default\" data-id=\"c27bf56\" data-element_type=\"section\" data-settings=\"{&quot;background_background&quot;:&quot;classic&quot;}\">\n\t\t\t\t\t\t<div class=\"elementor-container elementor-column-gap-default\">\n\t\t\t\t\t<div class=\"elementor-column elementor-col-100 elementor-top-column elementor-element elementor-element-cf9e8f7\" data-id=\"cf9e8f7\" data-element_type=\"column\">\n\t\t\t<div class=\"elementor-widget-wrap elementor-element-populated\">\n\t\t\t\t\t\t\t\t<div class=\"elementor-element elementor-element-3809206 elementor-align-center elementor-widget elementor-widget-button\" data-id=\"3809206\" data-element_type=\"widget\" data-widget_type=\"button.default\">\n\t\t\t\t<div class=\"elementor-widget-container\">\n\t\t\t\t\t<div class=\"elementor-button-wrapper\">\n\t\t\t<a href=\"https:\/\/zumex-invest.com\/wp-content\/uploads\/2023\/07\/safari.pdf\" class=\"elementor-button-link elementor-button elementor-size-sm\" role=\"button\">\n\t\t\t\t\t\t<span class=\"elementor-button-content-wrapper\">\n\t\t\t\t\t\t<span class=\"elementor-button-text\">Reise-PDF herunterladen<\/span>\n\t\t<\/span>\n\t\t\t\t\t<\/a>\n\t\t<\/div>\n\t\t\t\t<\/div>\n\t\t\t\t<\/div>\n\t\t\t\t\t<\/div>\n\t\t<\/div>\n\t\t\t\t\t\t\t<\/div>\n\t\t<\/section>\n\t\t\t\t<section class=\"elementor-section elementor-top-section elementor-element elementor-element-8aa795c elementor-section-boxed elementor-section-height-default elementor-section-height-default\" data-id=\"8aa795c\" data-element_type=\"section\">\n\t\t\t\t\t\t<div class=\"elementor-container elementor-column-gap-default\">\n\t\t\t\t\t<div class=\"elementor-column elementor-col-100 elementor-top-column elementor-element elementor-element-f2b00fe\" data-id=\"f2b00fe\" data-element_type=\"column\">\n\t\t\t<div class=\"elementor-widget-wrap elementor-element-populated\">\n\t\t\t\t\t\t\t\t<div class=\"elementor-element elementor-element-43801ba elementor-widget elementor-widget-text-editor\" data-id=\"43801ba\" data-element_type=\"widget\" data-widget_type=\"text-editor.default\">\n\t\t\t\t<div class=\"elementor-widget-container\">\n\t\t\t<style>\/*! elementor - v3.13.3 - 28-05-2023 *\/\n.elementor-widget-text-editor.elementor-drop-cap-view-stacked .elementor-drop-cap{background-color:#69727d;color:#fff}.elementor-widget-text-editor.elementor-drop-cap-view-framed .elementor-drop-cap{color:#69727d;border:3px solid;background-color:transparent}.elementor-widget-text-editor:not(.elementor-drop-cap-view-default) .elementor-drop-cap{margin-top:8px}.elementor-widget-text-editor:not(.elementor-drop-cap-view-default) .elementor-drop-cap-letter{width:1em;height:1em}.elementor-widget-text-editor .elementor-drop-cap{float:left;text-align:center;line-height:1;font-size:50px}.elementor-widget-text-editor .elementor-drop-cap-letter{display:inline-block}<\/style>\t\t\t\t<p><strong>Botswana Safari im Stil 2023<\/strong><\/p>\n<p>10 Tage ab $8.695 pro Person<\/p>\n<p>Begrenzt auf 16 G\u00e4ste<\/p>\n<p><strong>BEI JEDER LUXURI\u00d6SEN KLEINGRUPPENREISE INBEGRIFFEN<\/strong><\/p>\n<ul>\n<li>Englischsprachiger \u00f6rtlicher Reiseleiter und lokale Guides<\/li>\n<li>Handverlesene Luxusunterk\u00fcnfte<\/li>\n<li>Flughafen Meet and Greet mit Privattransfers<\/li>\n<li>Reisender Glockenjunge<\/li>\n<li>Gep\u00e4ckabfertigung<\/li>\n<li>Fr\u00fchst\u00fcck im Bett an ausgew\u00e4hlten Tagen<\/li>\n<li>T\u00e4gliches komplettes Fr\u00fchst\u00fcck; ausgew\u00e4hlte Mittag- und Abendessen<\/li>\n<li>Ihre Wahl der Aktivit\u00e4t bei Design Your Day<\/li>\n<li>Gep\u00e4ckaufbewahrung f\u00fcr Reisende<\/li>\n<li>W\u00e4schereiservice<\/li>\n<li>Internetzugang<\/li>\n<li>Eintrittsgelder, Steuern und alle Trinkgelder mit Ausnahme des ortsans\u00e4ssigen Reiseleiters<\/li>\n<li>24\/7 Zumex-Unterst\u00fctzung<\/li>\n<li>Garantierte Abfahrten mit nur zwei G\u00e4sten\n<p><strong>ITINERAR<\/strong><\/li>\n<\/ul>\n<p>Auf diesem Flaggschiff-Abenteuer im s\u00fcdlichen Afrika erkunden Sie au\u00dfergew\u00f6hnliche Wildgebiete, besichtigen die atemberaubenden Victoriaf\u00e4lle und \u00fcbernachten in Unterk\u00fcnften, die von klassischen Luxuszelten bis hin zu verschwenderischen Baumh\u00e4usern reichen und nur f\u00fcr kleine Gruppen wie die Ihre zur Verf\u00fcgung stehen.<\/p>\n<p><strong>Zumex Vorteile<\/strong><\/p>\n<ul>\n<li>Erleben Sie die unvergleichliche Tierwelt des s\u00fcdlichen Afrikas auf drei Arten:<\/li>\n<li>auf Pirschfahrten, gef\u00fchrten Buschwanderungen und malerischen Flusssafaris<\/li>\n<li>Entdecken Sie die vielf\u00e4ltige Tierwelt Botswanas an der Seite von handverlesenen Safari-F\u00fchrern, deren fundierte Kenntnisse der Tierbeobachtung zu au\u00dfergew\u00f6hnlichen Tierbegegnungen f\u00fchren<\/li>\n<li>Holen Sie sich bei einem privaten Vortrag mit einem professionellen Fotografen Tipps, wie Sie die besten Bilder der Big Five einfangen k\u00f6nnen.<\/li>\n<li>Gleiten Sie in einem traditionellen Einbaum durch das bemerkenswert artenreiche Okavango-Delta<\/li>\n<li>Nehmen Sie an einer privat gef\u00fchrten Tour zu den tosenden Victoriaf\u00e4llen, einem der sieben Naturwunder der Welt, teil und lassen Sie sich auf einer entspannenden Kreuzfahrt bei Sonnenuntergang auf dem Sambesi-Fluss treiben.<\/li>\n<li>Zwei \u00dcbernachtungen im luxuri\u00f6sen Sanctuary Chief&#8217;s Camp &#8211; einem der sch\u00f6nsten Camps der Region &#8211; im Moremi-Wildreservat des Okavango-Deltas<\/li>\n<\/ul>\n<p><strong>Die Reiseroute auf einen Blick<\/strong><\/p>\n<p>TAG 1<br \/>ANKUNFT JOHANNESBURG, S\u00dcDAFRIKA<\/p>\n<p>TAG 2<br \/>LIVINGSTONE, SAMBIA | SUNDOWNER-FLUSSKREUZFAHRT<\/p>\n<p>TAG 3<br \/>LIVINGSTONE | GESTALTE DEINEN TAG<\/p>\n<p>TAG 4<br \/>VICTORIA FALLS, SIMBABWE | DER RAUCH, DER DONNERT<\/p>\n<p>TAG 5<br \/>CHOBE-NATIONALPARK, BOTSWANA | CHOBE-FLUSS-SAFARI<\/p>\n<p>TAGE 6-7<br \/>OKAVANGO DELTA | WUNDER EINES PRIVATEN RESERVATS<\/p>\n<p>TAG 8<br \/>OKAVANGO DELTA | RAUBTIERHAUPTSTADT<\/p>\n<p>9. TAG<br \/>OKAVANGO-DELTA | BEMERKENSWERTE PIRSCHFAHRTEN<\/p>\n<p>TAG 10<br \/>AB JOHANNESBURG, S\u00dcDAFRIKA<\/p>\n\t\t\t\t\t\t<\/div>\n\t\t\t\t<\/div>\n\t\t\t\t\t<\/div>\n\t\t<\/div>\n\t\t\t\t\t\t\t<\/div>\n\t\t<\/section>\n\t\t\t\t<section class=\"elementor-section elementor-top-section elementor-element elementor-element-89c6b6d elementor-section-boxed elementor-section-height-default elementor-section-height-default\" data-id=\"89c6b6d\" data-element_type=\"section\" data-settings=\"{&quot;background_background&quot;:&quot;classic&quot;}\">\n\t\t\t\t\t\t<div class=\"elementor-container elementor-column-gap-default\">\n\t\t\t\t\t<div class=\"elementor-column elementor-col-100 elementor-top-column elementor-element elementor-element-45a7242\" data-id=\"45a7242\" data-element_type=\"column\">\n\t\t\t<div class=\"elementor-widget-wrap elementor-element-populated\">\n\t\t\t\t\t\t\t\t<div class=\"elementor-element elementor-element-e1737a5 elementor-align-center elementor-widget elementor-widget-button\" data-id=\"e1737a5\" data-element_type=\"widget\" data-widget_type=\"button.default\">\n\t\t\t\t<div class=\"elementor-widget-container\">\n\t\t\t\t\t<div class=\"elementor-button-wrapper\">\n\t\t\t<a href=\"https:\/\/zumex-invest.com\/wp-content\/uploads\/2023\/07\/safari.pdf\" class=\"elementor-button-link elementor-button elementor-size-sm\" role=\"button\">\n\t\t\t\t\t\t<span class=\"elementor-button-content-wrapper\">\n\t\t\t\t\t\t<span class=\"elementor-button-text\">Reise-PDF herunterladen<\/span>\n\t\t<\/span>\n\t\t\t\t\t<\/a>\n\t\t<\/div>\n\t\t\t\t<\/div>\n\t\t\t\t<\/div>\n\t\t\t\t\t<\/div>\n\t\t<\/div>\n\t\t\t\t\t\t\t<\/div>\n\t\t<\/section>\n\t\t\t\t\t\t\t<\/div>\n\t\t","protected":false},"excerpt":{"rendered":"<p>Botswana Safari Reise-PDF herunterladen Botswana Safari im Stil 2023 10 Tage ab $8.695 pro Person Begrenzt auf 16 G\u00e4ste BEI JEDER LUXURI\u00d6SEN KLEINGRUPPENREISE INBEGRIFFEN Englischsprachiger \u00f6rtlicher Reiseleiter und lokale Guides Handverlesene Luxusunterk\u00fcnfte Flughafen Meet and Greet mit Privattransfers Reisender Glockenjunge Gep\u00e4ckabfertigung Fr\u00fchst\u00fcck im Bett an ausgew\u00e4hlten Tagen T\u00e4gliches komplettes Fr\u00fchst\u00fcck; ausgew\u00e4hlte Mittag- und Abendessen Ihre &hellip;<\/p>\n<p class=\"read-more\"> <a class=\"\" href=\"https:\/\/zumex-invest.com\/de\/luxus-reisen\/botswana-safari\"> <span class=\"screen-reader-text\">Botswana Safari<\/span> Weiterlesen &raquo;<\/a><\/p>\n","protected":false},"author":1,"featured_media":0,"parent":572,"menu_order":0,"comment_status":"closed","ping_status":"closed","template":"","meta":{"site-sidebar-layout":"no-sidebar","site-content-layout":"page-builder","ast-global-header-display":"","ast-main-header-display":"","ast-hfb-above-header-display":"","ast-hfb-below-header-display":"","ast-hfb-mobile-header-display":"","site-post-title":"disabled","ast-breadcrumbs-content":"","ast-featured-img":"disabled","footer-sml-layout":"","theme-transparent-header-meta":"","adv-header-id-meta":"","stick-header-meta":"","header-above-stick-meta":"","header-main-stick-meta":"","header-below-stick-meta":"","footnotes":""},"class_list":["post-578","page","type-page","status-publish","hentry"],"_links":{"self":[{"href":"https:\/\/zumex-invest.com\/de\/wp-json\/wp\/v2\/pages\/578","targetHints":{"allow":["GET"]}}],"collection":[{"href":"https:\/\/zumex-invest.com\/de\/wp-json\/wp\/v2\/pages"}],"about":[{"href":"https:\/\/zumex-invest.com\/de\/wp-json\/wp\/v2\/types\/page"}],"author":[{"embeddable":true,"href":"https:\/\/zumex-invest.com\/de\/wp-json\/wp\/v2\/users\/1"}],"replies":[{"embeddable":true,"href":"https:\/\/zumex-invest.com\/de\/wp-json\/wp\/v2\/comments?post=578"}],"version-history":[{"count":3,"href":"https:\/\/zumex-invest.com\/de\/wp-json\/wp\/v2\/pages\/578\/revisions"}],"predecessor-version":[{"id":581,"href":"https:\/\/zumex-invest.com\/de\/wp-json\/wp\/v2\/pages\/578\/revisions\/581"}],"up":[{"embeddable":true,"href":"https:\/\/zumex-invest.com\/de\/wp-json\/wp\/v2\/pages\/572"}],"wp:attachment":[{"href":"https:\/\/zumex-invest.com\/de\/wp-json\/wp\/v2\/media?parent=578"}],"curies":[{"name":"wp","href":"https:\/\/api.w.org\/{rel}","templated":true}]}}