{"id":582,"date":"2023-06-04T13:43:12","date_gmt":"2023-06-04T13:43:12","guid":{"rendered":"https:\/\/zumex-invest.com\/luxus-reisen\/deutschland-schweiz"},"modified":"2023-07-11T21:10:42","modified_gmt":"2023-07-11T21:10:42","slug":"deutschland-schweiz","status":"publish","type":"page","link":"https:\/\/zumex-invest.com\/de\/luxus-reisen\/deutschland-schweiz","title":{"rendered":"Deutschland &amp; Schweiz"},"content":{"rendered":"\t\t<div data-elementor-type=\"wp-page\" data-elementor-id=\"582\" class=\"elementor elementor-582 elementor-296\">\n\t\t\t\t\t\t\t\t\t<section class=\"elementor-section elementor-top-section elementor-element elementor-element-ff0a0ea elementor-section-boxed elementor-section-height-default elementor-section-height-default\" data-id=\"ff0a0ea\" data-element_type=\"section\" data-settings=\"{&quot;background_background&quot;:&quot;classic&quot;}\">\n\t\t\t\t\t\t\t<div class=\"elementor-background-overlay\"><\/div>\n\t\t\t\t\t\t\t<div class=\"elementor-container elementor-column-gap-default\">\n\t\t\t\t\t<div class=\"elementor-column elementor-col-100 elementor-top-column elementor-element elementor-element-35f2dab\" data-id=\"35f2dab\" data-element_type=\"column\">\n\t\t\t<div class=\"elementor-widget-wrap elementor-element-populated\">\n\t\t\t\t\t\t\t\t<div class=\"elementor-element elementor-element-0488803 elementor-widget elementor-widget-heading\" data-id=\"0488803\" data-element_type=\"widget\" data-widget_type=\"heading.default\">\n\t\t\t\t<div class=\"elementor-widget-container\">\n\t\t\t<style>\/*! elementor - v3.13.3 - 28-05-2023 *\/\n.elementor-heading-title{padding:0;margin:0;line-height:1}.elementor-widget-heading .elementor-heading-title[class*=elementor-size-]>a{color:inherit;font-size:inherit;line-height:inherit}.elementor-widget-heading .elementor-heading-title.elementor-size-small{font-size:15px}.elementor-widget-heading .elementor-heading-title.elementor-size-medium{font-size:19px}.elementor-widget-heading .elementor-heading-title.elementor-size-large{font-size:29px}.elementor-widget-heading .elementor-heading-title.elementor-size-xl{font-size:39px}.elementor-widget-heading .elementor-heading-title.elementor-size-xxl{font-size:59px}<\/style><h1 class=\"elementor-heading-title elementor-size-default\">Deutschland &amp; Schweiz<\/h1>\t\t<\/div>\n\t\t\t\t<\/div>\n\t\t\t\t\t<\/div>\n\t\t<\/div>\n\t\t\t\t\t\t\t<\/div>\n\t\t<\/section>\n\t\t\t\t<section class=\"elementor-section elementor-top-section elementor-element elementor-element-2a94a43 elementor-section-boxed elementor-section-height-default elementor-section-height-default\" data-id=\"2a94a43\" data-element_type=\"section\" data-settings=\"{&quot;background_background&quot;:&quot;classic&quot;}\">\n\t\t\t\t\t\t<div class=\"elementor-container elementor-column-gap-default\">\n\t\t\t\t\t<div class=\"elementor-column elementor-col-100 elementor-top-column elementor-element elementor-element-055d8d9\" data-id=\"055d8d9\" data-element_type=\"column\">\n\t\t\t<div class=\"elementor-widget-wrap elementor-element-populated\">\n\t\t\t\t\t\t\t\t<div class=\"elementor-element elementor-element-786cfea elementor-align-center elementor-widget elementor-widget-button\" data-id=\"786cfea\" data-element_type=\"widget\" data-widget_type=\"button.default\">\n\t\t\t\t<div class=\"elementor-widget-container\">\n\t\t\t\t\t<div class=\"elementor-button-wrapper\">\n\t\t\t<a href=\"https:\/\/zumex-invest.com\/wp-content\/uploads\/2023\/07\/germany-switzerland.pdf\" class=\"elementor-button-link elementor-button elementor-size-sm\" role=\"button\">\n\t\t\t\t\t\t<span class=\"elementor-button-content-wrapper\">\n\t\t\t\t\t\t<span class=\"elementor-button-text\">Reise-PDF herunterladen<\/span>\n\t\t<\/span>\n\t\t\t\t\t<\/a>\n\t\t<\/div>\n\t\t\t\t<\/div>\n\t\t\t\t<\/div>\n\t\t\t\t\t<\/div>\n\t\t<\/div>\n\t\t\t\t\t\t\t<\/div>\n\t\t<\/section>\n\t\t\t\t<section class=\"elementor-section elementor-top-section elementor-element elementor-element-8aa795c elementor-section-boxed elementor-section-height-default elementor-section-height-default\" data-id=\"8aa795c\" data-element_type=\"section\">\n\t\t\t\t\t\t<div class=\"elementor-container elementor-column-gap-default\">\n\t\t\t\t\t<div class=\"elementor-column elementor-col-100 elementor-top-column elementor-element elementor-element-f2b00fe\" data-id=\"f2b00fe\" data-element_type=\"column\">\n\t\t\t<div class=\"elementor-widget-wrap elementor-element-populated\">\n\t\t\t\t\t\t\t\t<div class=\"elementor-element elementor-element-43801ba elementor-widget elementor-widget-text-editor\" data-id=\"43801ba\" data-element_type=\"widget\" data-widget_type=\"text-editor.default\">\n\t\t\t\t<div class=\"elementor-widget-container\">\n\t\t\t<style>\/*! elementor - v3.13.3 - 28-05-2023 *\/\n.elementor-widget-text-editor.elementor-drop-cap-view-stacked .elementor-drop-cap{background-color:#69727d;color:#fff}.elementor-widget-text-editor.elementor-drop-cap-view-framed .elementor-drop-cap{color:#69727d;border:3px solid;background-color:transparent}.elementor-widget-text-editor:not(.elementor-drop-cap-view-default) .elementor-drop-cap{margin-top:8px}.elementor-widget-text-editor:not(.elementor-drop-cap-view-default) .elementor-drop-cap-letter{width:1em;height:1em}.elementor-widget-text-editor .elementor-drop-cap{float:left;text-align:center;line-height:1;font-size:50px}.elementor-widget-text-editor .elementor-drop-cap-letter{display:inline-block}<\/style>\t\t\t\t<p><strong>Ma\u00dfgeschneidertes Deutschland &amp; Schweiz: Abenteuer Alpen<\/strong><\/p>\n<p>9 Tage<\/p>\n<p>Private Reise f\u00fcr Sie entworfen<\/p>\n<p><strong>BEI JEDER MASSGESCHNEIDERTEN LUXUSREISE INBEGRIFFEN<\/strong><\/p>\n<ul>\n<li>Einzigartige Reiseroute f\u00fcr Sie entworfen<\/li>\n<li>Handverlesene Luxusunterk\u00fcnfte<\/li>\n<li>Exklusive Insider-Zugangsm\u00f6glichkeiten und inspirierende Besichtigungen<\/li>\n<li>Englisch sprechende lokale F\u00fchrer<\/li>\n<li>Flughafen Meet and Greet mit Privattransfers<\/li>\n<li>T\u00e4gliches komplettes Fr\u00fchst\u00fcck<\/li>\n<li>Eintrittsgelder und Steuern<\/li>\n<li>24\/7 Zumex-Unterst\u00fctzung<\/li>\n<\/ul>\n<p>Reisen Sie mit Ihrer privaten Gruppe auf dieser luxuri\u00f6sen, ma\u00dfgeschneiderten Reise, die zu einem von Ihnen gew\u00e4hlten Zeitpunkt beginnt und von erfahrenen \u00f6rtlichen Reiseleitern gef\u00fchrt wird. Sie k\u00f6nnen die Reiseroute sogar an Ihre Interessen anpassen.<\/p>\n<p>Begeben Sie sich auf ein aktives alpines Abenteuer, wandern und radeln Sie durch atemberaubende Landschaften in Deutschland und der Schweiz, fahren Sie mit der steilsten Zahnradbahn der Welt auf den Pilatus Kulm und unternehmen Sie ein Ziegen-Trekking durch das bergige Andermatt, mit der M\u00f6glichkeit zum Schlittenfahren und zur Entspannung in einer nat\u00fcrlichen Thermalquelle.<\/p>\n<p><strong>Zumex Vorteile<\/strong><\/p>\n<ul>\n<li>Werden Sie aktiv auf einer Reise durch Deutschland und die Schweiz, \u00fcbernachten Sie in luxuri\u00f6sen Unterk\u00fcnften mit Wellnessbereich und genie\u00dfen Sie unvergessliche Bergpanoramen.<br \/>Besuchen Sie M\u00fcnchen, das &#8222;Dorf mit einer Million Einwohnern&#8220;, sehen Sie sich die charmante Altstadt und die Fu\u00dfg\u00e4ngerzonen an und kehren Sie auf ein Bier in einer traditionellen Bierhalle ein.<br \/>Wandern Sie auf dem Brennerpass rund um den schimmernden Obenberger See, \u00fcber saftige Wiesen und mit Blick auf hoch aufragende Berggipfel<\/li>\n<li>Erleben Sie die anmutige Landschaft von Andermatt auf einer Ziegenwanderung an der Seite eines haarigen, vierbeinigen Begleiters<\/li>\n<li>Auffahrt auf Pilatus Kulm mit der steilsten Zahnradbahn der Welt und anschliessende Wanderung um den malerischen Pilatus<\/li>\n<li>Folgen Sie dem &#8222;Kr\u00e4uterweg&#8220; von Andermatt und lernen Sie die vielf\u00e4ltige Flora der Region auf einer landschaftlich reizvollen und informativen Wanderung kennen<\/li>\n<\/ul>\n<p><strong>Die Reiseroute auf einen Blick<\/strong><\/p>\n<p>TAG 1<br \/>ANKUNFT M\u00dcNCHEN, DEUTSCHLAND<\/p>\n<p>TAG 2<br \/>INNSBRUCK, \u00d6STERREICH | TIROLS CHARMANTE HAUPTSTADT<\/p>\n<p>TAG 3<br \/>ELMAU | ZEIT ZUM ENTSPANNEN<\/p>\n<p>TAG 4<br \/>ANDERMATT, SCHWEIZ | EIN THERMALBAD<\/p>\n<p>TAG 5<br \/>ANDERMATT | ZIEGEN-TREKKING-ABENTEUER<\/p>\n<p>TAG 6<br \/>ANDERMATT | EINE RUHIGE WANDERUNG<\/p>\n<p>TAG 7<br \/>LAUSANNE | BERGPANORAMEN<\/p>\n<p>TAG 8<br \/>LAUSANNE | INSPIRIERENDE ARCHITEKTUR<\/p>\n<p>9. TAG<br \/>ABFAHRT GENF<\/p>\n\t\t\t\t\t\t<\/div>\n\t\t\t\t<\/div>\n\t\t\t\t\t<\/div>\n\t\t<\/div>\n\t\t\t\t\t\t\t<\/div>\n\t\t<\/section>\n\t\t\t\t<section class=\"elementor-section elementor-top-section elementor-element elementor-element-640b98a elementor-section-boxed elementor-section-height-default elementor-section-height-default\" data-id=\"640b98a\" data-element_type=\"section\" data-settings=\"{&quot;background_background&quot;:&quot;classic&quot;}\">\n\t\t\t\t\t\t<div class=\"elementor-container elementor-column-gap-default\">\n\t\t\t\t\t<div class=\"elementor-column elementor-col-100 elementor-top-column elementor-element elementor-element-52af6ef\" data-id=\"52af6ef\" data-element_type=\"column\">\n\t\t\t<div class=\"elementor-widget-wrap elementor-element-populated\">\n\t\t\t\t\t\t\t\t<div class=\"elementor-element elementor-element-0f731a7 elementor-align-center elementor-widget elementor-widget-button\" data-id=\"0f731a7\" data-element_type=\"widget\" data-widget_type=\"button.default\">\n\t\t\t\t<div class=\"elementor-widget-container\">\n\t\t\t\t\t<div class=\"elementor-button-wrapper\">\n\t\t\t<a href=\"https:\/\/zumex-invest.com\/wp-content\/uploads\/2023\/07\/germany-switzerland.pdf\" class=\"elementor-button-link elementor-button elementor-size-sm\" role=\"button\">\n\t\t\t\t\t\t<span class=\"elementor-button-content-wrapper\">\n\t\t\t\t\t\t<span class=\"elementor-button-text\">Reise-PDF herunterladen<\/span>\n\t\t<\/span>\n\t\t\t\t\t<\/a>\n\t\t<\/div>\n\t\t\t\t<\/div>\n\t\t\t\t<\/div>\n\t\t\t\t\t<\/div>\n\t\t<\/div>\n\t\t\t\t\t\t\t<\/div>\n\t\t<\/section>\n\t\t\t\t\t\t\t<\/div>\n\t\t","protected":false},"excerpt":{"rendered":"<p>Deutschland &amp; Schweiz Reise-PDF herunterladen Ma\u00dfgeschneidertes Deutschland &amp; Schweiz: Abenteuer Alpen 9 Tage Private Reise f\u00fcr Sie entworfen BEI JEDER MASSGESCHNEIDERTEN LUXUSREISE INBEGRIFFEN Einzigartige Reiseroute f\u00fcr Sie entworfen Handverlesene Luxusunterk\u00fcnfte Exklusive Insider-Zugangsm\u00f6glichkeiten und inspirierende Besichtigungen Englisch sprechende lokale F\u00fchrer Flughafen Meet and Greet mit Privattransfers T\u00e4gliches komplettes Fr\u00fchst\u00fcck Eintrittsgelder und Steuern 24\/7 Zumex-Unterst\u00fctzung Reisen Sie &hellip;<\/p>\n<p class=\"read-more\"> <a class=\"\" href=\"https:\/\/zumex-invest.com\/de\/luxus-reisen\/deutschland-schweiz\"> <span class=\"screen-reader-text\">Deutschland &amp; Schweiz<\/span> Weiterlesen &raquo;<\/a><\/p>\n","protected":false},"author":1,"featured_media":0,"parent":572,"menu_order":0,"comment_status":"closed","ping_status":"closed","template":"","meta":{"site-sidebar-layout":"no-sidebar","site-content-layout":"page-builder","ast-global-header-display":"","ast-main-header-display":"","ast-hfb-above-header-display":"","ast-hfb-below-header-display":"","ast-hfb-mobile-header-display":"","site-post-title":"disabled","ast-breadcrumbs-content":"","ast-featured-img":"disabled","footer-sml-layout":"","theme-transparent-header-meta":"","adv-header-id-meta":"","stick-header-meta":"","header-above-stick-meta":"","header-main-stick-meta":"","header-below-stick-meta":"","footnotes":""},"class_list":["post-582","page","type-page","status-publish","hentry"],"_links":{"self":[{"href":"https:\/\/zumex-invest.com\/de\/wp-json\/wp\/v2\/pages\/582","targetHints":{"allow":["GET"]}}],"collection":[{"href":"https:\/\/zumex-invest.com\/de\/wp-json\/wp\/v2\/pages"}],"about":[{"href":"https:\/\/zumex-invest.com\/de\/wp-json\/wp\/v2\/types\/page"}],"author":[{"embeddable":true,"href":"https:\/\/zumex-invest.com\/de\/wp-json\/wp\/v2\/users\/1"}],"replies":[{"embeddable":true,"href":"https:\/\/zumex-invest.com\/de\/wp-json\/wp\/v2\/comments?post=582"}],"version-history":[{"count":1,"href":"https:\/\/zumex-invest.com\/de\/wp-json\/wp\/v2\/pages\/582\/revisions"}],"predecessor-version":[{"id":583,"href":"https:\/\/zumex-invest.com\/de\/wp-json\/wp\/v2\/pages\/582\/revisions\/583"}],"up":[{"embeddable":true,"href":"https:\/\/zumex-invest.com\/de\/wp-json\/wp\/v2\/pages\/572"}],"wp:attachment":[{"href":"https:\/\/zumex-invest.com\/de\/wp-json\/wp\/v2\/media?parent=582"}],"curies":[{"name":"wp","href":"https:\/\/api.w.org\/{rel}","templated":true}]}}