{"id":584,"date":"2023-06-04T13:34:42","date_gmt":"2023-06-04T13:34:42","guid":{"rendered":"https:\/\/zumex-invest.com\/luxus-reisen\/nordpol-expedition"},"modified":"2023-07-11T21:11:25","modified_gmt":"2023-07-11T21:11:25","slug":"nordpol-expedition","status":"publish","type":"page","link":"https:\/\/zumex-invest.com\/de\/luxus-reisen\/nordpol-expedition","title":{"rendered":"Nordpol-Expedition"},"content":{"rendered":"\t\t<div data-elementor-type=\"wp-page\" data-elementor-id=\"584\" class=\"elementor elementor-584 elementor-264\">\n\t\t\t\t\t\t\t\t\t<section class=\"elementor-section elementor-top-section elementor-element elementor-element-ff0a0ea elementor-section-boxed elementor-section-height-default elementor-section-height-default\" data-id=\"ff0a0ea\" data-element_type=\"section\" data-settings=\"{&quot;background_background&quot;:&quot;classic&quot;}\">\n\t\t\t\t\t\t\t<div class=\"elementor-background-overlay\"><\/div>\n\t\t\t\t\t\t\t<div class=\"elementor-container elementor-column-gap-default\">\n\t\t\t\t\t<div class=\"elementor-column elementor-col-100 elementor-top-column elementor-element elementor-element-35f2dab\" data-id=\"35f2dab\" data-element_type=\"column\">\n\t\t\t<div class=\"elementor-widget-wrap elementor-element-populated\">\n\t\t\t\t\t\t\t\t<div class=\"elementor-element elementor-element-0488803 elementor-widget elementor-widget-heading\" data-id=\"0488803\" data-element_type=\"widget\" data-widget_type=\"heading.default\">\n\t\t\t\t<div class=\"elementor-widget-container\">\n\t\t\t<style>\/*! elementor - v3.13.3 - 28-05-2023 *\/\n.elementor-heading-title{padding:0;margin:0;line-height:1}.elementor-widget-heading .elementor-heading-title[class*=elementor-size-]>a{color:inherit;font-size:inherit;line-height:inherit}.elementor-widget-heading .elementor-heading-title.elementor-size-small{font-size:15px}.elementor-widget-heading .elementor-heading-title.elementor-size-medium{font-size:19px}.elementor-widget-heading .elementor-heading-title.elementor-size-large{font-size:29px}.elementor-widget-heading .elementor-heading-title.elementor-size-xl{font-size:39px}.elementor-widget-heading .elementor-heading-title.elementor-size-xxl{font-size:59px}<\/style><h1 class=\"elementor-heading-title elementor-size-default\">Nordpol-Expeditionskreuzfahrt<\/h1>\t\t<\/div>\n\t\t\t\t<\/div>\n\t\t\t\t\t<\/div>\n\t\t<\/div>\n\t\t\t\t\t\t\t<\/div>\n\t\t<\/section>\n\t\t\t\t<section class=\"elementor-section elementor-top-section elementor-element elementor-element-94de418 elementor-section-boxed elementor-section-height-default elementor-section-height-default\" data-id=\"94de418\" data-element_type=\"section\" data-settings=\"{&quot;background_background&quot;:&quot;classic&quot;}\">\n\t\t\t\t\t\t<div class=\"elementor-container elementor-column-gap-default\">\n\t\t\t\t\t<div class=\"elementor-column elementor-col-100 elementor-top-column elementor-element elementor-element-d39b4f2\" data-id=\"d39b4f2\" data-element_type=\"column\">\n\t\t\t<div class=\"elementor-widget-wrap elementor-element-populated\">\n\t\t\t\t\t\t\t\t<div class=\"elementor-element elementor-element-18bb76b elementor-align-center elementor-widget elementor-widget-button\" data-id=\"18bb76b\" data-element_type=\"widget\" data-widget_type=\"button.default\">\n\t\t\t\t<div class=\"elementor-widget-container\">\n\t\t\t\t\t<div class=\"elementor-button-wrapper\">\n\t\t\t<a href=\"https:\/\/zumex-invest.com\/wp-content\/uploads\/2023\/07\/north-pole.pdf\" class=\"elementor-button-link elementor-button elementor-size-sm\" role=\"button\">\n\t\t\t\t\t\t<span class=\"elementor-button-content-wrapper\">\n\t\t\t\t\t\t<span class=\"elementor-button-text\">Reise-PDF herunterladen<\/span>\n\t\t<\/span>\n\t\t\t\t\t<\/a>\n\t\t<\/div>\n\t\t\t\t<\/div>\n\t\t\t\t<\/div>\n\t\t\t\t\t<\/div>\n\t\t<\/div>\n\t\t\t\t\t\t\t<\/div>\n\t\t<\/section>\n\t\t\t\t<section class=\"elementor-section elementor-top-section elementor-element elementor-element-8aa795c elementor-section-boxed elementor-section-height-default elementor-section-height-default\" data-id=\"8aa795c\" data-element_type=\"section\">\n\t\t\t\t\t\t<div class=\"elementor-container elementor-column-gap-default\">\n\t\t\t\t\t<div class=\"elementor-column elementor-col-100 elementor-top-column elementor-element elementor-element-f2b00fe\" data-id=\"f2b00fe\" data-element_type=\"column\">\n\t\t\t<div class=\"elementor-widget-wrap elementor-element-populated\">\n\t\t\t\t\t\t\t\t<div class=\"elementor-element elementor-element-43801ba elementor-widget elementor-widget-text-editor\" data-id=\"43801ba\" data-element_type=\"widget\" data-widget_type=\"text-editor.default\">\n\t\t\t\t<div class=\"elementor-widget-container\">\n\t\t\t<style>\/*! elementor - v3.13.3 - 28-05-2023 *\/\n.elementor-widget-text-editor.elementor-drop-cap-view-stacked .elementor-drop-cap{background-color:#69727d;color:#fff}.elementor-widget-text-editor.elementor-drop-cap-view-framed .elementor-drop-cap{color:#69727d;border:3px solid;background-color:transparent}.elementor-widget-text-editor:not(.elementor-drop-cap-view-default) .elementor-drop-cap{margin-top:8px}.elementor-widget-text-editor:not(.elementor-drop-cap-view-default) .elementor-drop-cap-letter{width:1em;height:1em}.elementor-widget-text-editor .elementor-drop-cap{float:left;text-align:center;line-height:1;font-size:50px}.elementor-widget-text-editor .elementor-drop-cap-letter{display:inline-block}<\/style>\t\t\t\t<p><strong>Nordpol-Expeditionskreuzfahrt: Die ultimative Grenze 2024<\/strong><br \/>Abreisedatum 10. Juli &#8211; 27. Juli 2024<br \/>18 Tage ab $47,995 pro Person<br \/>Begrenzt auf 199 G\u00e4ste<\/p>\n<p>BEI DIESER LUXUS-EXPEDITIONSKREUZFAHRT INBEGRIFFEN<\/p>\n<ul>\n<li>Eine exklusiv gecharterte All-Inclusive-Reise unter der Leitung des Expeditionsteams von Zumex<\/li>\n<li>Aufenthalt vor und\/oder nach der Kreuzfahrt in einem ideal gelegenen Hotel<\/li>\n<li>Flughafentransfer und Begr\u00fc\u00dfung<\/li>\n<li>Privater Balkon bei jeder Unterkunft an Bord und Butler-Service bei jeder Suite<\/li>\n<li>Maximales Verh\u00e4ltnis zwischen Personal und G\u00e4sten von 1 zu 1,3<\/li>\n<li>Kulinarisches Programm mit franz\u00f6sisch inspirierter K\u00fcche, einschlie\u00dflich Hausgetr\u00e4nken, Nachmittagstee und Geb\u00e4ck<\/li>\n<li>24-Stunden-Zimmerservice und Fr\u00fchst\u00fcck im Bett an Bord<\/li>\n<li>Kostenloser Expeditionsparka, Rucksack und Wasserflasche sowie wasserdichte Hosen, Stiefel und Trekkingst\u00f6cke<\/li>\n<li>Exkursionen unter der Leitung von erfahrenen Naturf\u00fchrern<\/li>\n<li>Enrichment-Programm, Vortr\u00e4ge und Pr\u00e4sentationen<\/li>\n<li>Gep\u00e4ckaufbewahrung f\u00fcr Reisende<\/li>\n<li>W\u00e4scheservice an Bord<\/li>\n<li>Alle Trinkgelder, Hafengeb\u00fchren und Steuern<\/li>\n<li>Kostenloses Wi-Fi an Bord und in den Hotels<\/li>\n<li>Bordservice durch englischsprachiges Personal, einschlie\u00dflich eines akkreditierten Arztes<\/li>\n<li>24\/7 Zumex&#8217;s Unterst\u00fctzung<\/li>\n<\/ul>\n\t\t\t\t\t\t<\/div>\n\t\t\t\t<\/div>\n\t\t\t\t\t<\/div>\n\t\t<\/div>\n\t\t\t\t\t\t\t<\/div>\n\t\t<\/section>\n\t\t\t\t<section class=\"elementor-section elementor-top-section elementor-element elementor-element-312aa06 elementor-section-boxed elementor-section-height-default elementor-section-height-default\" data-id=\"312aa06\" data-element_type=\"section\" data-settings=\"{&quot;background_background&quot;:&quot;classic&quot;}\">\n\t\t\t\t\t\t<div class=\"elementor-container elementor-column-gap-default\">\n\t\t\t\t\t<div class=\"elementor-column elementor-col-100 elementor-top-column elementor-element elementor-element-4297ead\" data-id=\"4297ead\" data-element_type=\"column\">\n\t\t\t<div class=\"elementor-widget-wrap elementor-element-populated\">\n\t\t\t\t\t\t\t\t<div class=\"elementor-element elementor-element-7894981 elementor-align-center elementor-widget elementor-widget-button\" data-id=\"7894981\" data-element_type=\"widget\" data-widget_type=\"button.default\">\n\t\t\t\t<div class=\"elementor-widget-container\">\n\t\t\t\t\t<div class=\"elementor-button-wrapper\">\n\t\t\t<a href=\"https:\/\/zumex-invest.com\/wp-content\/uploads\/2023\/07\/north-pole.pdf\" class=\"elementor-button-link elementor-button elementor-size-sm\" role=\"button\">\n\t\t\t\t\t\t<span class=\"elementor-button-content-wrapper\">\n\t\t\t\t\t\t<span class=\"elementor-button-text\">Reise-PDF herunterladen<\/span>\n\t\t<\/span>\n\t\t\t\t\t<\/a>\n\t\t<\/div>\n\t\t\t\t<\/div>\n\t\t\t\t<\/div>\n\t\t\t\t\t<\/div>\n\t\t<\/div>\n\t\t\t\t\t\t\t<\/div>\n\t\t<\/section>\n\t\t\t\t\t\t\t<\/div>\n\t\t","protected":false},"excerpt":{"rendered":"<p>Nordpol-Expeditionskreuzfahrt Reise-PDF herunterladen Nordpol-Expeditionskreuzfahrt: Die ultimative Grenze 2024Abreisedatum 10. Juli &#8211; 27. Juli 202418 Tage ab $47,995 pro PersonBegrenzt auf 199 G\u00e4ste BEI DIESER LUXUS-EXPEDITIONSKREUZFAHRT INBEGRIFFEN Eine exklusiv gecharterte All-Inclusive-Reise unter der Leitung des Expeditionsteams von Zumex Aufenthalt vor und\/oder nach der Kreuzfahrt in einem ideal gelegenen Hotel Flughafentransfer und Begr\u00fc\u00dfung Privater Balkon bei jeder &hellip;<\/p>\n<p class=\"read-more\"> <a class=\"\" href=\"https:\/\/zumex-invest.com\/de\/luxus-reisen\/nordpol-expedition\"> <span class=\"screen-reader-text\">Nordpol-Expedition<\/span> Weiterlesen &raquo;<\/a><\/p>\n","protected":false},"author":1,"featured_media":0,"parent":572,"menu_order":0,"comment_status":"closed","ping_status":"closed","template":"","meta":{"site-sidebar-layout":"no-sidebar","site-content-layout":"page-builder","ast-global-header-display":"","ast-main-header-display":"","ast-hfb-above-header-display":"","ast-hfb-below-header-display":"","ast-hfb-mobile-header-display":"","site-post-title":"disabled","ast-breadcrumbs-content":"","ast-featured-img":"disabled","footer-sml-layout":"","theme-transparent-header-meta":"","adv-header-id-meta":"","stick-header-meta":"","header-above-stick-meta":"","header-main-stick-meta":"","header-below-stick-meta":"","footnotes":""},"class_list":["post-584","page","type-page","status-publish","hentry"],"_links":{"self":[{"href":"https:\/\/zumex-invest.com\/de\/wp-json\/wp\/v2\/pages\/584","targetHints":{"allow":["GET"]}}],"collection":[{"href":"https:\/\/zumex-invest.com\/de\/wp-json\/wp\/v2\/pages"}],"about":[{"href":"https:\/\/zumex-invest.com\/de\/wp-json\/wp\/v2\/types\/page"}],"author":[{"embeddable":true,"href":"https:\/\/zumex-invest.com\/de\/wp-json\/wp\/v2\/users\/1"}],"replies":[{"embeddable":true,"href":"https:\/\/zumex-invest.com\/de\/wp-json\/wp\/v2\/comments?post=584"}],"version-history":[{"count":3,"href":"https:\/\/zumex-invest.com\/de\/wp-json\/wp\/v2\/pages\/584\/revisions"}],"predecessor-version":[{"id":587,"href":"https:\/\/zumex-invest.com\/de\/wp-json\/wp\/v2\/pages\/584\/revisions\/587"}],"up":[{"embeddable":true,"href":"https:\/\/zumex-invest.com\/de\/wp-json\/wp\/v2\/pages\/572"}],"wp:attachment":[{"href":"https:\/\/zumex-invest.com\/de\/wp-json\/wp\/v2\/media?parent=584"}],"curies":[{"name":"wp","href":"https:\/\/api.w.org\/{rel}","templated":true}]}}