{"id":588,"date":"2023-06-04T20:05:47","date_gmt":"2023-06-04T20:05:47","guid":{"rendered":"https:\/\/zumex-invest.com\/luxus-reisen\/privatjet-reisen"},"modified":"2023-07-11T21:11:27","modified_gmt":"2023-07-11T21:11:27","slug":"privatjet-reisen","status":"publish","type":"page","link":"https:\/\/zumex-invest.com\/de\/luxus-reisen\/privatjet-reisen","title":{"rendered":"Privatjet-Reisen"},"content":{"rendered":"\t\t<div data-elementor-type=\"wp-page\" data-elementor-id=\"588\" class=\"elementor elementor-588 elementor-313\">\n\t\t\t\t\t\t\t\t\t<section class=\"elementor-section elementor-top-section elementor-element elementor-element-ff0a0ea elementor-section-boxed elementor-section-height-default elementor-section-height-default\" data-id=\"ff0a0ea\" data-element_type=\"section\" data-settings=\"{&quot;background_background&quot;:&quot;classic&quot;}\">\n\t\t\t\t\t\t\t<div class=\"elementor-background-overlay\"><\/div>\n\t\t\t\t\t\t\t<div class=\"elementor-container elementor-column-gap-default\">\n\t\t\t\t\t<div class=\"elementor-column elementor-col-100 elementor-top-column elementor-element elementor-element-35f2dab\" data-id=\"35f2dab\" data-element_type=\"column\">\n\t\t\t<div class=\"elementor-widget-wrap elementor-element-populated\">\n\t\t\t\t\t\t\t\t<div class=\"elementor-element elementor-element-0488803 elementor-widget elementor-widget-heading\" data-id=\"0488803\" data-element_type=\"widget\" data-widget_type=\"heading.default\">\n\t\t\t\t<div class=\"elementor-widget-container\">\n\t\t\t<style>\/*! elementor - v3.13.3 - 28-05-2023 *\/\n.elementor-heading-title{padding:0;margin:0;line-height:1}.elementor-widget-heading .elementor-heading-title[class*=elementor-size-]>a{color:inherit;font-size:inherit;line-height:inherit}.elementor-widget-heading .elementor-heading-title.elementor-size-small{font-size:15px}.elementor-widget-heading .elementor-heading-title.elementor-size-medium{font-size:19px}.elementor-widget-heading .elementor-heading-title.elementor-size-large{font-size:29px}.elementor-widget-heading .elementor-heading-title.elementor-size-xl{font-size:39px}.elementor-widget-heading .elementor-heading-title.elementor-size-xxl{font-size:59px}<\/style><h1 class=\"elementor-heading-title elementor-size-default\">Privatjet-Reisen<\/h1>\t\t<\/div>\n\t\t\t\t<\/div>\n\t\t\t\t\t<\/div>\n\t\t<\/div>\n\t\t\t\t\t\t\t<\/div>\n\t\t<\/section>\n\t\t\t\t<section class=\"elementor-section elementor-top-section elementor-element elementor-element-8aa795c elementor-section-boxed elementor-section-height-default elementor-section-height-default\" data-id=\"8aa795c\" data-element_type=\"section\">\n\t\t\t\t\t\t<div class=\"elementor-container elementor-column-gap-default\">\n\t\t\t\t\t<div class=\"elementor-column elementor-col-100 elementor-top-column elementor-element elementor-element-f2b00fe\" data-id=\"f2b00fe\" data-element_type=\"column\">\n\t\t\t<div class=\"elementor-widget-wrap elementor-element-populated\">\n\t\t\t\t\t\t\t\t<div class=\"elementor-element elementor-element-43801ba elementor-widget elementor-widget-text-editor\" data-id=\"43801ba\" data-element_type=\"widget\" data-widget_type=\"text-editor.default\">\n\t\t\t\t<div class=\"elementor-widget-container\">\n\t\t\t<style>\/*! elementor - v3.13.3 - 28-05-2023 *\/\n.elementor-widget-text-editor.elementor-drop-cap-view-stacked .elementor-drop-cap{background-color:#69727d;color:#fff}.elementor-widget-text-editor.elementor-drop-cap-view-framed .elementor-drop-cap{color:#69727d;border:3px solid;background-color:transparent}.elementor-widget-text-editor:not(.elementor-drop-cap-view-default) .elementor-drop-cap{margin-top:8px}.elementor-widget-text-editor:not(.elementor-drop-cap-view-default) .elementor-drop-cap-letter{width:1em;height:1em}.elementor-widget-text-editor .elementor-drop-cap{float:left;text-align:center;line-height:1;font-size:50px}.elementor-widget-text-editor .elementor-drop-cap-letter{display:inline-block}<\/style>\t\t\t\t<p><strong>Das ultimative weltumspannende Abenteuer<\/strong><\/p>\n<p>Eine Zumex-Privatjet-Reise ist der H\u00f6hepunkt einer inspirierenden Erfahrung, in die alles eingeflossen ist, was wir gelernt und perfektioniert haben. Ihre kleine Gruppe von maximal 48 G\u00e4sten reist auf einer exklusiven Route mit Insider-Zugang, feinem Essen und kulturellen Veranstaltungen, die nur auf Einladung unserer lokalen Experten stattfinden. Jetten Sie mit den besten Tourmanagern und einer engagierten Flugbesatzung von einem Reiseziel zum n\u00e4chsten, und beenden Sie jeden Tag in Unterk\u00fcnften, die aufgrund ihres Komforts, ihrer Gastfreundschaft und ihres echten lokalen Charakters ausgew\u00e4hlt wurden. Von dem Moment an, in dem Sie ankommen, bis zu dem Tag, an dem Sie sich von Ihrer Privatjet-Crew verabschieden, erleben Sie eine Reise, die Luxus, Authentizit\u00e4t und Fachwissen vereint, wie es nur Zumex kann.<\/p>\n<p><strong>Die ultimative Art zu reisen<\/strong><\/p>\n<p>Diese Zumex Private Jet Experience ist das ultimative Luxusabenteuer, eine kunstvoll inszenierte Abfolge von inspirierenden Reisezielen und einmaligen Erlebnissen, die durch die Flexibilit\u00e4t eines Privatflugzeugs m\u00f6glich wird &#8211; sowie durch das un\u00fcbertroffene Wissen der lokalen Experten von Zumex auf der ganzen Welt. Ihre kleine Gruppe von 48 gleichgesinnten G\u00e4sten reist auf einer All-inclusive-Route mit erstklassigen Tierbeobachtungen, unvergesslichen Abendessen und fesselnden kulturellen Veranstaltungen, die exklusiv f\u00fcr Sie arrangiert werden. Jetten Sie mit einem Stab von erfahrenen Tourmanagern, einem professionellen Fotografen und einer engagierten Flugbesatzung von einem Reiseziel zum n\u00e4chsten und beenden Sie jeden Tag in Unterk\u00fcnften, die aufgrund ihres Komforts, ihrer Gastfreundschaft und ihres echten lokalen Charakters ausgew\u00e4hlt wurden. Von dem Moment an, in dem Sie ankommen, bis zu dem Tag, an dem Sie sich von Ihrer Privatjet-Crew verabschieden, erleben Sie eine Reise, die Luxus, Authentizit\u00e4t und Fachwissen vereint, wie es nur Zumex kann.<\/p>\n<p><strong>Fliegen wie es sein sollte<\/strong><\/p>\n<p>Steigen Sie an Bord einer von Zumex gecharterten Boeing 757 und genie\u00dfen Sie ein H\u00f6chstma\u00df an Komfort und Stil mit 48 vollst\u00e4ndig flachen First-Class-Sitzen, einer engagierten Kabinencrew, die Ihren Privatjet zu einem einladenden Zuhause fernab von zu Hause macht, und einer Reihe von durchdachten Annehmlichkeiten, von einer Espressomaschine und Kopfh\u00f6rern zur Ger\u00e4uschunterdr\u00fcckung bis hin zu Wi-Fi (sofern verf\u00fcgbar) und einem auf Ihre Reiseroute abgestimmten Unterhaltungsprogramm. Sie landen an exotischen Zielen, die mit den gro\u00dfen Fluggesellschaften nicht so leicht zu erreichen sind, und kommen und gehen zuverl\u00e4ssig nach einem Zeitplan, der sich nach Ihrer Reiseroute richtet &#8211; und nicht nach den W\u00fcnschen einer Fluggesellschaft.<\/p>\n<p><strong>Unterkunft und Verpflegung<\/strong><\/p>\n<p>Ihre Unterk\u00fcnfte verk\u00f6rpern die authentische Gastfreundschaft und den Charakter des jeweiligen Ortes, den Sie besuchen. Dazu geh\u00f6ren Luxus  <br>Safari-Camps wie das Sanctuary Gorilla Forest Camp und Angama Mara sowie das urbane Peninsula Tokyo und Six Senses Fort Barwara, ein ehemaliges Fort aus dem 14. Ihre Mahlzeiten sind ein wahres Fest f\u00fcr die Sinne, mit lokaler Unterhaltung und atemberaubenden Naturkulissen, die Cocktails oder ein Abendessen zu einem Ereignis machen. Sie genie\u00dfen auch  <br>die M\u00f6glichkeit, die K\u00fcche Ihres Reiseziels in einem Restaurant Ihrer Wahl auf eigene Faust zu erleben.<\/p>\n<p><strong>Ihr Reiseleiter<\/strong><\/p>\n<p>Ihre Reise wird von einem erfahrenen Reiseleiter geleitet, der den Reiseverlauf von Anfang bis Ende \u00fcberwacht. Vor Ort teilt sich Ihre Gruppe in kleinere Gruppen auf, die jeweils von einem Tourmanager geleitet und von ortsans\u00e4ssigen F\u00fchrern und Wildtierexperten unterst\u00fctzt werden. Ein professioneller Fotograf steht w\u00e4hrend der gesamten Reise zur Verf\u00fcgung und gibt Tipps f\u00fcr das perfekte Foto. Ein Bordarzt reist mit Ihnen, um Sie bei medizinischen Problemen zu unterst\u00fctzen, w\u00e4hrend Ihr engagierter Gep\u00e4ckmanager die Handhabung Ihres Gep\u00e4cks zwischen den einzelnen Zielorten im Rahmen des Travelling Bell Boy Service von Zumex beaufsichtigt.<\/p>\n<p><strong>WILDSAFARI<\/strong><br><strong>MIT DEM PRIVATJET UM DIE WELT<\/strong><\/p>\n<p>14. Februar bis 9. M\u00e4rz 2024<\/p>\n<p>25 Tage | Begrenzt auf 48 G\u00e4ste<\/p>\n<p>$164.950 pro Person, Doppelbelegung | $21.950 Einzelzimmerzuschlag<\/p>\n<p><strong>PORTLAND<\/strong><br><strong>Feb 14 | Deine Reise beginnt<\/strong><\/p>\n<p>Ankunft in Portland und Transfer zu Ihrer Unterkunft im neuen Ritz-Carlton Portland, wo Sie Ihr Reiseleitungsteam und Ihre Mitreisenden bei Cocktails und einem Abendessen treffen. Mahlzeiten: Diner<br>Ritz-Carlton, Portland  <br>Portland, Oregon<br>Das Hotel liegt in Portlands lebhaftem Downtown-Viertel,  <br>das neue Ritz-Carlton bringt ein neues Niveau  <br>zeitlosen Luxus in die Rosenstadt, mit einem  <br>Design beeinflusst von der Sch\u00f6nheit des Pazifiks  <br>Der Nordwesten kombiniert mit feinstem Luxus.<\/p>\n<p><strong>JAPAN<\/strong><br><strong>15-18. Februar | Der Schnee-Affe<\/strong><\/p>\n<p>Sie fliegen mit Ihrem Privatjet nach Tokio, Japan (und \u00fcberqueren dabei die internationale Datumsgrenze), wo Sie zu einem Abendessen mit Sushi und Sake erwartet werden. Reisen Sie zum Joshinetsu-Kogen-Nationalpark in Nagano und wandern Sie durch den Park, um den Japanmakaken zu begegnen, der auch als Schneeaffe bekannt ist. Heute Abend k\u00f6nnen Sie in einem von Zumex ausgew\u00e4hlten Restaurant in Tokio zu Abend essen. Gestalten Sie am n\u00e4chsten Tag Ihren Tag mit einer der folgenden Aktivit\u00e4ten:<\/p>\n<p><img decoding=\"async\" draggable=\"false\" role=\"img\" class=\"emoji\" alt=\"\u25b6\" src=\"https:\/\/s.w.org\/images\/core\/emoji\/14.0.0\/svg\/25b6.svg\">  Erkunden Sie Tokio mit einem fachkundigen F\u00fchrer und sehen Sie sich Asakusa Kannon an.  <br>Tempel und ein Bummel \u00fcber den Tsukiji-Markt.<\/p>\n<p><img decoding=\"async\" draggable=\"false\" role=\"img\" class=\"emoji\" alt=\"\u25b6\" src=\"https:\/\/s.w.org\/images\/core\/emoji\/14.0.0\/svg\/25b6.svg\">  Machen Sie einen Tagesausflug nach Kamakura, einer Stadt am Meer, die f\u00fcr ihre buddhistischen und shintoistischen Schreine und Tempel bekannt ist.<\/p>\n<p><img decoding=\"async\" draggable=\"false\" role=\"img\" class=\"emoji\" alt=\"\u25b6\" src=\"https:\/\/s.w.org\/images\/core\/emoji\/14.0.0\/svg\/25b6.svg\">  Genie\u00dfen Sie eine Spa-Behandlung in Ihrem Hotel, und der Rest des Tages steht Ihnen zur freien Verf\u00fcgung.<\/p>\n<p>Heute Abend nehmen Sie an einem feierlichen Abendessen teil, das von erfahrenen Geishas ausgerichtet wird.<\/p>\n<p><strong>DIE PHILIPPINEN<br><\/strong><strong>19.-21. Februar | Der Tarsier und der Walhai<\/strong><\/p>\n<p>Feiern Sie Ihre Ankunft in Cebu, der ersten spanischen Siedlung auf den Philippinen, bei einem Cocktailempfang und Abendessen am Strand von Playa del Fuego. Am n\u00e4chsten Morgen fliegen Sie mit einem privaten Hubschrauber nach Tagbilaran City, Bohol, und \u00fcberfliegen auf dem Weg dorthin die h\u00fcgeligen Chocolate Hills. Besuchen Sie das philippinische Tarsier-Schutzgebiet in Corella, wo Sie die Chance haben, einen der kleinsten und seltensten Primaten der Welt in seinem nat\u00fcrlichen Lebensraum zu beobachten. Diese scheuen Tiere sind in Gefangenschaft nur schwer zu halten, und es ist ein seltenes Vergn\u00fcgen, sie in natura zu sehen. Weiter geht es nach Loboc, wo Sie die Gelegenheit haben, mit einheimischen Kindern bei der Auff\u00fchrung traditioneller Lieder und T\u00e4nze in Kontakt zu treten. Genie\u00dfen Sie ein privates Konzert des renommierten Loboc Children&#8217;s Choir. Gestalten Sie Ihren Tag am n\u00e4chsten Tag mit Aktivit\u00e4ten Ihrer Wahl:<\/p>\n<p><img decoding=\"async\" draggable=\"false\" role=\"img\" class=\"emoji\" alt=\"\u25b6\" src=\"https:\/\/s.w.org\/images\/core\/emoji\/14.0.0\/svg\/25b6.svg\">  Schwimmen Sie mit dem Walhai und beobachten Sie diesen friedlichen, harmlosen  <br>Riese aus der N\u00e4he.<\/p>\n<p><img decoding=\"async\" draggable=\"false\" role=\"img\" class=\"emoji\" alt=\"\u25b6\" src=\"https:\/\/s.w.org\/images\/core\/emoji\/14.0.0\/svg\/25b6.svg\">  Spielen Sie gem\u00fctliche 18 L\u00f6cher auf einem nahe gelegenen Golfplatz.<\/p>\n<p><img decoding=\"async\" draggable=\"false\" role=\"img\" class=\"emoji\" alt=\"\u25b6\" src=\"https:\/\/s.w.org\/images\/core\/emoji\/14.0.0\/svg\/25b6.svg\">  W\u00e4hlen Sie aus den von Ihrem Resort angebotenen Aktivit\u00e4ten, darunter  <br>Schnorcheln, Kajakfahren und Jetskifahren.<\/p>\n<p>Nehmen Sie an Ihrem letzten Abend an einem kulturellen Fest teil, bei dem eine Reihe traditioneller philippinischer Gerichte und lebhafte Unterhaltung geboten werden.<\/p>\n<p><strong>MALAYSIA<\/strong><br><strong>22-23 Februar | Der Honigb\u00e4r und der Orang-Utan<\/strong><\/p>\n<p>Steigen Sie heute Morgen in Ihren Privatjet und fliegen Sie ins exotische Borneo. Begeben Sie sich auf einen Ausflug zu den Wildtierschutzgebieten von  <br>Sepilok, beginnend mit dem Bornean Sun Bear Conservation Center. Im Zentrum leben 44 gerettete B\u00e4ren, die in einer nat\u00fcrlichen Umgebung gedeihen, w\u00e4hrend sie darauf vorbereitet werden, wieder in die freie Wildbahn zur\u00fcckzukehren. Weiter geht es zum Sepilok Orang-Utan-Rehabilitationszentrum, einem der besten Orte, um diese vom Aussterben bedrohten Primaten zu beobachten. Hier haben Sie die Gelegenheit, hinter die Kulissen zu schauen und junge Orang-Utans zu beobachten, wie sie auf die R\u00fcckkehr in den Dschungel vorbereitet werden. Anschlie\u00dfend fahren Sie zum Hotel, wo Sie Zeit zur freien Verf\u00fcgung haben, oder Sie fahren weiter zum Labuk Bay Sanctuary, wo Sie an einer privaten F\u00fctterung von R\u00fcsselaffen teilnehmen k\u00f6nnen. Am n\u00e4chsten Tag begeben Sie sich auf eine Kreuzfahrt auf dem Abai-Fluss, um abseits der Touristenstr\u00f6me nach Wildtieren zu suchen. Das Dorf Abai ist der Eingang zu den unteren Kinabatangan Segama Wetlands, die etwa eine Stunde Bootsfahrt von Sandakan entfernt liegen. Die Vielfalt dieses Gebiets ist atemberaubend, denn es wurden mehr als 200 Vogelarten, 90 Fischarten und 50 S\u00e4ugetierarten gez\u00e4hlt. Heute Abend treffen Sie sich mit anderen G\u00e4sten zu Cocktails und einem Abendessen im English Tea House, bei dem lokale Jazzmusiker f\u00fcr Unterhaltung sorgen.<\/p>\n<p><strong>INDIEN<\/strong><br><strong>24-27 Februar | Der schwer fassbare bengalische Tiger<\/strong><\/p>\n<p>Ankunft in Jaipur, Indiens sagenumwobener &#8222;Pink City&#8220;, wo Sie mit einem traditionellen Maharadscha-Empfang begr\u00fc\u00dft werden. Heute Abend genie\u00dfen Sie ein Abendessen zum Thema Dorf. Am n\u00e4chsten Tag fahren Sie zum Ranthambore-Nationalpark, wo Sie und Ihre erfahrenen F\u00e4hrtenleser nach der gr\u00f6\u00dften aller Gro\u00dfkatzen suchen: dem bengalischen Tiger. Die W\u00e4lder von Ranthambore erstrecken sich \u00fcber eine Fl\u00e4che von etwa 250 Quadratmeilen und waren einst die privaten Jagdgr\u00fcnde der Maharadschas von Jaipur. Deren Wunsch, das Wild in diesen W\u00e4ldern zu erhalten, ist mit daf\u00fcr verantwortlich, dass Ranthambore der beste Lebensraum der Welt ist, um wilde Tiger zu sehen. Erkunden Sie den Dschungel am Morgen und am Nachmittag und halten Sie Ausschau nach diesen pr\u00e4chtigen Raubtieren sowie nach zahlreichen anderen Tierarten, die den Park als Heimat bezeichnen, darunter Wildschweine, Hirsche, Antilopen und Faultiere. Auch Ruinen, Pal\u00e4ste und Gr\u00e4ber der Moguln liegen in den baumbestandenen H\u00fcgeln. Genie\u00dfen Sie ein &#8222;Dine Around&#8220;-Angebot innerhalb des Resorts und speisen Sie in einem der Restaurants des Resorts oder auf einer Terrasse mit Blick auf die Landschaft. Gestalten Sie Ihren Tag in den n\u00e4chsten zwei Tagen mit Aktivit\u00e4ten Ihrer Wahl:<\/p>\n<p><img decoding=\"async\" draggable=\"false\" role=\"img\" class=\"emoji\" alt=\"\u25b6\" src=\"https:\/\/s.w.org\/images\/core\/emoji\/14.0.0\/svg\/25b6.svg\">  Genie\u00dfen Sie eine kulturelle Begegnung in einem lokalen Dorf.<\/p>\n<p><img decoding=\"async\" draggable=\"false\" role=\"img\" class=\"emoji\" alt=\"\u25b6\" src=\"https:\/\/s.w.org\/images\/core\/emoji\/14.0.0\/svg\/25b6.svg\">  Besuchen Sie das historische Ranthambore Fort, eine auf einem H\u00fcgel gelegene Festung mit herrlichem Blick auf den umliegenden Park.<\/p>\n<p><img decoding=\"async\" draggable=\"false\" role=\"img\" class=\"emoji\" alt=\"\u25b6\" src=\"https:\/\/s.w.org\/images\/core\/emoji\/14.0.0\/svg\/25b6.svg\">  Probieren Sie die Aromen der indischen K\u00fcche bei einer privaten Kochstunde.<\/p>\n<p><img decoding=\"async\" draggable=\"false\" role=\"img\" class=\"emoji\" alt=\"\u25b6\" src=\"https:\/\/s.w.org\/images\/core\/emoji\/14.0.0\/svg\/25b6.svg\">  Entspannen Sie sich im Six Senses Spa oder nehmen Sie an einem anderen Angebot teil  <br>Aktivit\u00e4ten im Resort.<\/p>\n<p><strong>Bei jeder Privatjet-Reise inbegriffen<\/strong><\/p>\n<ul>\n<li>Authentischer Insider-Zugang und exklusive Erlebnisse, erm\u00f6glicht durch Zumex&#8216; un\u00fcbertroffene lokale Expertise<\/li>\n<li>Englischsprachiger Reiseleiter, Tourmanager und lokale Reisef\u00fchrer<\/li>\n<li>Gecharterte Boeing 757 mit vollst\u00e4ndig flachen Sitzen in der ersten Klasse mit engagierter Crew und Chefkoch<\/li>\n<li>Handverlesene, einzigartige Unterk\u00fcnfte<\/li>\n<li>Eine Auswahl an Aktivit\u00e4ten an ausgew\u00e4hlten Reisezielen mit Zumex&#8217;s Design Your Day<\/li>\n<li>Arzt w\u00e4hrend der gesamten Reise<\/li>\n<li>Reisender Glockenjunge<\/li>\n<li>Gep\u00e4ckabfertigung<\/li>\n<li>Gep\u00e4ckaufbewahrung f\u00fcr Reisende<\/li>\n<li>Kostenfreier W\u00e4scheservice w\u00e4hrend der Reise<\/li>\n<li>Alle Mahlzeiten mit Getr\u00e4nken, einschlie\u00dflich individuell gestalteter kulinarischer Erlebnisse und festlicher lokaler Unterhaltung<\/li>\n<li>White Glove Pass- und Visabearbeitungsservice<\/li>\n<li>Alle Trinkgelder<br>Kostenloser Internetzugang, auch im Flugzeug (sofern verf\u00fcgbar)<\/li>\n<li>24\/7 Zumex-Unterst\u00fctzung<\/li>\n<\/ul>\t\t\t\t\t\t<\/div>\n\t\t\t\t<\/div>\n\t\t\t\t\t<\/div>\n\t\t<\/div>\n\t\t\t\t\t\t\t<\/div>\n\t\t<\/section>\n\t\t\t\t\t\t\t<\/div>\n\t\t","protected":false},"excerpt":{"rendered":"<p>Privatjet-Reisen Das ultimative weltumspannende Abenteuer Eine Zumex-Privatjet-Reise ist der H\u00f6hepunkt einer inspirierenden Erfahrung, in die alles eingeflossen ist, was wir gelernt und perfektioniert haben. Ihre kleine Gruppe von maximal 48 G\u00e4sten reist auf einer exklusiven Route mit Insider-Zugang, feinem Essen und kulturellen Veranstaltungen, die nur auf Einladung unserer lokalen Experten stattfinden. Jetten Sie mit den &hellip;<\/p>\n<p class=\"read-more\"> <a class=\"\" href=\"https:\/\/zumex-invest.com\/de\/luxus-reisen\/privatjet-reisen\"> <span class=\"screen-reader-text\">Privatjet-Reisen<\/span> Weiterlesen &raquo;<\/a><\/p>\n","protected":false},"author":1,"featured_media":0,"parent":572,"menu_order":0,"comment_status":"closed","ping_status":"closed","template":"","meta":{"site-sidebar-layout":"no-sidebar","site-content-layout":"page-builder","ast-global-header-display":"","ast-main-header-display":"","ast-hfb-above-header-display":"","ast-hfb-below-header-display":"","ast-hfb-mobile-header-display":"","site-post-title":"disabled","ast-breadcrumbs-content":"","ast-featured-img":"disabled","footer-sml-layout":"","theme-transparent-header-meta":"","adv-header-id-meta":"","stick-header-meta":"","header-above-stick-meta":"","header-main-stick-meta":"","header-below-stick-meta":"","footnotes":""},"class_list":["post-588","page","type-page","status-publish","hentry"],"_links":{"self":[{"href":"https:\/\/zumex-invest.com\/de\/wp-json\/wp\/v2\/pages\/588","targetHints":{"allow":["GET"]}}],"collection":[{"href":"https:\/\/zumex-invest.com\/de\/wp-json\/wp\/v2\/pages"}],"about":[{"href":"https:\/\/zumex-invest.com\/de\/wp-json\/wp\/v2\/types\/page"}],"author":[{"embeddable":true,"href":"https:\/\/zumex-invest.com\/de\/wp-json\/wp\/v2\/users\/1"}],"replies":[{"embeddable":true,"href":"https:\/\/zumex-invest.com\/de\/wp-json\/wp\/v2\/comments?post=588"}],"version-history":[{"count":1,"href":"https:\/\/zumex-invest.com\/de\/wp-json\/wp\/v2\/pages\/588\/revisions"}],"predecessor-version":[{"id":589,"href":"https:\/\/zumex-invest.com\/de\/wp-json\/wp\/v2\/pages\/588\/revisions\/589"}],"up":[{"embeddable":true,"href":"https:\/\/zumex-invest.com\/de\/wp-json\/wp\/v2\/pages\/572"}],"wp:attachment":[{"href":"https:\/\/zumex-invest.com\/de\/wp-json\/wp\/v2\/media?parent=588"}],"curies":[{"name":"wp","href":"https:\/\/api.w.org\/{rel}","templated":true}]}}