{"id":466,"date":"2023-06-04T13:37:26","date_gmt":"2023-06-04T13:37:26","guid":{"rendered":"https:\/\/zumex-invest.com\/berlin-a-baviere-2023"},"modified":"2023-07-11T20:42:31","modified_gmt":"2023-07-11T20:42:31","slug":"berlin-a-baviere-2023","status":"publish","type":"page","link":"https:\/\/zumex-invest.com\/fr\/berlin-a-baviere-2023","title":{"rendered":"Berlin \u00e0 Bavi\u00e8re 2023"},"content":{"rendered":"\t\t<div data-elementor-type=\"wp-page\" data-elementor-id=\"466\" class=\"elementor elementor-466 elementor-272\">\n\t\t\t\t\t\t\t\t\t<section class=\"elementor-section elementor-top-section elementor-element elementor-element-ff0a0ea elementor-section-boxed elementor-section-height-default elementor-section-height-default\" data-id=\"ff0a0ea\" data-element_type=\"section\" data-settings=\"{&quot;background_background&quot;:&quot;classic&quot;}\">\n\t\t\t\t\t\t\t<div class=\"elementor-background-overlay\"><\/div>\n\t\t\t\t\t\t\t<div class=\"elementor-container elementor-column-gap-default\">\n\t\t\t\t\t<div class=\"elementor-column elementor-col-100 elementor-top-column elementor-element elementor-element-35f2dab\" data-id=\"35f2dab\" data-element_type=\"column\">\n\t\t\t<div class=\"elementor-widget-wrap elementor-element-populated\">\n\t\t\t\t\t\t\t\t<div class=\"elementor-element elementor-element-0488803 elementor-widget elementor-widget-heading\" data-id=\"0488803\" data-element_type=\"widget\" data-widget_type=\"heading.default\">\n\t\t\t\t<div class=\"elementor-widget-container\">\n\t\t\t<style>\/*! elementor - v3.13.3 - 28-05-2023 *\/\n.elementor-heading-title{padding:0;margin:0;line-height:1}.elementor-widget-heading .elementor-heading-title[class*=elementor-size-]>a{color:inherit;font-size:inherit;line-height:inherit}.elementor-widget-heading .elementor-heading-title.elementor-size-small{font-size:15px}.elementor-widget-heading .elementor-heading-title.elementor-size-medium{font-size:19px}.elementor-widget-heading .elementor-heading-title.elementor-size-large{font-size:29px}.elementor-widget-heading .elementor-heading-title.elementor-size-xl{font-size:39px}.elementor-widget-heading .elementor-heading-title.elementor-size-xxl{font-size:59px}<\/style><h1 class=\"elementor-heading-title elementor-size-default\">Berlin \u00e0 Bavi\u00e8re 2023<\/h1>\t\t<\/div>\n\t\t\t\t<\/div>\n\t\t\t\t\t<\/div>\n\t\t<\/div>\n\t\t\t\t\t\t\t<\/div>\n\t\t<\/section>\n\t\t\t\t<section class=\"elementor-section elementor-top-section elementor-element elementor-element-6c4eff6 elementor-section-boxed elementor-section-height-default elementor-section-height-default\" data-id=\"6c4eff6\" data-element_type=\"section\" data-settings=\"{&quot;background_background&quot;:&quot;classic&quot;}\">\n\t\t\t\t\t\t<div class=\"elementor-container elementor-column-gap-default\">\n\t\t\t\t\t<div class=\"elementor-column elementor-col-100 elementor-top-column elementor-element elementor-element-ea18481\" data-id=\"ea18481\" data-element_type=\"column\">\n\t\t\t<div class=\"elementor-widget-wrap elementor-element-populated\">\n\t\t\t\t\t\t\t\t<div class=\"elementor-element elementor-element-a8565f3 elementor-align-center elementor-widget elementor-widget-button\" data-id=\"a8565f3\" data-element_type=\"widget\" data-widget_type=\"button.default\">\n\t\t\t\t<div class=\"elementor-widget-container\">\n\t\t\t\t\t<div class=\"elementor-button-wrapper\">\n\t\t\t<a href=\"https:\/\/zumex-invest.com\/wp-content\/uploads\/2023\/07\/berlin-bavaria.pdf\" class=\"elementor-button-link elementor-button elementor-size-sm\" role=\"button\">\n\t\t\t\t\t\t<span class=\"elementor-button-content-wrapper\">\n\t\t\t\t\t\t<span class=\"elementor-button-text\">T\u00e9l\u00e9charger Travel PDF<\/span>\n\t\t<\/span>\n\t\t\t\t\t<\/a>\n\t\t<\/div>\n\t\t\t\t<\/div>\n\t\t\t\t<\/div>\n\t\t\t\t\t<\/div>\n\t\t<\/div>\n\t\t\t\t\t\t\t<\/div>\n\t\t<\/section>\n\t\t\t\t<section class=\"elementor-section elementor-top-section elementor-element elementor-element-8aa795c elementor-section-boxed elementor-section-height-default elementor-section-height-default\" data-id=\"8aa795c\" data-element_type=\"section\">\n\t\t\t\t\t\t<div class=\"elementor-container elementor-column-gap-default\">\n\t\t\t\t\t<div class=\"elementor-column elementor-col-100 elementor-top-column elementor-element elementor-element-f2b00fe\" data-id=\"f2b00fe\" data-element_type=\"column\">\n\t\t\t<div class=\"elementor-widget-wrap elementor-element-populated\">\n\t\t\t\t\t\t\t\t<div class=\"elementor-element elementor-element-43801ba elementor-widget elementor-widget-text-editor\" data-id=\"43801ba\" data-element_type=\"widget\" data-widget_type=\"text-editor.default\">\n\t\t\t\t<div class=\"elementor-widget-container\">\n\t\t\t<style>\/*! elementor - v3.13.3 - 28-05-2023 *\/\n.elementor-widget-text-editor.elementor-drop-cap-view-stacked .elementor-drop-cap{background-color:#69727d;color:#fff}.elementor-widget-text-editor.elementor-drop-cap-view-framed .elementor-drop-cap{color:#69727d;border:3px solid;background-color:transparent}.elementor-widget-text-editor:not(.elementor-drop-cap-view-default) .elementor-drop-cap{margin-top:8px}.elementor-widget-text-editor:not(.elementor-drop-cap-view-default) .elementor-drop-cap-letter{width:1em;height:1em}.elementor-widget-text-editor .elementor-drop-cap{float:left;text-align:center;line-height:1;font-size:50px}.elementor-widget-text-editor .elementor-drop-cap-letter{display:inline-block}<\/style>\t\t\t\t<p><strong>Allemagne : Berlin \u00e0 Bavi\u00e8re 2023<\/strong><\/p>\n<p>10 jours \u00e0 partir de 9 895 $ par personne<\/p>\n<p>Limit\u00e9 \u00e0 18 personnes<\/p>\n<p><strong>CHAQUE VOYAGE DE LUXE EN PETIT GROUPE INCLU<\/strong><\/p>\n<ul>\n<li>Diriger la tourn\u00e9e des r\u00e9sidents anglophones des guides locaux<\/li>\n<li>H\u00e9bergements de luxe<\/li>\n<li>Accueil \u00e0 l&rsquo;a\u00e9roport avec transferts priv\u00e9s<\/li>\n<li>Groom itin\u00e9rant<br \/>Manutention des bagages<br \/>Petit-d\u00e9jeuner au lit certains jours<\/li>\n<li>Petit-d\u00e9jeuner complet tous les jours ; S\u00e9lectionnez les d\u00e9jeuners et les d\u00eeners<\/li>\n<li>Votre choix d&rsquo;activit\u00e9 sur Concevez votre journ\u00e9e<\/li>\n<li>Valet du voyageur<\/li>\n<li>Service de blanchisserie<\/li>\n<li>Acc\u00e8s Internet<\/li>\n<li>Frais d&rsquo;entr\u00e9e, taxes et tous les pourboires sauf directeur de tourn\u00e9e r\u00e9sident<\/li>\n<li>Assistance Zumex 24h\/24 et 7j\/7<\/li>\n<li>D\u00e9parts garantis avec seulement deux invit\u00e9s<\/li>\n<\/ul>\n<p><strong>APER\u00c7U<\/strong><\/p>\n<p>Capturez le c\u0153ur de l&rsquo;Allemagne de l&rsquo;Est et de la Bavi\u00e8re, des villages aux toits de chaume aux villes anim\u00e9es et embrassez le meilleur de l&rsquo;art, de la culture et de la cuisine d&rsquo;aujourd&rsquo;hui, dans une aventure raffin\u00e9e et r\u00e9v\u00e9latrice.<\/p>\n<p><strong>Avantages Zumex<\/strong><\/p>\n<ul>\n<li>Rencontrez un artiste local \u00e0 Berlin qui a v\u00e9cu \u00e0 l&rsquo;ombre du mur de Berlin et d\u00e9couvrez l&rsquo;importance de l&rsquo;exposition murale \u00e0 l&rsquo;East Side Gallery<\/li>\n<li>D\u00e9couvrez les secrets de production du plus ancien fabricant de porcelaine d&rsquo;Europe lors d&rsquo;une visite guid\u00e9e qui comprend un r\u00e9cital priv\u00e9 sur leur orgue de porcelaine historique<\/li>\n<li>Explorez le ch\u00e2teau priv\u00e9 de Proschwitz et d\u00e9gustez des vins dans les vignobles du ch\u00e2teau lors d&rsquo;une exp\u00e9rience exclusive \u00e0 Zumex<\/li>\n<li>Entrez dans Boros Bunker, un ancien abri anti-a\u00e9rien de la Seconde Guerre mondiale, pour un aper\u00e7u priv\u00e9 de son impressionnante collection d&rsquo;art contemporain<\/li>\n<li>Savourez le go\u00fbt authentique de la culture de la bi\u00e8re munichoise lors d&rsquo;une visite gastronomique, d&rsquo;une visite de brasserie et d&rsquo;un d\u00eener dans une brasserie anim\u00e9e<\/li>\n<\/ul>\n<p><strong>Itin\u00e9raire en un coup d&rsquo;\u0153il<\/strong><\/p>\n<p>JOUR 1<br \/>ARRIV\u00c9E \u00c0 BERLIN, ALLEMAGNE<br \/>JOUR 2<br \/>BERLIN | HISTOIRE &amp; ART D&rsquo;UNE VILLE VIBRANTE<br \/>JOUR 3<br \/>BERLIN | HISTOIRES DU MUR DE BERLIN<br \/>JOUR 4<br \/>MEISSEN | VISITE EXCLUSIVE DU CH\u00c2TEAU ET D\u00c9GUSTATION DE VIN<br \/>JOUR 5<br \/>DRESDE | SPLENDEURS D&rsquo;UNE VILLE RENAISSANCE<br \/>JOUR 6<br \/>LEIPZIG | G\u00c9ANT MUSICAL DU BAROQUE<br \/>JOUR 7<br \/>MUNICH | LE MEILLEUR DE LA CUISINE BAVAROISE<br \/>JOUR 8<br \/>MUNICH | AVENTURE ALPINE AVEC UN CH\u00c2TEAU DE F\u00c9E<br \/>JOUR 9<br \/>MUNICH | CONCEVEZ VOTRE JOURN\u00c9E<br \/>JOUR 10<br \/>DEPART MUNICH<\/p>\n\t\t\t\t\t\t<\/div>\n\t\t\t\t<\/div>\n\t\t\t\t\t<\/div>\n\t\t<\/div>\n\t\t\t\t\t\t\t<\/div>\n\t\t<\/section>\n\t\t\t\t<section class=\"elementor-section elementor-top-section elementor-element elementor-element-576e357 elementor-section-boxed elementor-section-height-default elementor-section-height-default\" data-id=\"576e357\" data-element_type=\"section\" data-settings=\"{&quot;background_background&quot;:&quot;classic&quot;}\">\n\t\t\t\t\t\t<div class=\"elementor-container elementor-column-gap-default\">\n\t\t\t\t\t<div class=\"elementor-column elementor-col-100 elementor-top-column elementor-element elementor-element-c3c0bfe\" data-id=\"c3c0bfe\" data-element_type=\"column\">\n\t\t\t<div class=\"elementor-widget-wrap elementor-element-populated\">\n\t\t\t\t\t\t\t\t<div class=\"elementor-element elementor-element-5648c58 elementor-align-center elementor-widget elementor-widget-button\" data-id=\"5648c58\" data-element_type=\"widget\" data-widget_type=\"button.default\">\n\t\t\t\t<div class=\"elementor-widget-container\">\n\t\t\t\t\t<div class=\"elementor-button-wrapper\">\n\t\t\t<a href=\"https:\/\/zumex-invest.com\/wp-content\/uploads\/2023\/07\/berlin-bavaria.pdf\" class=\"elementor-button-link elementor-button elementor-size-sm\" role=\"button\">\n\t\t\t\t\t\t<span class=\"elementor-button-content-wrapper\">\n\t\t\t\t\t\t<span class=\"elementor-button-text\">T\u00e9l\u00e9charger Travel PDF<\/span>\n\t\t<\/span>\n\t\t\t\t\t<\/a>\n\t\t<\/div>\n\t\t\t\t<\/div>\n\t\t\t\t<\/div>\n\t\t\t\t\t<\/div>\n\t\t<\/div>\n\t\t\t\t\t\t\t<\/div>\n\t\t<\/section>\n\t\t\t\t\t\t\t<\/div>\n\t\t","protected":false},"excerpt":{"rendered":"<p>Berlin \u00e0 Bavi\u00e8re 2023 T\u00e9l\u00e9charger Travel PDF Allemagne : Berlin \u00e0 Bavi\u00e8re 2023 10 jours \u00e0 partir de 9 895 $ par personne Limit\u00e9 \u00e0 18 personnes CHAQUE VOYAGE DE LUXE EN PETIT GROUPE INCLU Diriger la tourn\u00e9e des r\u00e9sidents anglophones des guides locaux H\u00e9bergements de luxe Accueil \u00e0 l&rsquo;a\u00e9roport avec transferts priv\u00e9s Groom itin\u00e9rantManutention &hellip;<\/p>\n<p class=\"read-more\"> <a class=\"\" href=\"https:\/\/zumex-invest.com\/fr\/berlin-a-baviere-2023\"> <span class=\"screen-reader-text\">Berlin \u00e0 Bavi\u00e8re 2023<\/span> Lire la suite\u00a0\u00bb<\/a><\/p>\n","protected":false},"author":1,"featured_media":0,"parent":0,"menu_order":0,"comment_status":"closed","ping_status":"closed","template":"","meta":{"site-sidebar-layout":"no-sidebar","site-content-layout":"page-builder","ast-global-header-display":"","ast-main-header-display":"","ast-hfb-above-header-display":"","ast-hfb-below-header-display":"","ast-hfb-mobile-header-display":"","site-post-title":"disabled","ast-breadcrumbs-content":"","ast-featured-img":"disabled","footer-sml-layout":"","theme-transparent-header-meta":"","adv-header-id-meta":"","stick-header-meta":"","header-above-stick-meta":"","header-main-stick-meta":"","header-below-stick-meta":"","footnotes":""},"class_list":["post-466","page","type-page","status-publish","hentry"],"_links":{"self":[{"href":"https:\/\/zumex-invest.com\/fr\/wp-json\/wp\/v2\/pages\/466","targetHints":{"allow":["GET"]}}],"collection":[{"href":"https:\/\/zumex-invest.com\/fr\/wp-json\/wp\/v2\/pages"}],"about":[{"href":"https:\/\/zumex-invest.com\/fr\/wp-json\/wp\/v2\/types\/page"}],"author":[{"embeddable":true,"href":"https:\/\/zumex-invest.com\/fr\/wp-json\/wp\/v2\/users\/1"}],"replies":[{"embeddable":true,"href":"https:\/\/zumex-invest.com\/fr\/wp-json\/wp\/v2\/comments?post=466"}],"version-history":[{"count":1,"href":"https:\/\/zumex-invest.com\/fr\/wp-json\/wp\/v2\/pages\/466\/revisions"}],"predecessor-version":[{"id":467,"href":"https:\/\/zumex-invest.com\/fr\/wp-json\/wp\/v2\/pages\/466\/revisions\/467"}],"wp:attachment":[{"href":"https:\/\/zumex-invest.com\/fr\/wp-json\/wp\/v2\/media?parent=466"}],"curies":[{"name":"wp","href":"https:\/\/api.w.org\/{rel}","templated":true}]}}