{"id":468,"date":"2023-06-04T13:43:12","date_gmt":"2023-06-04T13:43:12","guid":{"rendered":"https:\/\/zumex-invest.com\/allemagne-et-suisse"},"modified":"2023-07-11T20:45:52","modified_gmt":"2023-07-11T20:45:52","slug":"allemagne-et-suisse","status":"publish","type":"page","link":"https:\/\/zumex-invest.com\/fr\/allemagne-et-suisse","title":{"rendered":"Allemagne et Suisse"},"content":{"rendered":"\t\t<div data-elementor-type=\"wp-page\" data-elementor-id=\"468\" class=\"elementor elementor-468 elementor-296\">\n\t\t\t\t\t\t\t\t\t<section class=\"elementor-section elementor-top-section elementor-element elementor-element-ff0a0ea elementor-section-boxed elementor-section-height-default elementor-section-height-default\" data-id=\"ff0a0ea\" data-element_type=\"section\" data-settings=\"{&quot;background_background&quot;:&quot;classic&quot;}\">\n\t\t\t\t\t\t\t<div class=\"elementor-background-overlay\"><\/div>\n\t\t\t\t\t\t\t<div class=\"elementor-container elementor-column-gap-default\">\n\t\t\t\t\t<div class=\"elementor-column elementor-col-100 elementor-top-column elementor-element elementor-element-35f2dab\" data-id=\"35f2dab\" data-element_type=\"column\">\n\t\t\t<div class=\"elementor-widget-wrap elementor-element-populated\">\n\t\t\t\t\t\t\t\t<div class=\"elementor-element elementor-element-0488803 elementor-widget elementor-widget-heading\" data-id=\"0488803\" data-element_type=\"widget\" data-widget_type=\"heading.default\">\n\t\t\t\t<div class=\"elementor-widget-container\">\n\t\t\t<style>\/*! elementor - v3.13.3 - 28-05-2023 *\/\n.elementor-heading-title{padding:0;margin:0;line-height:1}.elementor-widget-heading .elementor-heading-title[class*=elementor-size-]>a{color:inherit;font-size:inherit;line-height:inherit}.elementor-widget-heading .elementor-heading-title.elementor-size-small{font-size:15px}.elementor-widget-heading .elementor-heading-title.elementor-size-medium{font-size:19px}.elementor-widget-heading .elementor-heading-title.elementor-size-large{font-size:29px}.elementor-widget-heading .elementor-heading-title.elementor-size-xl{font-size:39px}.elementor-widget-heading .elementor-heading-title.elementor-size-xxl{font-size:59px}<\/style><h1 class=\"elementor-heading-title elementor-size-default\">Allemagne et Suisse<\/h1>\t\t<\/div>\n\t\t\t\t<\/div>\n\t\t\t\t\t<\/div>\n\t\t<\/div>\n\t\t\t\t\t\t\t<\/div>\n\t\t<\/section>\n\t\t\t\t<section class=\"elementor-section elementor-top-section elementor-element elementor-element-2a94a43 elementor-section-boxed elementor-section-height-default elementor-section-height-default\" data-id=\"2a94a43\" data-element_type=\"section\" data-settings=\"{&quot;background_background&quot;:&quot;classic&quot;}\">\n\t\t\t\t\t\t<div class=\"elementor-container elementor-column-gap-default\">\n\t\t\t\t\t<div class=\"elementor-column elementor-col-100 elementor-top-column elementor-element elementor-element-055d8d9\" data-id=\"055d8d9\" data-element_type=\"column\">\n\t\t\t<div class=\"elementor-widget-wrap elementor-element-populated\">\n\t\t\t\t\t\t\t\t<div class=\"elementor-element elementor-element-786cfea elementor-align-center elementor-widget elementor-widget-button\" data-id=\"786cfea\" data-element_type=\"widget\" data-widget_type=\"button.default\">\n\t\t\t\t<div class=\"elementor-widget-container\">\n\t\t\t\t\t<div class=\"elementor-button-wrapper\">\n\t\t\t<a href=\"https:\/\/zumex-invest.com\/wp-content\/uploads\/2023\/07\/germany-switzerland.pdf\" class=\"elementor-button-link elementor-button elementor-size-sm\" role=\"button\">\n\t\t\t\t\t\t<span class=\"elementor-button-content-wrapper\">\n\t\t\t\t\t\t<span class=\"elementor-button-text\">T\u00e9l\u00e9charger Travel PDF<\/span>\n\t\t<\/span>\n\t\t\t\t\t<\/a>\n\t\t<\/div>\n\t\t\t\t<\/div>\n\t\t\t\t<\/div>\n\t\t\t\t\t<\/div>\n\t\t<\/div>\n\t\t\t\t\t\t\t<\/div>\n\t\t<\/section>\n\t\t\t\t<section class=\"elementor-section elementor-top-section elementor-element elementor-element-8aa795c elementor-section-boxed elementor-section-height-default elementor-section-height-default\" data-id=\"8aa795c\" data-element_type=\"section\">\n\t\t\t\t\t\t<div class=\"elementor-container elementor-column-gap-default\">\n\t\t\t\t\t<div class=\"elementor-column elementor-col-100 elementor-top-column elementor-element elementor-element-f2b00fe\" data-id=\"f2b00fe\" data-element_type=\"column\">\n\t\t\t<div class=\"elementor-widget-wrap elementor-element-populated\">\n\t\t\t\t\t\t\t\t<div class=\"elementor-element elementor-element-43801ba elementor-widget elementor-widget-text-editor\" data-id=\"43801ba\" data-element_type=\"widget\" data-widget_type=\"text-editor.default\">\n\t\t\t\t<div class=\"elementor-widget-container\">\n\t\t\t<style>\/*! elementor - v3.13.3 - 28-05-2023 *\/\n.elementor-widget-text-editor.elementor-drop-cap-view-stacked .elementor-drop-cap{background-color:#69727d;color:#fff}.elementor-widget-text-editor.elementor-drop-cap-view-framed .elementor-drop-cap{color:#69727d;border:3px solid;background-color:transparent}.elementor-widget-text-editor:not(.elementor-drop-cap-view-default) .elementor-drop-cap{margin-top:8px}.elementor-widget-text-editor:not(.elementor-drop-cap-view-default) .elementor-drop-cap-letter{width:1em;height:1em}.elementor-widget-text-editor .elementor-drop-cap{float:left;text-align:center;line-height:1;font-size:50px}.elementor-widget-text-editor .elementor-drop-cap-letter{display:inline-block}<\/style>\t\t\t\t<p><strong>Allemagne et Suisse sur mesure : aventure alpine<\/strong><\/p>\n<p>9 jours<\/p>\n<p>Voyage priv\u00e9 con\u00e7u pour vous<\/p>\n<p><strong>CHAQUE VOYAGE DE LUXE SUR MESURE INCLU<\/strong><\/p>\n<ul>\n<li>Itin\u00e9raire unique con\u00e7u pour vous<\/li>\n<li>H\u00e9bergements de luxe<\/li>\n<li>Opportunit\u00e9s exclusives d&rsquo;acc\u00e8s et visites inspirantes<\/li>\n<li>Guides locaux anglophones<\/li>\n<li>Accueil \u00e0 l&rsquo;a\u00e9roport avec transferts priv\u00e9s<\/li>\n<li>Petit-d\u00e9jeuner complet tous les jours<\/li>\n<li>Frais d&rsquo;entr\u00e9e et taxes<\/li>\n<li>Assistance Zumex 24h\/24 et 7j\/7<\/li>\n<\/ul>\n<p>Voyagez avec votre groupe priv\u00e9 lors de ce voyage de luxe sur mesure, en partant quand vous le souhaitez et avec des guides locaux experts en t\u00eate; vous pouvez m\u00eame personnaliser l&rsquo;itin\u00e9raire en fonction de vos int\u00e9r\u00eats.<\/p>\n<p>Partez pour une aventure alpine active, faites de la randonn\u00e9e et du v\u00e9lo \u00e0 travers des paysages \u00e9poustouflants en Allemagne et en Suisse; monter le chemin de fer \u00e0 cr\u00e9maill\u00e8re le plus raide du monde jusqu&rsquo;au Pilatus Kulm; et randonn\u00e9e avec des ch\u00e8vres \u00e0 travers les montagnes d&rsquo;Andermatt, avec des possibilit\u00e9s de faire du toboggan et de se d\u00e9tendre dans une source thermale naturelle.<\/p>\n<p><strong>Avantages Zumex<\/strong><\/p>\n<ul>\n<li>Soyez actif lors d&rsquo;un voyage \u00e0 travers l&rsquo;Allemagne et la Suisse, s\u00e9journez dans des h\u00e9bergements de luxe \u00e9quip\u00e9s d&rsquo;un spa et admirez des vues inoubliables sur les montagnes<br \/>Visitez Munich, le \u00ab\u00a0village d&rsquo;un million d&rsquo;habitants\u00a0\u00bb, d\u00e9couvrez son charmant centre historique et ses rues pi\u00e9tonnes et faites une pause pour une bi\u00e8re dans une brasserie traditionnelle<br \/>Faites une randonn\u00e9e dans le col du Brenner autour du lac \u00e9tincelant d&rsquo;Obenberger, traversez des prairies luxuriantes et admirez des sommets imposants<\/li>\n<li>D\u00e9couvrez le paysage gracieux d&rsquo;Andermatt lors d&rsquo;une randonn\u00e9e de ch\u00e8vre, en explorant aux c\u00f4t\u00e9s d&rsquo;un compagnon poilu \u00e0 quatre pattes<\/li>\n<li>Montez le Pilatus Kulm via le chemin de fer \u00e0 cr\u00e9maill\u00e8re le plus raide du monde, suivi d&rsquo;une randonn\u00e9e autour du pittoresque mont Pilatus<\/li>\n<li>Suivez le \u00absentier des herbes\u00bb d&rsquo;Andermatt et d\u00e9couvrez la flore vari\u00e9e de la r\u00e9gion lors d&rsquo;une randonn\u00e9e pittoresque et informative<\/li>\n<\/ul>\n<p><strong>Itin\u00e9raire en un coup d&rsquo;\u0153il<\/strong><\/p>\n<p>JOUR 1<br \/>ARRIV\u00c9E \u00c0 MUNICH, ALLEMAGNE<\/p>\n<p>JOUR 2<br \/>INNSBRUCK, AUTRICHE | LA CHARMANTE CAPITALE DU TYROL<\/p>\n<p>JOUR 3<br \/>ELMAU | TEMPS DE D\u00c9TENTE<\/p>\n<p>JOUR 4<br \/>ANDERMATT, SUISSE | UN TREMPAGE THERMIQUE<\/p>\n<p>JOUR 5<br \/>ANDERMAT | AVENTURE CH\u00c8VRE-TREKKING<\/p>\n<p>JOUR 6<br \/>ANDERMAT | UNE RANDONN\u00c9E PAISIBLE<\/p>\n<p>JOUR 7<br \/>LAUSANNE | PANORAMAS DE MONTAGNE<\/p>\n<p>JOUR 8<br \/>LAUSANNE | ARCHITECTURE INSPIRANTE<\/p>\n<p>JOUR 9<br \/>DEPART GENEVE<\/p>\n\t\t\t\t\t\t<\/div>\n\t\t\t\t<\/div>\n\t\t\t\t\t<\/div>\n\t\t<\/div>\n\t\t\t\t\t\t\t<\/div>\n\t\t<\/section>\n\t\t\t\t<section class=\"elementor-section elementor-top-section elementor-element elementor-element-640b98a elementor-section-boxed elementor-section-height-default elementor-section-height-default\" data-id=\"640b98a\" data-element_type=\"section\" data-settings=\"{&quot;background_background&quot;:&quot;classic&quot;}\">\n\t\t\t\t\t\t<div class=\"elementor-container elementor-column-gap-default\">\n\t\t\t\t\t<div class=\"elementor-column elementor-col-100 elementor-top-column elementor-element elementor-element-52af6ef\" data-id=\"52af6ef\" data-element_type=\"column\">\n\t\t\t<div class=\"elementor-widget-wrap elementor-element-populated\">\n\t\t\t\t\t\t\t\t<div class=\"elementor-element elementor-element-0f731a7 elementor-align-center elementor-widget elementor-widget-button\" data-id=\"0f731a7\" data-element_type=\"widget\" data-widget_type=\"button.default\">\n\t\t\t\t<div class=\"elementor-widget-container\">\n\t\t\t\t\t<div class=\"elementor-button-wrapper\">\n\t\t\t<a href=\"https:\/\/zumex-invest.com\/wp-content\/uploads\/2023\/07\/germany-switzerland.pdf\" class=\"elementor-button-link elementor-button elementor-size-sm\" role=\"button\">\n\t\t\t\t\t\t<span class=\"elementor-button-content-wrapper\">\n\t\t\t\t\t\t<span class=\"elementor-button-text\">T\u00e9l\u00e9charger Travel PDF<\/span>\n\t\t<\/span>\n\t\t\t\t\t<\/a>\n\t\t<\/div>\n\t\t\t\t<\/div>\n\t\t\t\t<\/div>\n\t\t\t\t\t<\/div>\n\t\t<\/div>\n\t\t\t\t\t\t\t<\/div>\n\t\t<\/section>\n\t\t\t\t\t\t\t<\/div>\n\t\t","protected":false},"excerpt":{"rendered":"<p>Allemagne et Suisse T\u00e9l\u00e9charger Travel PDF Allemagne et Suisse sur mesure : aventure alpine 9 jours Voyage priv\u00e9 con\u00e7u pour vous CHAQUE VOYAGE DE LUXE SUR MESURE INCLU Itin\u00e9raire unique con\u00e7u pour vous H\u00e9bergements de luxe Opportunit\u00e9s exclusives d&rsquo;acc\u00e8s et visites inspirantes Guides locaux anglophones Accueil \u00e0 l&rsquo;a\u00e9roport avec transferts priv\u00e9s Petit-d\u00e9jeuner complet tous les &hellip;<\/p>\n<p class=\"read-more\"> <a class=\"\" href=\"https:\/\/zumex-invest.com\/fr\/allemagne-et-suisse\"> <span class=\"screen-reader-text\">Allemagne et Suisse<\/span> Lire la suite\u00a0\u00bb<\/a><\/p>\n","protected":false},"author":1,"featured_media":0,"parent":0,"menu_order":0,"comment_status":"closed","ping_status":"closed","template":"","meta":{"site-sidebar-layout":"no-sidebar","site-content-layout":"page-builder","ast-global-header-display":"","ast-main-header-display":"","ast-hfb-above-header-display":"","ast-hfb-below-header-display":"","ast-hfb-mobile-header-display":"","site-post-title":"disabled","ast-breadcrumbs-content":"","ast-featured-img":"disabled","footer-sml-layout":"","theme-transparent-header-meta":"","adv-header-id-meta":"","stick-header-meta":"","header-above-stick-meta":"","header-main-stick-meta":"","header-below-stick-meta":"","footnotes":""},"class_list":["post-468","page","type-page","status-publish","hentry"],"_links":{"self":[{"href":"https:\/\/zumex-invest.com\/fr\/wp-json\/wp\/v2\/pages\/468","targetHints":{"allow":["GET"]}}],"collection":[{"href":"https:\/\/zumex-invest.com\/fr\/wp-json\/wp\/v2\/pages"}],"about":[{"href":"https:\/\/zumex-invest.com\/fr\/wp-json\/wp\/v2\/types\/page"}],"author":[{"embeddable":true,"href":"https:\/\/zumex-invest.com\/fr\/wp-json\/wp\/v2\/users\/1"}],"replies":[{"embeddable":true,"href":"https:\/\/zumex-invest.com\/fr\/wp-json\/wp\/v2\/comments?post=468"}],"version-history":[{"count":1,"href":"https:\/\/zumex-invest.com\/fr\/wp-json\/wp\/v2\/pages\/468\/revisions"}],"predecessor-version":[{"id":469,"href":"https:\/\/zumex-invest.com\/fr\/wp-json\/wp\/v2\/pages\/468\/revisions\/469"}],"wp:attachment":[{"href":"https:\/\/zumex-invest.com\/fr\/wp-json\/wp\/v2\/media?parent=468"}],"curies":[{"name":"wp","href":"https:\/\/api.w.org\/{rel}","templated":true}]}}