{"id":470,"date":"2023-06-04T13:34:42","date_gmt":"2023-06-04T13:34:42","guid":{"rendered":"https:\/\/zumex-invest.com\/expedition-au-pole-nord"},"modified":"2023-07-11T20:48:26","modified_gmt":"2023-07-11T20:48:26","slug":"expedition-au-pole-nord","status":"publish","type":"page","link":"https:\/\/zumex-invest.com\/fr\/expedition-au-pole-nord","title":{"rendered":"Exp\u00e9dition au p\u00f4le Nord"},"content":{"rendered":"\t\t<div data-elementor-type=\"wp-page\" data-elementor-id=\"470\" class=\"elementor elementor-470 elementor-264\">\n\t\t\t\t\t\t\t\t\t<section class=\"elementor-section elementor-top-section elementor-element elementor-element-ff0a0ea elementor-section-boxed elementor-section-height-default elementor-section-height-default\" data-id=\"ff0a0ea\" data-element_type=\"section\" data-settings=\"{&quot;background_background&quot;:&quot;classic&quot;}\">\n\t\t\t\t\t\t\t<div class=\"elementor-background-overlay\"><\/div>\n\t\t\t\t\t\t\t<div class=\"elementor-container elementor-column-gap-default\">\n\t\t\t\t\t<div class=\"elementor-column elementor-col-100 elementor-top-column elementor-element elementor-element-35f2dab\" data-id=\"35f2dab\" data-element_type=\"column\">\n\t\t\t<div class=\"elementor-widget-wrap elementor-element-populated\">\n\t\t\t\t\t\t\t\t<div class=\"elementor-element elementor-element-0488803 elementor-widget elementor-widget-heading\" data-id=\"0488803\" data-element_type=\"widget\" data-widget_type=\"heading.default\">\n\t\t\t\t<div class=\"elementor-widget-container\">\n\t\t\t<style>\/*! elementor - v3.13.3 - 28-05-2023 *\/\n.elementor-heading-title{padding:0;margin:0;line-height:1}.elementor-widget-heading .elementor-heading-title[class*=elementor-size-]>a{color:inherit;font-size:inherit;line-height:inherit}.elementor-widget-heading .elementor-heading-title.elementor-size-small{font-size:15px}.elementor-widget-heading .elementor-heading-title.elementor-size-medium{font-size:19px}.elementor-widget-heading .elementor-heading-title.elementor-size-large{font-size:29px}.elementor-widget-heading .elementor-heading-title.elementor-size-xl{font-size:39px}.elementor-widget-heading .elementor-heading-title.elementor-size-xxl{font-size:59px}<\/style><h1 class=\"elementor-heading-title elementor-size-default\">Croisi\u00e8re d'exp\u00e9dition au p\u00f4le Nord<\/h1>\t\t<\/div>\n\t\t\t\t<\/div>\n\t\t\t\t\t<\/div>\n\t\t<\/div>\n\t\t\t\t\t\t\t<\/div>\n\t\t<\/section>\n\t\t\t\t<section class=\"elementor-section elementor-top-section elementor-element elementor-element-94de418 elementor-section-boxed elementor-section-height-default elementor-section-height-default\" data-id=\"94de418\" data-element_type=\"section\" data-settings=\"{&quot;background_background&quot;:&quot;classic&quot;}\">\n\t\t\t\t\t\t<div class=\"elementor-container elementor-column-gap-default\">\n\t\t\t\t\t<div class=\"elementor-column elementor-col-100 elementor-top-column elementor-element elementor-element-d39b4f2\" data-id=\"d39b4f2\" data-element_type=\"column\">\n\t\t\t<div class=\"elementor-widget-wrap elementor-element-populated\">\n\t\t\t\t\t\t\t\t<div class=\"elementor-element elementor-element-18bb76b elementor-align-center elementor-widget elementor-widget-button\" data-id=\"18bb76b\" data-element_type=\"widget\" data-widget_type=\"button.default\">\n\t\t\t\t<div class=\"elementor-widget-container\">\n\t\t\t\t\t<div class=\"elementor-button-wrapper\">\n\t\t\t<a href=\"https:\/\/zumex-invest.com\/wp-content\/uploads\/2023\/07\/north-pole.pdf\" class=\"elementor-button-link elementor-button elementor-size-sm\" role=\"button\">\n\t\t\t\t\t\t<span class=\"elementor-button-content-wrapper\">\n\t\t\t\t\t\t<span class=\"elementor-button-text\">T\u00e9l\u00e9charger Travel PDF<\/span>\n\t\t<\/span>\n\t\t\t\t\t<\/a>\n\t\t<\/div>\n\t\t\t\t<\/div>\n\t\t\t\t<\/div>\n\t\t\t\t\t<\/div>\n\t\t<\/div>\n\t\t\t\t\t\t\t<\/div>\n\t\t<\/section>\n\t\t\t\t<section class=\"elementor-section elementor-top-section elementor-element elementor-element-8aa795c elementor-section-boxed elementor-section-height-default elementor-section-height-default\" data-id=\"8aa795c\" data-element_type=\"section\">\n\t\t\t\t\t\t<div class=\"elementor-container elementor-column-gap-default\">\n\t\t\t\t\t<div class=\"elementor-column elementor-col-100 elementor-top-column elementor-element elementor-element-f2b00fe\" data-id=\"f2b00fe\" data-element_type=\"column\">\n\t\t\t<div class=\"elementor-widget-wrap elementor-element-populated\">\n\t\t\t\t\t\t\t\t<div class=\"elementor-element elementor-element-43801ba elementor-widget elementor-widget-text-editor\" data-id=\"43801ba\" data-element_type=\"widget\" data-widget_type=\"text-editor.default\">\n\t\t\t\t<div class=\"elementor-widget-container\">\n\t\t\t<style>\/*! elementor - v3.13.3 - 28-05-2023 *\/\n.elementor-widget-text-editor.elementor-drop-cap-view-stacked .elementor-drop-cap{background-color:#69727d;color:#fff}.elementor-widget-text-editor.elementor-drop-cap-view-framed .elementor-drop-cap{color:#69727d;border:3px solid;background-color:transparent}.elementor-widget-text-editor:not(.elementor-drop-cap-view-default) .elementor-drop-cap{margin-top:8px}.elementor-widget-text-editor:not(.elementor-drop-cap-view-default) .elementor-drop-cap-letter{width:1em;height:1em}.elementor-widget-text-editor .elementor-drop-cap{float:left;text-align:center;line-height:1;font-size:50px}.elementor-widget-text-editor .elementor-drop-cap-letter{display:inline-block}<\/style>\t\t\t\t<p><strong>Croisi\u00e8re d&rsquo;exp\u00e9dition au p\u00f4le Nord : l&rsquo;ultime fronti\u00e8re 2024<\/strong><br \/>Date de d\u00e9part 10 juil. \u2013 27 juil. 2024<br \/>18 jours \u00e0 partir de 47 995 $ par personne<br \/>Limit\u00e9 \u00e0 199 passagers<\/p>\n<p>CETTE CROISI\u00c8RE D&rsquo;EXP\u00c9DITION DE LUXE INCLU<\/p>\n<ul>\n<li>Un voyage exclusif dirig\u00e9 par l&rsquo;\u00e9quipe d&rsquo;exp\u00e9dition de Zumex<\/li>\n<li>S\u00e9jour avant et\/ou apr\u00e8s la croisi\u00e8re dans un h\u00f4tel id\u00e9alement situ\u00e9<\/li>\n<li>Accueil \u00e0 l&rsquo;a\u00e9roport et transferts<\/li>\n<li>Balcon priv\u00e9 avec chaque h\u00e9bergement \u00e0 bord et service de majordome avec chaque suite<\/li>\n<li>Ratio maximum personnel-invit\u00e9 de 1 \u00e0 1,3<\/li>\n<li>Programme culinaire proposant une cuisine d&rsquo;inspiration fran\u00e7aise, y compris des boissons maison, un th\u00e9 de l&rsquo;apr\u00e8s-midi et des p\u00e2tisseries<\/li>\n<li>Service de chambre 24h\/24 et petit-d\u00e9jeuner au lit \u00e0 bord<\/li>\n<li>Parka Expedition, sac \u00e0 dos et bouteille d&rsquo;eau gratuits, et utilisation de pantalons imperm\u00e9ables, de bottes et de b\u00e2tons de randonn\u00e9e<\/li>\n<li>Excursions dirig\u00e9es par des guides naturalistes experts<\/li>\n<li>Programme d&rsquo;enrichissement, conf\u00e9rences et pr\u00e9sentations<\/li>\n<li>Valet du voyageur<\/li>\n<li>Service de blanchisserie \u00e0 bord<\/li>\n<li>Tous les pourboires, frais de port et taxes<\/li>\n<li>Wi-Fi gratuit \u00e0 bord et dans les h\u00f4tels<\/li>\n<li>Service \u00e0 bord d&rsquo;un personnel anglophone, y compris un m\u00e9decin accr\u00e9dit\u00e9<\/li>\n<li>Assistance Zumex 24h\/24 et 7j\/7<\/li>\n<\/ul>\n\t\t\t\t\t\t<\/div>\n\t\t\t\t<\/div>\n\t\t\t\t\t<\/div>\n\t\t<\/div>\n\t\t\t\t\t\t\t<\/div>\n\t\t<\/section>\n\t\t\t\t<section class=\"elementor-section elementor-top-section elementor-element elementor-element-312aa06 elementor-section-boxed elementor-section-height-default elementor-section-height-default\" data-id=\"312aa06\" data-element_type=\"section\" data-settings=\"{&quot;background_background&quot;:&quot;classic&quot;}\">\n\t\t\t\t\t\t<div class=\"elementor-container elementor-column-gap-default\">\n\t\t\t\t\t<div class=\"elementor-column elementor-col-100 elementor-top-column elementor-element elementor-element-4297ead\" data-id=\"4297ead\" data-element_type=\"column\">\n\t\t\t<div class=\"elementor-widget-wrap elementor-element-populated\">\n\t\t\t\t\t\t\t\t<div class=\"elementor-element elementor-element-7894981 elementor-align-center elementor-widget elementor-widget-button\" data-id=\"7894981\" data-element_type=\"widget\" data-widget_type=\"button.default\">\n\t\t\t\t<div class=\"elementor-widget-container\">\n\t\t\t\t\t<div class=\"elementor-button-wrapper\">\n\t\t\t<a href=\"https:\/\/zumex-invest.com\/wp-content\/uploads\/2023\/07\/north-pole.pdf\" class=\"elementor-button-link elementor-button elementor-size-sm\" role=\"button\">\n\t\t\t\t\t\t<span class=\"elementor-button-content-wrapper\">\n\t\t\t\t\t\t<span class=\"elementor-button-text\">T\u00e9l\u00e9charger Travel PDF<\/span>\n\t\t<\/span>\n\t\t\t\t\t<\/a>\n\t\t<\/div>\n\t\t\t\t<\/div>\n\t\t\t\t<\/div>\n\t\t\t\t\t<\/div>\n\t\t<\/div>\n\t\t\t\t\t\t\t<\/div>\n\t\t<\/section>\n\t\t\t\t\t\t\t<\/div>\n\t\t","protected":false},"excerpt":{"rendered":"<p>Croisi\u00e8re d&rsquo;exp\u00e9dition au p\u00f4le Nord T\u00e9l\u00e9charger Travel PDF Croisi\u00e8re d&rsquo;exp\u00e9dition au p\u00f4le Nord : l&rsquo;ultime fronti\u00e8re 2024Date de d\u00e9part 10 juil. \u2013 27 juil. 202418 jours \u00e0 partir de 47 995 $ par personneLimit\u00e9 \u00e0 199 passagers CETTE CROISI\u00c8RE D&rsquo;EXP\u00c9DITION DE LUXE INCLU Un voyage exclusif dirig\u00e9 par l&rsquo;\u00e9quipe d&rsquo;exp\u00e9dition de Zumex S\u00e9jour avant et\/ou &hellip;<\/p>\n<p class=\"read-more\"> <a class=\"\" href=\"https:\/\/zumex-invest.com\/fr\/expedition-au-pole-nord\"> <span class=\"screen-reader-text\">Exp\u00e9dition au p\u00f4le Nord<\/span> Lire la suite\u00a0\u00bb<\/a><\/p>\n","protected":false},"author":1,"featured_media":0,"parent":0,"menu_order":0,"comment_status":"closed","ping_status":"closed","template":"","meta":{"site-sidebar-layout":"no-sidebar","site-content-layout":"page-builder","ast-global-header-display":"","ast-main-header-display":"","ast-hfb-above-header-display":"","ast-hfb-below-header-display":"","ast-hfb-mobile-header-display":"","site-post-title":"disabled","ast-breadcrumbs-content":"","ast-featured-img":"disabled","footer-sml-layout":"","theme-transparent-header-meta":"","adv-header-id-meta":"","stick-header-meta":"","header-above-stick-meta":"","header-main-stick-meta":"","header-below-stick-meta":"","footnotes":""},"class_list":["post-470","page","type-page","status-publish","hentry"],"_links":{"self":[{"href":"https:\/\/zumex-invest.com\/fr\/wp-json\/wp\/v2\/pages\/470","targetHints":{"allow":["GET"]}}],"collection":[{"href":"https:\/\/zumex-invest.com\/fr\/wp-json\/wp\/v2\/pages"}],"about":[{"href":"https:\/\/zumex-invest.com\/fr\/wp-json\/wp\/v2\/types\/page"}],"author":[{"embeddable":true,"href":"https:\/\/zumex-invest.com\/fr\/wp-json\/wp\/v2\/users\/1"}],"replies":[{"embeddable":true,"href":"https:\/\/zumex-invest.com\/fr\/wp-json\/wp\/v2\/comments?post=470"}],"version-history":[{"count":1,"href":"https:\/\/zumex-invest.com\/fr\/wp-json\/wp\/v2\/pages\/470\/revisions"}],"predecessor-version":[{"id":471,"href":"https:\/\/zumex-invest.com\/fr\/wp-json\/wp\/v2\/pages\/470\/revisions\/471"}],"wp:attachment":[{"href":"https:\/\/zumex-invest.com\/fr\/wp-json\/wp\/v2\/media?parent=470"}],"curies":[{"name":"wp","href":"https:\/\/api.w.org\/{rel}","templated":true}]}}