{"id":472,"date":"2023-06-04T13:40:02","date_gmt":"2023-06-04T13:40:02","guid":{"rendered":"https:\/\/zumex-invest.com\/safari-au-botswana"},"modified":"2023-07-11T20:51:17","modified_gmt":"2023-07-11T20:51:17","slug":"safari-au-botswana","status":"publish","type":"page","link":"https:\/\/zumex-invest.com\/fr\/safari-au-botswana","title":{"rendered":"Safari au Botswana"},"content":{"rendered":"\t\t<div data-elementor-type=\"wp-page\" data-elementor-id=\"472\" class=\"elementor elementor-472 elementor-277\">\n\t\t\t\t\t\t\t\t\t<section class=\"elementor-section elementor-top-section elementor-element elementor-element-ff0a0ea elementor-section-boxed elementor-section-height-default elementor-section-height-default\" data-id=\"ff0a0ea\" data-element_type=\"section\" data-settings=\"{&quot;background_background&quot;:&quot;classic&quot;}\">\n\t\t\t\t\t\t\t<div class=\"elementor-background-overlay\"><\/div>\n\t\t\t\t\t\t\t<div class=\"elementor-container elementor-column-gap-default\">\n\t\t\t\t\t<div class=\"elementor-column elementor-col-100 elementor-top-column elementor-element elementor-element-35f2dab\" data-id=\"35f2dab\" data-element_type=\"column\">\n\t\t\t<div class=\"elementor-widget-wrap elementor-element-populated\">\n\t\t\t\t\t\t\t\t<div class=\"elementor-element elementor-element-0488803 elementor-widget elementor-widget-heading\" data-id=\"0488803\" data-element_type=\"widget\" data-widget_type=\"heading.default\">\n\t\t\t\t<div class=\"elementor-widget-container\">\n\t\t\t<style>\/*! elementor - v3.13.3 - 28-05-2023 *\/\n.elementor-heading-title{padding:0;margin:0;line-height:1}.elementor-widget-heading .elementor-heading-title[class*=elementor-size-]>a{color:inherit;font-size:inherit;line-height:inherit}.elementor-widget-heading .elementor-heading-title.elementor-size-small{font-size:15px}.elementor-widget-heading .elementor-heading-title.elementor-size-medium{font-size:19px}.elementor-widget-heading .elementor-heading-title.elementor-size-large{font-size:29px}.elementor-widget-heading .elementor-heading-title.elementor-size-xl{font-size:39px}.elementor-widget-heading .elementor-heading-title.elementor-size-xxl{font-size:59px}<\/style><h1 class=\"elementor-heading-title elementor-size-default\">Safari au Botswana<\/h1>\t\t<\/div>\n\t\t\t\t<\/div>\n\t\t\t\t\t<\/div>\n\t\t<\/div>\n\t\t\t\t\t\t\t<\/div>\n\t\t<\/section>\n\t\t\t\t<section class=\"elementor-section elementor-top-section elementor-element elementor-element-c27bf56 elementor-section-boxed elementor-section-height-default elementor-section-height-default\" data-id=\"c27bf56\" data-element_type=\"section\" data-settings=\"{&quot;background_background&quot;:&quot;classic&quot;}\">\n\t\t\t\t\t\t<div class=\"elementor-container elementor-column-gap-default\">\n\t\t\t\t\t<div class=\"elementor-column elementor-col-100 elementor-top-column elementor-element elementor-element-cf9e8f7\" data-id=\"cf9e8f7\" data-element_type=\"column\">\n\t\t\t<div class=\"elementor-widget-wrap elementor-element-populated\">\n\t\t\t\t\t\t\t\t<div class=\"elementor-element elementor-element-3809206 elementor-align-center elementor-widget elementor-widget-button\" data-id=\"3809206\" data-element_type=\"widget\" data-widget_type=\"button.default\">\n\t\t\t\t<div class=\"elementor-widget-container\">\n\t\t\t\t\t<div class=\"elementor-button-wrapper\">\n\t\t\t<a href=\"https:\/\/zumex-invest.com\/wp-content\/uploads\/2023\/07\/safari.pdf\" class=\"elementor-button-link elementor-button elementor-size-sm\" role=\"button\">\n\t\t\t\t\t\t<span class=\"elementor-button-content-wrapper\">\n\t\t\t\t\t\t<span class=\"elementor-button-text\">T\u00e9l\u00e9charger Travel PDF<\/span>\n\t\t<\/span>\n\t\t\t\t\t<\/a>\n\t\t<\/div>\n\t\t\t\t<\/div>\n\t\t\t\t<\/div>\n\t\t\t\t\t<\/div>\n\t\t<\/div>\n\t\t\t\t\t\t\t<\/div>\n\t\t<\/section>\n\t\t\t\t<section class=\"elementor-section elementor-top-section elementor-element elementor-element-8aa795c elementor-section-boxed elementor-section-height-default elementor-section-height-default\" data-id=\"8aa795c\" data-element_type=\"section\">\n\t\t\t\t\t\t<div class=\"elementor-container elementor-column-gap-default\">\n\t\t\t\t\t<div class=\"elementor-column elementor-col-100 elementor-top-column elementor-element elementor-element-f2b00fe\" data-id=\"f2b00fe\" data-element_type=\"column\">\n\t\t\t<div class=\"elementor-widget-wrap elementor-element-populated\">\n\t\t\t\t\t\t\t\t<div class=\"elementor-element elementor-element-43801ba elementor-widget elementor-widget-text-editor\" data-id=\"43801ba\" data-element_type=\"widget\" data-widget_type=\"text-editor.default\">\n\t\t\t\t<div class=\"elementor-widget-container\">\n\t\t\t<style>\/*! elementor - v3.13.3 - 28-05-2023 *\/\n.elementor-widget-text-editor.elementor-drop-cap-view-stacked .elementor-drop-cap{background-color:#69727d;color:#fff}.elementor-widget-text-editor.elementor-drop-cap-view-framed .elementor-drop-cap{color:#69727d;border:3px solid;background-color:transparent}.elementor-widget-text-editor:not(.elementor-drop-cap-view-default) .elementor-drop-cap{margin-top:8px}.elementor-widget-text-editor:not(.elementor-drop-cap-view-default) .elementor-drop-cap-letter{width:1em;height:1em}.elementor-widget-text-editor .elementor-drop-cap{float:left;text-align:center;line-height:1;font-size:50px}.elementor-widget-text-editor .elementor-drop-cap-letter{display:inline-block}<\/style>\t\t\t\t<p><strong>Safari au Botswana avec style 2023<\/strong><\/p>\n<p>10 jours \u00e0 partir de 8 695 $ par personne<\/p>\n<p>Limit\u00e9 \u00e0 16 personnes<\/p>\n<p><strong>CHAQUE VOYAGE DE LUXE EN PETIT GROUPE INCLU<\/strong><\/p>\n<ul>\n<li>Diriger la tourn\u00e9e des r\u00e9sidents anglophones des guides locaux<\/li>\n<li>H\u00e9bergements de luxe<\/li>\n<li>Accueil \u00e0 l&rsquo;a\u00e9roport avec transferts priv\u00e9s<\/li>\n<li>Groom itin\u00e9rant<\/li>\n<li>Manutention des bagages<\/li>\n<li>Petit-d\u00e9jeuner au lit certains jours<\/li>\n<li>Petit-d\u00e9jeuner complet tous les jours ; S\u00e9lectionnez les d\u00e9jeuners et les d\u00eeners<\/li>\n<li>Votre choix d&rsquo;activit\u00e9 sur Concevez votre journ\u00e9e<\/li>\n<li>Valet du voyageur<\/li>\n<li>Service de blanchisserie<\/li>\n<li>Acc\u00e8s Internet<\/li>\n<li>Frais d&rsquo;entr\u00e9e, taxes et tous les pourboires sauf directeur de tourn\u00e9e r\u00e9sident<\/li>\n<li>Assistance Zumex 24h\/24 et 7j\/7<\/li>\n<li>D\u00e9parts garantis avec seulement deux invit\u00e9s\n<p><strong>ITIN\u00c9RAIRE<\/strong><\/li>\n<\/ul>\n<p>Au cours de cette aventure phare dans le sud de l\u2019Afrique, explorez des r\u00e9gions de jeu extraordinaires, admirez les superbes chutes Victoria et s\u00e9journez dans des h\u00e9bergements allant des tentes de luxe classiques aux somptueuses cabanes dans les arbres disponibles uniquement pour de petits groupes comme le v\u00f4tre.<\/p>\n<p><strong>Avantages Zumex<\/strong><\/p>\n<ul>\n<li>D\u00e9couvrez la faune in\u00e9gal\u00e9e de l&rsquo;Afrique australe de trois mani\u00e8res :<\/li>\n<li>sur des safaris, des promenades guid\u00e9es dans la brousse et des safaris fluviaux pittoresques<\/li>\n<li>D\u00e9couvrez la faune diversifi\u00e9e du Botswana aux c\u00f4t\u00e9s de guides de safari tri\u00e9s sur le volet dont les comp\u00e9tences de suivi approfondies m\u00e8nent \u00e0 des rencontres exceptionnelles avec la faune<\/li>\n<li>Obtenez des conseils pour capturer les meilleures images des Big Five lors d&rsquo;une conf\u00e9rence priv\u00e9e avec un photographe professionnel<\/li>\n<li>Parcourez le delta de l&rsquo;Okavango, remarquablement riche en biodiversit\u00e9, dans une pirogue traditionnelle<\/li>\n<li>Faites une visite guid\u00e9e priv\u00e9e des tonitruantes chutes Victoria, l&rsquo;une des sept merveilles naturelles du monde, et flottez le long du fleuve Zamb\u00e8ze lors d&rsquo;une croisi\u00e8re relaxante au coucher du soleil<\/li>\n<li>S\u00e9journez deux nuits dans le luxueux Sanctuary Chief&rsquo;s Camp, l&rsquo;un des meilleurs de la r\u00e9gion, situ\u00e9 dans la r\u00e9serve animali\u00e8re de Moremi, dans le delta de l&rsquo;Okavango.<\/li>\n<\/ul>\n<p><strong>Itin\u00e9raire en un coup d&rsquo;\u0153il<\/strong><\/p>\n<p>JOUR 1<br \/>ARRIV\u00c9E \u00c0 JOHANNESBURG, AFRIQUE DU SUD<\/p>\n<p>JOUR 2<br \/>LIVINGSTONE, ZAMBIE | CROISI\u00c8RE SUR LA RIVI\u00c8RE SUNDOWNER<\/p>\n<p>JOUR 3<br \/>LIVINGSTONE | CONCEVEZ VOTRE JOURN\u00c9E<\/p>\n<p>JOUR 4<br \/>CHUTES VICTORIA, ZIMBABWE | LA FUM\u00c9E QUI FAIT TONNER<\/p>\n<p>JOUR 5<br \/>PARC NATIONAL DE CHOBE, BOTSWANA | SAFARI SUR LA RIVI\u00c8RE CHOBE<\/p>\n<p>JOURS 6-7<br \/>DELTA DE L&rsquo;OKAVANGO | MERVEILLES D&rsquo;UNE R\u00c9SERVE PRIV\u00c9E<\/p>\n<p>JOUR 8<br \/>DELTA DE L&rsquo;OKAVANGO | CAPITALE DES PREDATEURS<\/p>\n<p>JOUR 9<br \/>DELTA DE L&rsquo;OKAVANGO | GAME DRIVES REMARQUABLES<\/p>\n<p>JOUR 10<br \/>D\u00c9PART DE JOHANNESBURG, AFRIQUE DU SUD<\/p>\n\t\t\t\t\t\t<\/div>\n\t\t\t\t<\/div>\n\t\t\t\t\t<\/div>\n\t\t<\/div>\n\t\t\t\t\t\t\t<\/div>\n\t\t<\/section>\n\t\t\t\t<section class=\"elementor-section elementor-top-section elementor-element elementor-element-89c6b6d elementor-section-boxed elementor-section-height-default elementor-section-height-default\" data-id=\"89c6b6d\" data-element_type=\"section\" data-settings=\"{&quot;background_background&quot;:&quot;classic&quot;}\">\n\t\t\t\t\t\t<div class=\"elementor-container elementor-column-gap-default\">\n\t\t\t\t\t<div class=\"elementor-column elementor-col-100 elementor-top-column elementor-element elementor-element-45a7242\" data-id=\"45a7242\" data-element_type=\"column\">\n\t\t\t<div class=\"elementor-widget-wrap elementor-element-populated\">\n\t\t\t\t\t\t\t\t<div class=\"elementor-element elementor-element-e1737a5 elementor-align-center elementor-widget elementor-widget-button\" data-id=\"e1737a5\" data-element_type=\"widget\" data-widget_type=\"button.default\">\n\t\t\t\t<div class=\"elementor-widget-container\">\n\t\t\t\t\t<div class=\"elementor-button-wrapper\">\n\t\t\t<a href=\"https:\/\/zumex-invest.com\/wp-content\/uploads\/2023\/07\/safari.pdf\" class=\"elementor-button-link elementor-button elementor-size-sm\" role=\"button\">\n\t\t\t\t\t\t<span class=\"elementor-button-content-wrapper\">\n\t\t\t\t\t\t<span class=\"elementor-button-text\">T\u00e9l\u00e9charger Travel PDF<\/span>\n\t\t<\/span>\n\t\t\t\t\t<\/a>\n\t\t<\/div>\n\t\t\t\t<\/div>\n\t\t\t\t<\/div>\n\t\t\t\t\t<\/div>\n\t\t<\/div>\n\t\t\t\t\t\t\t<\/div>\n\t\t<\/section>\n\t\t\t\t\t\t\t<\/div>\n\t\t","protected":false},"excerpt":{"rendered":"<p>Safari au Botswana T\u00e9l\u00e9charger Travel PDF Safari au Botswana avec style 2023 10 jours \u00e0 partir de 8 695 $ par personne Limit\u00e9 \u00e0 16 personnes CHAQUE VOYAGE DE LUXE EN PETIT GROUPE INCLU Diriger la tourn\u00e9e des r\u00e9sidents anglophones des guides locaux H\u00e9bergements de luxe Accueil \u00e0 l&rsquo;a\u00e9roport avec transferts priv\u00e9s Groom itin\u00e9rant Manutention &hellip;<\/p>\n<p class=\"read-more\"> <a class=\"\" href=\"https:\/\/zumex-invest.com\/fr\/safari-au-botswana\"> <span class=\"screen-reader-text\">Safari au Botswana<\/span> Lire la suite\u00a0\u00bb<\/a><\/p>\n","protected":false},"author":1,"featured_media":0,"parent":0,"menu_order":0,"comment_status":"closed","ping_status":"closed","template":"","meta":{"site-sidebar-layout":"no-sidebar","site-content-layout":"page-builder","ast-global-header-display":"","ast-main-header-display":"","ast-hfb-above-header-display":"","ast-hfb-below-header-display":"","ast-hfb-mobile-header-display":"","site-post-title":"disabled","ast-breadcrumbs-content":"","ast-featured-img":"disabled","footer-sml-layout":"","theme-transparent-header-meta":"","adv-header-id-meta":"","stick-header-meta":"","header-above-stick-meta":"","header-main-stick-meta":"","header-below-stick-meta":"","footnotes":""},"class_list":["post-472","page","type-page","status-publish","hentry"],"_links":{"self":[{"href":"https:\/\/zumex-invest.com\/fr\/wp-json\/wp\/v2\/pages\/472","targetHints":{"allow":["GET"]}}],"collection":[{"href":"https:\/\/zumex-invest.com\/fr\/wp-json\/wp\/v2\/pages"}],"about":[{"href":"https:\/\/zumex-invest.com\/fr\/wp-json\/wp\/v2\/types\/page"}],"author":[{"embeddable":true,"href":"https:\/\/zumex-invest.com\/fr\/wp-json\/wp\/v2\/users\/1"}],"replies":[{"embeddable":true,"href":"https:\/\/zumex-invest.com\/fr\/wp-json\/wp\/v2\/comments?post=472"}],"version-history":[{"count":3,"href":"https:\/\/zumex-invest.com\/fr\/wp-json\/wp\/v2\/pages\/472\/revisions"}],"predecessor-version":[{"id":475,"href":"https:\/\/zumex-invest.com\/fr\/wp-json\/wp\/v2\/pages\/472\/revisions\/475"}],"wp:attachment":[{"href":"https:\/\/zumex-invest.com\/fr\/wp-json\/wp\/v2\/media?parent=472"}],"curies":[{"name":"wp","href":"https:\/\/api.w.org\/{rel}","templated":true}]}}