{"id":476,"date":"2023-06-04T20:05:47","date_gmt":"2023-06-04T20:05:47","guid":{"rendered":"https:\/\/zumex-invest.com\/voyages-en-jet-prive"},"modified":"2023-07-11T21:02:28","modified_gmt":"2023-07-11T21:02:28","slug":"voyages-en-jet-prive","status":"publish","type":"page","link":"https:\/\/zumex-invest.com\/fr\/voyages-en-jet-prive","title":{"rendered":"Voyages en jet priv\u00e9"},"content":{"rendered":"\t\t<div data-elementor-type=\"wp-page\" data-elementor-id=\"476\" class=\"elementor elementor-476 elementor-313\">\n\t\t\t\t\t\t\t\t\t<section class=\"elementor-section elementor-top-section elementor-element elementor-element-ff0a0ea elementor-section-boxed elementor-section-height-default elementor-section-height-default\" data-id=\"ff0a0ea\" data-element_type=\"section\" data-settings=\"{&quot;background_background&quot;:&quot;classic&quot;}\">\n\t\t\t\t\t\t\t<div class=\"elementor-background-overlay\"><\/div>\n\t\t\t\t\t\t\t<div class=\"elementor-container elementor-column-gap-default\">\n\t\t\t\t\t<div class=\"elementor-column elementor-col-100 elementor-top-column elementor-element elementor-element-35f2dab\" data-id=\"35f2dab\" data-element_type=\"column\">\n\t\t\t<div class=\"elementor-widget-wrap elementor-element-populated\">\n\t\t\t\t\t\t\t\t<div class=\"elementor-element elementor-element-0488803 elementor-widget elementor-widget-heading\" data-id=\"0488803\" data-element_type=\"widget\" data-widget_type=\"heading.default\">\n\t\t\t\t<div class=\"elementor-widget-container\">\n\t\t\t<style>\/*! elementor - v3.13.3 - 28-05-2023 *\/\n.elementor-heading-title{padding:0;margin:0;line-height:1}.elementor-widget-heading .elementor-heading-title[class*=elementor-size-]>a{color:inherit;font-size:inherit;line-height:inherit}.elementor-widget-heading .elementor-heading-title.elementor-size-small{font-size:15px}.elementor-widget-heading .elementor-heading-title.elementor-size-medium{font-size:19px}.elementor-widget-heading .elementor-heading-title.elementor-size-large{font-size:29px}.elementor-widget-heading .elementor-heading-title.elementor-size-xl{font-size:39px}.elementor-widget-heading .elementor-heading-title.elementor-size-xxl{font-size:59px}<\/style><h1 class=\"elementor-heading-title elementor-size-default\">Voyages en jet priv\u00e9<\/h1>\t\t<\/div>\n\t\t\t\t<\/div>\n\t\t\t\t\t<\/div>\n\t\t<\/div>\n\t\t\t\t\t\t\t<\/div>\n\t\t<\/section>\n\t\t\t\t<section class=\"elementor-section elementor-top-section elementor-element elementor-element-8aa795c elementor-section-boxed elementor-section-height-default elementor-section-height-default\" data-id=\"8aa795c\" data-element_type=\"section\">\n\t\t\t\t\t\t<div class=\"elementor-container elementor-column-gap-default\">\n\t\t\t\t\t<div class=\"elementor-column elementor-col-100 elementor-top-column elementor-element elementor-element-f2b00fe\" data-id=\"f2b00fe\" data-element_type=\"column\">\n\t\t\t<div class=\"elementor-widget-wrap elementor-element-populated\">\n\t\t\t\t\t\t\t\t<div class=\"elementor-element elementor-element-43801ba elementor-widget elementor-widget-text-editor\" data-id=\"43801ba\" data-element_type=\"widget\" data-widget_type=\"text-editor.default\">\n\t\t\t\t<div class=\"elementor-widget-container\">\n\t\t\t<style>\/*! elementor - v3.13.3 - 28-05-2023 *\/\n.elementor-widget-text-editor.elementor-drop-cap-view-stacked .elementor-drop-cap{background-color:#69727d;color:#fff}.elementor-widget-text-editor.elementor-drop-cap-view-framed .elementor-drop-cap{color:#69727d;border:3px solid;background-color:transparent}.elementor-widget-text-editor:not(.elementor-drop-cap-view-default) .elementor-drop-cap{margin-top:8px}.elementor-widget-text-editor:not(.elementor-drop-cap-view-default) .elementor-drop-cap-letter{width:1em;height:1em}.elementor-widget-text-editor .elementor-drop-cap{float:left;text-align:center;line-height:1;font-size:50px}.elementor-widget-text-editor .elementor-drop-cap-letter{display:inline-block}<\/style>\t\t\t\t<p><strong>L&rsquo;aventure mondiale ultime<\/strong><\/p>\n<p>Un voyage en jet priv\u00e9 Zumex est le sommet de l&rsquo;exp\u00e9rience inspirante, incorporant tout ce que nous avons appris et perfectionn\u00e9. Votre petit groupe de 48 invit\u00e9s maximum voyage sur un itin\u00e9raire exclusif rempli d&rsquo;acc\u00e8s d&rsquo;initi\u00e9s, de restaurants raffin\u00e9s et d&rsquo;\u00e9v\u00e9nements culturels sur invitation uniquement organis\u00e9s par nos experts locaux. Naviguez d&rsquo;une destination \u00e0 l&rsquo;autre avec les meilleurs Tour Managers et un \u00e9quipage de conduite d\u00e9di\u00e9, terminant chaque journ\u00e9e dans des h\u00e9bergements choisis pour leur confort, leur hospitalit\u00e9 et leur v\u00e9ritable caract\u00e8re local. D\u00e8s votre arriv\u00e9e jusqu&rsquo;au jour o\u00f9 vous dites au revoir \u00e0 l&rsquo;\u00e9quipage de votre jet priv\u00e9, vivez un voyage qui allie luxe, authenticit\u00e9 et savoir-faire comme seul Zumex peut le faire.<\/p>\n<p><strong>La fa\u00e7on ultime de voyager<\/strong><\/p>\n<p>Cette exp\u00e9rience de jet priv\u00e9 Zumex est l&rsquo;aventure de luxe ultime, une s\u00e9quence astucieusement orchestr\u00e9e de destinations inspirantes et d&rsquo;exp\u00e9riences uniques rendues possibles gr\u00e2ce \u00e0 la flexibilit\u00e9 de l&rsquo;air priv\u00e9 &#8211; ainsi qu&rsquo;aux connaissances in\u00e9gal\u00e9es des experts locaux de Zumex dans le monde entier. Votre petit groupe de 48 invit\u00e9s partageant les m\u00eames id\u00e9es voyage sur un itin\u00e9raire tout compris rempli d&rsquo;observations de la faune de classe mondiale, de repas inoubliables et d&rsquo;\u00e9v\u00e9nements culturels captivants organis\u00e9s exclusivement pour vous. Voyagez d&rsquo;une destination \u00e0 l&rsquo;autre avec une \u00e9quipe d&rsquo;experts Tour Managers, un photographe professionnel et un \u00e9quipage de vol d\u00e9di\u00e9, terminant chaque journ\u00e9e dans des h\u00e9bergements choisis pour leur confort, leur hospitalit\u00e9 et leur v\u00e9ritable caract\u00e8re local. D\u00e8s votre arriv\u00e9e jusqu&rsquo;au jour o\u00f9 vous dites au revoir \u00e0 l&rsquo;\u00e9quipage de votre jet priv\u00e9, vivez un voyage qui allie luxe, authenticit\u00e9 et savoir-faire comme seul Zumex peut le faire.<\/p>\n<p><strong>Voler comme il se doit<\/strong><\/p>\n<p>Montez \u00e0 bord du Boeing 757 affr\u00e9t\u00e9 par Zumex et profitez d&rsquo;un confort et d&rsquo;un style absolus avec 48 si\u00e8ges enti\u00e8rement inclinables de premi\u00e8re classe, un \u00e9quipage de cabine d\u00e9di\u00e9 qui fait de votre jet priv\u00e9 une maison accueillante loin de chez vous et une gamme d&rsquo;\u00e9quipements bien pens\u00e9s, d&rsquo;un une machine \u00e0 expresso et des \u00e9couteurs antibruit au Wi-Fi (le cas \u00e9ch\u00e9ant) et des divertissements s\u00e9lectionn\u00e9s pour compl\u00e9ter votre itin\u00e9raire. Atterrissez dans des destinations exotiques difficilement accessibles via les principaux transporteurs, allez et venez de mani\u00e8re fiable selon un horaire bas\u00e9 sur votre itin\u00e9raire &#8211; pas la commodit\u00e9 d&rsquo;une compagnie a\u00e9rienne.<\/p>\n<p><strong>H\u00e9bergement et restauration<\/strong><\/p>\n<p>Votre h\u00e9bergement incarne l&rsquo;hospitalit\u00e9 authentique et le caract\u00e8re de chaque lieu que vous visitez. Ceux-ci incluent <br>des camps de safari de luxe tels que Sanctuary Gorilla Forest Camp et Angama Mara, ainsi que le style urbain embl\u00e9matique de la p\u00e9ninsule de Tokyo et Six Senses Fort Barwara, un ancien fort du XIVe si\u00e8cle. Pendant ce temps, vos repas sont un v\u00e9ritable r\u00e9gal pour les sens, avec des animations locales et de superbes d\u00e9cors naturels qui transforment un cocktail ou un d\u00eener en \u00e9v\u00e9nement. Vous profitez \u00e9galement <br>d&rsquo;opportunit\u00e9s pour d\u00e9couvrir la cuisine de votre destination par vous-m\u00eame dans le restaurant de votre choix.<\/p>\n<p><strong>Votre personnel de tourn\u00e9e<\/strong><\/p>\n<p>Diriger votre voyage est un directeur de tourn\u00e9e exp\u00e9riment\u00e9, qui supervise l&rsquo;itin\u00e9raire du d\u00e9but \u00e0 la fin. Sur le terrain, votre groupe se divise en petits groupes, chacun dirig\u00e9 par un responsable de tourn\u00e9e et assist\u00e9 de guides r\u00e9sidents et d&rsquo;experts locaux de la faune. Un photographe professionnel est \u00e0 votre disposition tout au long du voyage pour vous donner des conseils pour capturer la photo parfaite. Un m\u00e9decin \u00e0 bord voyage avec vous pour vous aider en cas de probl\u00e8me m\u00e9dical, tandis que votre responsable des bagages d\u00e9di\u00e9 supervise la gestion de vos bagages entre chaque destination dans le cadre du service Traveling Bell Boy de Zumex.<\/p>\n<p><strong>SAFARI FAUNE<\/strong><br><strong>AUTOUR DU MONDE EN JET PRIV\u00c9<\/strong><\/p>\n<p>Du 14 f\u00e9vrier au 9 mars 2024<\/p>\n<p>25 jours | Limit\u00e9 \u00e0 48 invit\u00e9s<\/p>\n<p>164 950 $ par personne, en occupation double | Suppl\u00e9ment single de 21 950 $<\/p>\n<p><strong>PORTLAND<\/strong><br><strong>14 f\u00e9vrier | Votre voyage commence<\/strong><\/p>\n<p>Arriv\u00e9e \u00e0 Portland et transfert vers votre h\u00e9bergement au nouveau Ritz-Carlton Portland, o\u00f9 vous rencontrerez votre \u00e9quipe de direction de la tourn\u00e9e et les autres invit\u00e9s autour d&rsquo;un cocktail et d&rsquo;un d\u00eener. Repas : Diner<br>Ritz-Carlton, Portland <br>Portland, Oregon<br>Situ\u00e9 dans le quartier anim\u00e9 du centre-ville de Portland, <br>le nouveau Ritz-Carlton apporte un nouveau niveau <br>de luxe intemporel \u00e0 la ville rose, avec un <br>design influenc\u00e9 par la beaut\u00e9 du nord-ouest du Pacifique <br>combin\u00e9 aux meilleurs dans le luxe.<\/p>\n<p><strong>JAPON<\/strong><br><strong>15\u201318 f\u00e9vrier | Le singe des neiges<\/strong><\/p>\n<p>Partez \u00e0 bord de votre jet priv\u00e9 pour Tokyo, au Japon (en traversant la date limite internationale en cours de route) et arrivez \u00e0 un d\u00eener de sushi et de sak\u00e9. Rendez-vous au parc national Joshinetsu Kogen \u00e0 Nagano et promenez-vous dans le parc pour rencontrer le macaque japonais, commun\u00e9ment appel\u00e9 le singe des neiges. Ce soir, d\u00eenez dans l&rsquo;un des restaurants tri\u00e9s sur le volet de Zumex \u00e0 Tokyo. Concevez votre journ\u00e9e le lendemain avec votre choix parmi ces activit\u00e9s :<\/p>\n<p><img decoding=\"async\" draggable=\"false\" role=\"img\" class=\"emoji\" alt=\"\u25b6\" src=\"https:\/\/s.w.org\/images\/core\/emoji\/14.0.0\/svg\/25b6.svg\"> Explorez Tokyo avec un guide expert, visitez <br>le temple Asakusa Kannon et promenez-vous dans le march\u00e9 de Tsukiji.<\/p>\n<p><img decoding=\"async\" draggable=\"false\" role=\"img\" class=\"emoji\" alt=\"\u25b6\" src=\"https:\/\/s.w.org\/images\/core\/emoji\/14.0.0\/svg\/25b6.svg\"> Faites une excursion d&rsquo;une journ\u00e9e \u00e0 Kamakura, une ville baln\u00e9aire connue pour ses sanctuaires et temples bouddhistes et shinto\u00efstes.<\/p>\n<p><img decoding=\"async\" draggable=\"false\" role=\"img\" class=\"emoji\" alt=\"\u25b6\" src=\"https:\/\/s.w.org\/images\/core\/emoji\/14.0.0\/svg\/25b6.svg\"> Profitez d&rsquo;un soin spa \u00e0 votre h\u00f4tel et du reste de la journ\u00e9e \u00e0 votre guise.<\/p>\n<p>Ce soir, assistez \u00e0 un d\u00eener de c\u00e9l\u00e9bration organis\u00e9 par une geisha experte.<\/p>\n<p><strong>LES PHILIPPINES<br><\/strong><strong>19-21 f\u00e9v. | Le tarsier et le requin-baleine<\/strong><\/p>\n<p>C\u00e9l\u00e9brez votre arriv\u00e9e \u00e0 Cebu, la premi\u00e8re colonie espagnole des Philippines, lors d&rsquo;un cocktail et d&rsquo;un d\u00eener en bord de mer \u00e0 Playa del Fuego. Le lendemain matin, partez en h\u00e9licopt\u00e8re priv\u00e9 pour la ville de Tagbilaran, Bohol, en survolant les ondulantes collines de chocolat en cours de route. Visitez le sanctuaire Philippine Tarsier \u00e0 Corella pour avoir la chance de voir l&rsquo;un des primates les plus petits et les plus rares au monde dans son habitat naturel. Ces cr\u00e9atures timides sont difficiles \u00e0 garder en captivit\u00e9, et les voir en personne est un plaisir rare. Continuez vers Loboc, o\u00f9 vous aurez l&rsquo;occasion d&rsquo;interagir avec les enfants locaux alors qu&rsquo;ils interpr\u00e8tent des chants et des danses traditionnels. Profitez d&rsquo;un r\u00e9cital priv\u00e9 par le c\u00e9l\u00e8bre Loboc Children&rsquo;s Choir. Concevez votre journ\u00e9e le lendemain avec votre choix d&rsquo;activit\u00e9s :<\/p>\n<p><img decoding=\"async\" draggable=\"false\" role=\"img\" class=\"emoji\" alt=\"\u25b6\" src=\"https:\/\/s.w.org\/images\/core\/emoji\/14.0.0\/svg\/25b6.svg\"> Nagez avec le requin baleine et observez <br>de pr\u00e8s ce g\u00e9ant placide et inoffensif.<\/p>\n<p><img decoding=\"async\" draggable=\"false\" role=\"img\" class=\"emoji\" alt=\"\u25b6\" src=\"https:\/\/s.w.org\/images\/core\/emoji\/14.0.0\/svg\/25b6.svg\"> Jouez tranquillement un 18 trous sur un terrain de golf \u00e0 proximit\u00e9.<\/p>\n<p><img decoding=\"async\" draggable=\"false\" role=\"img\" class=\"emoji\" alt=\"\u25b6\" src=\"https:\/\/s.w.org\/images\/core\/emoji\/14.0.0\/svg\/25b6.svg\"> Faites votre choix parmi les activit\u00e9s propos\u00e9es par votre complexe, notamment <br>la plong\u00e9e en apn\u00e9e, le kayak et le jet ski.<\/p>\n<p>Lors de votre derni\u00e8re soir\u00e9e ici, participez \u00e0 un festin culturel local proposant un \u00e9ventail de plats traditionnels philippins et des animations anim\u00e9es.<\/p>\n<p><strong>MALAISIE<\/strong><br><strong>22\u201323 f\u00e9vrier | L&rsquo;ours de miel et l&rsquo;orang-outan<\/strong><\/p>\n<p>Montez \u00e0 bord de votre jet priv\u00e9 ce matin pour votre vol vers l&rsquo;exotique Born\u00e9o. Partez en excursion dans les r\u00e9serves fauniques de <br>Sepilok, en commen\u00e7ant par le Bornean Sun Bear Conservation Center. Il y a 44 ours sauv\u00e9s au centre, s&rsquo;\u00e9panouissant dans un environnement naturel tout en se pr\u00e9parant \u00e0 retourner dans la nature. Continuez jusqu&rsquo;au centre de r\u00e9habilitation des orangs-outans de Sepilok, l&rsquo;un des meilleurs endroits pour observer ce primate en danger critique d&rsquo;extinction, et profitez d&rsquo;une occasion en coulisse d&rsquo;observer de jeunes orangs-outans alors qu&rsquo;ils sont conditionn\u00e9s pour retourner dans la jungle. Passez \u00e0 l&rsquo;h\u00f4tel pour du temps libre ou continuez vers le sanctuaire de Labuk Bay pour un repas priv\u00e9 de singe proboscis. Le lendemain, embarquez pour une croisi\u00e8re sur la rivi\u00e8re Abai \u00e0 la recherche d&rsquo;animaux sauvages loin de la foule. Le village d&rsquo;Abai est votre entr\u00e9e dans les zones humides inf\u00e9rieures de Kinabatangan Segama, situ\u00e9es \u00e0 environ une heure de bateau de Sandakan. La diversit\u00e9 de cette r\u00e9gion est \u00e9tonnante, avec un record de plus de 200 esp\u00e8ces d&rsquo;oiseaux, 90 esp\u00e8ces de poissons et 50 esp\u00e8ces de mammif\u00e8res. Ce soir, vous vous retrouverez avec d&rsquo;autres invit\u00e9s pour un cocktail et un d\u00eener \u00e0 l&rsquo;English Tea House, anim\u00e9 par des musiciens de jazz locaux.<\/p>\n<p><strong>INDE<\/strong><br><strong>24-27 f\u00e9vr. | L&rsquo;insaisissable tigre du Bengale<\/strong><\/p>\n<p>Arriv\u00e9e \u00e0 Jaipur, la l\u00e9gendaire \u00ab\u00a0ville rose\u00a0\u00bb de l&rsquo;Inde, o\u00f9 vous serez accueilli par le traditionnel maharadjah. Ce soir, vous profiterez d&rsquo;un d\u00eener sur le th\u00e8me du village. Le lendemain, vous vous rendez au parc national de Ranthambore, o\u00f9 vous et vos pisteurs experts recherchent le plus grand de tous les grands f\u00e9lins : le tigre du Bengale. S&rsquo;\u00e9tendant sur environ 250 miles carr\u00e9s, les for\u00eats de Ranthambore \u00e9taient autrefois les terrains de chasse priv\u00e9s des maharajahs de Jaipur, et leur d\u00e9sir de pr\u00e9server le gibier dans ces for\u00eats est en partie \u00e0 l&rsquo;origine du fait que Ranthambore est le meilleur habitat au monde pour observer le tigre sauvage. Les safaris dans la jungle du matin et de l&rsquo;apr\u00e8s-midi permettent d&rsquo;observer ces magnifiques pr\u00e9dateurs ainsi que les nombreuses autres esp\u00e8ces qui vivent dans le parc, notamment le sanglier, le cerf, l&rsquo;antilope et l&rsquo;ours paresseux. Des ruines, des palais et des tombeaux moghols pars\u00e8ment \u00e9galement les collines couvertes d&rsquo;arbres. Profitez de la possibilit\u00e9 de d\u00eener dans l&rsquo;h\u00f4tel, dans l&rsquo;un des restaurants de l&rsquo;h\u00f4tel ou sur une terrasse avec vue sur la campagne. Cr\u00e9ez votre journ\u00e9e au cours des deux prochains jours en choisissant les activit\u00e9s qui vous int\u00e9ressent :<\/p>\n<p><img decoding=\"async\" draggable=\"false\" role=\"img\" class=\"emoji\" alt=\"\u25b6\" src=\"https:\/\/s.w.org\/images\/core\/emoji\/14.0.0\/svg\/25b6.svg\"> Rencontre culturelle dans un village local.<\/p>\n<p><img decoding=\"async\" draggable=\"false\" role=\"img\" class=\"emoji\" alt=\"\u25b6\" src=\"https:\/\/s.w.org\/images\/core\/emoji\/14.0.0\/svg\/25b6.svg\"> Visite du Fort historique de Ranthambore, une forteresse situ\u00e9e au sommet d&rsquo;une colline et offrant une vue imprenable sur le parc environnant.<\/p>\n<p><img decoding=\"async\" draggable=\"false\" role=\"img\" class=\"emoji\" alt=\"\u25b6\" src=\"https:\/\/s.w.org\/images\/core\/emoji\/14.0.0\/svg\/25b6.svg\"> Go\u00fbtez aux saveurs de la cuisine indienne lors d&rsquo;un cours culinaire priv\u00e9.<\/p>\n<p><img decoding=\"async\" draggable=\"false\" role=\"img\" class=\"emoji\" alt=\"\u25b6\" src=\"https:\/\/s.w.org\/images\/core\/emoji\/14.0.0\/svg\/25b6.svg\"> D\u00e9tendez-vous dans le spa Six Senses ou participez \u00e0 l&rsquo;une des autres activit\u00e9s propos\u00e9es. <br>les activit\u00e9s du centre de vill\u00e9giature.<\/p>\n<p><strong>Inclus dans chaque voyage en jet priv\u00e9<\/strong><\/p>\n<ul>\n<li>Un acc\u00e8s authentique aux initi\u00e9s et des exp\u00e9riences exclusives rendus possibles par l&rsquo;expertise locale in\u00e9gal\u00e9e de Zumex<\/li>\n<li>Directeur d&rsquo;excursion, responsables d&rsquo;excursion et guides locaux parlant anglais<\/li>\n<li>Boeing 757 affr\u00e9t\u00e9 avec des si\u00e8ges de premi\u00e8re classe enti\u00e8rement inclinables, avec un \u00e9quipage d\u00e9di\u00e9 et un chef ex\u00e9cutif.<\/li>\n<li>Des h\u00e9bergements uniques, s\u00e9lectionn\u00e9s \u00e0 la main<\/li>\n<li>Un choix d&rsquo;activit\u00e9s dans des destinations s\u00e9lectionn\u00e9es gr\u00e2ce au programme Design Your Day de Zumex<\/li>\n<li>M\u00e9decin tout au long du voyage<\/li>\n<li>Groom itin\u00e9rant<\/li>\n<li>Manutention des bagages<\/li>\n<li>Valet du voyageur<\/li>\n<li>Service de blanchisserie gratuit \u00e0 mi-parcours<\/li>\n<li>Tous les repas avec boissons, y compris les exp\u00e9riences culinaires personnalis\u00e9es et les divertissements locaux festifs.<\/li>\n<li>Service de traitement des passeports et des visas en gants blancs<\/li>\n<li>Tous les pourboires<br>Acc\u00e8s gratuit \u00e0 Internet, y compris en vol (si disponible)<\/li>\n<li>Assistance Zumex 24h\/24 et 7j\/7<\/li>\n<\/ul>\t\t\t\t\t\t<\/div>\n\t\t\t\t<\/div>\n\t\t\t\t\t<\/div>\n\t\t<\/div>\n\t\t\t\t\t\t\t<\/div>\n\t\t<\/section>\n\t\t\t\t\t\t\t<\/div>\n\t\t","protected":false},"excerpt":{"rendered":"<p>Voyages en jet priv\u00e9 L&rsquo;aventure mondiale ultime Un voyage en jet priv\u00e9 Zumex est le sommet de l&rsquo;exp\u00e9rience inspirante, incorporant tout ce que nous avons appris et perfectionn\u00e9. Votre petit groupe de 48 invit\u00e9s maximum voyage sur un itin\u00e9raire exclusif rempli d&rsquo;acc\u00e8s d&rsquo;initi\u00e9s, de restaurants raffin\u00e9s et d&rsquo;\u00e9v\u00e9nements culturels sur invitation uniquement organis\u00e9s par nos &hellip;<\/p>\n<p class=\"read-more\"> <a class=\"\" href=\"https:\/\/zumex-invest.com\/fr\/voyages-en-jet-prive\"> <span class=\"screen-reader-text\">Voyages en jet priv\u00e9<\/span> Lire la suite\u00a0\u00bb<\/a><\/p>\n","protected":false},"author":1,"featured_media":0,"parent":0,"menu_order":0,"comment_status":"closed","ping_status":"closed","template":"","meta":{"site-sidebar-layout":"no-sidebar","site-content-layout":"page-builder","ast-global-header-display":"","ast-main-header-display":"","ast-hfb-above-header-display":"","ast-hfb-below-header-display":"","ast-hfb-mobile-header-display":"","site-post-title":"disabled","ast-breadcrumbs-content":"","ast-featured-img":"disabled","footer-sml-layout":"","theme-transparent-header-meta":"","adv-header-id-meta":"","stick-header-meta":"","header-above-stick-meta":"","header-main-stick-meta":"","header-below-stick-meta":"","footnotes":""},"class_list":["post-476","page","type-page","status-publish","hentry"],"_links":{"self":[{"href":"https:\/\/zumex-invest.com\/fr\/wp-json\/wp\/v2\/pages\/476","targetHints":{"allow":["GET"]}}],"collection":[{"href":"https:\/\/zumex-invest.com\/fr\/wp-json\/wp\/v2\/pages"}],"about":[{"href":"https:\/\/zumex-invest.com\/fr\/wp-json\/wp\/v2\/types\/page"}],"author":[{"embeddable":true,"href":"https:\/\/zumex-invest.com\/fr\/wp-json\/wp\/v2\/users\/1"}],"replies":[{"embeddable":true,"href":"https:\/\/zumex-invest.com\/fr\/wp-json\/wp\/v2\/comments?post=476"}],"version-history":[{"count":1,"href":"https:\/\/zumex-invest.com\/fr\/wp-json\/wp\/v2\/pages\/476\/revisions"}],"predecessor-version":[{"id":477,"href":"https:\/\/zumex-invest.com\/fr\/wp-json\/wp\/v2\/pages\/476\/revisions\/477"}],"wp:attachment":[{"href":"https:\/\/zumex-invest.com\/fr\/wp-json\/wp\/v2\/media?parent=476"}],"curies":[{"name":"wp","href":"https:\/\/api.w.org\/{rel}","templated":true}]}}