{"id":478,"date":"2023-05-02T17:36:53","date_gmt":"2023-05-02T17:36:53","guid":{"rendered":"https:\/\/zumex-invest.com\/notre-code-de-conduite"},"modified":"2023-07-11T21:04:52","modified_gmt":"2023-07-11T21:04:52","slug":"notre-code-de-conduite","status":"publish","type":"page","link":"https:\/\/zumex-invest.com\/fr\/notre-code-de-conduite","title":{"rendered":"Notre code de conduite"},"content":{"rendered":"\t\t<div data-elementor-type=\"wp-page\" data-elementor-id=\"478\" class=\"elementor elementor-478 elementor-116\">\n\t\t\t\t\t\t\t\t\t<section class=\"elementor-section elementor-top-section elementor-element elementor-element-ff0a0ea elementor-section-boxed elementor-section-height-default elementor-section-height-default\" data-id=\"ff0a0ea\" data-element_type=\"section\" data-settings=\"{&quot;background_background&quot;:&quot;classic&quot;}\">\n\t\t\t\t\t\t\t<div class=\"elementor-background-overlay\"><\/div>\n\t\t\t\t\t\t\t<div class=\"elementor-container elementor-column-gap-default\">\n\t\t\t\t\t<div class=\"elementor-column elementor-col-100 elementor-top-column elementor-element elementor-element-35f2dab\" data-id=\"35f2dab\" data-element_type=\"column\">\n\t\t\t<div class=\"elementor-widget-wrap elementor-element-populated\">\n\t\t\t\t\t\t\t\t<div class=\"elementor-element elementor-element-0488803 elementor-widget elementor-widget-heading\" data-id=\"0488803\" data-element_type=\"widget\" data-widget_type=\"heading.default\">\n\t\t\t\t<div class=\"elementor-widget-container\">\n\t\t\t<style>\/*! elementor - v3.13.3 - 28-05-2023 *\/\n.elementor-heading-title{padding:0;margin:0;line-height:1}.elementor-widget-heading .elementor-heading-title[class*=elementor-size-]>a{color:inherit;font-size:inherit;line-height:inherit}.elementor-widget-heading .elementor-heading-title.elementor-size-small{font-size:15px}.elementor-widget-heading .elementor-heading-title.elementor-size-medium{font-size:19px}.elementor-widget-heading .elementor-heading-title.elementor-size-large{font-size:29px}.elementor-widget-heading .elementor-heading-title.elementor-size-xl{font-size:39px}.elementor-widget-heading .elementor-heading-title.elementor-size-xxl{font-size:59px}<\/style><h1 class=\"elementor-heading-title elementor-size-default\">Notre code de conduite<\/h1>\t\t<\/div>\n\t\t\t\t<\/div>\n\t\t\t\t\t<\/div>\n\t\t<\/div>\n\t\t\t\t\t\t\t<\/div>\n\t\t<\/section>\n\t\t\t\t<section class=\"elementor-section elementor-top-section elementor-element elementor-element-8aa795c elementor-section-boxed elementor-section-height-default elementor-section-height-default\" data-id=\"8aa795c\" data-element_type=\"section\">\n\t\t\t\t\t\t<div class=\"elementor-container elementor-column-gap-default\">\n\t\t\t\t\t<div class=\"elementor-column elementor-col-100 elementor-top-column elementor-element elementor-element-f2b00fe\" data-id=\"f2b00fe\" data-element_type=\"column\">\n\t\t\t<div class=\"elementor-widget-wrap elementor-element-populated\">\n\t\t\t\t\t\t\t\t<div class=\"elementor-element elementor-element-43801ba elementor-widget elementor-widget-text-editor\" data-id=\"43801ba\" data-element_type=\"widget\" data-widget_type=\"text-editor.default\">\n\t\t\t\t<div class=\"elementor-widget-container\">\n\t\t\t<style>\/*! elementor - v3.13.3 - 28-05-2023 *\/\n.elementor-widget-text-editor.elementor-drop-cap-view-stacked .elementor-drop-cap{background-color:#69727d;color:#fff}.elementor-widget-text-editor.elementor-drop-cap-view-framed .elementor-drop-cap{color:#69727d;border:3px solid;background-color:transparent}.elementor-widget-text-editor:not(.elementor-drop-cap-view-default) .elementor-drop-cap{margin-top:8px}.elementor-widget-text-editor:not(.elementor-drop-cap-view-default) .elementor-drop-cap-letter{width:1em;height:1em}.elementor-widget-text-editor .elementor-drop-cap{float:left;text-align:center;line-height:1;font-size:50px}.elementor-widget-text-editor .elementor-drop-cap-letter{display:inline-block}<\/style>\t\t\t\t<p>Refl\u00e9tant notre objectif de s&rsquo;approvisionner de mani\u00e8re responsable en mati\u00e8res premi\u00e8res qui font avancer la vie quotidienne, notre responsabilit\u00e9 continue <br>est de fournir une performance financi\u00e8re et une excellence op\u00e9rationnelle tout en apportant une contribution positive <br>\u00e0 la soci\u00e9t\u00e9. Nous devons toujours viser \u00e0 cr\u00e9er des avantages durables pour les parties prenantes d&rsquo;une mani\u00e8re responsable, transparente et respectueuse des droits de tous.<\/p>\n<p>Nos valeurs de s\u00e9curit\u00e9, d&rsquo;int\u00e9grit\u00e9, de responsabilit\u00e9, d&rsquo;ouverture, de simplicit\u00e9 et d&rsquo;esprit d&rsquo;entreprise doivent nous guider dans tout ce que nous entreprenons. Notre souci d&rsquo;op\u00e9rer avec int\u00e9grit\u00e9 \u2013 avoir le courage de faire ce qui est juste, m\u00eame quand c&rsquo;est difficile \u2013 est au c\u0153ur de ce que nous faisons chez Zumex.<\/p>\n<p>Notre code de conduite refl\u00e8te notre objectif et nos valeurs et d\u00e9finit les principes cl\u00e9s et les attentes concernant la mani\u00e8re dont nous devons nous comporter dans nos activit\u00e9s quotidiennes.<\/p>\n<p>Chez Zumex, nous nous engageons tous \u00e0 respecter le Code, o\u00f9 que nous soyons ou ce que nous faisons. Nous sommes tous responsables de respecter nos valeurs, d&rsquo;int\u00e9grer le Code dans nos vies et d&rsquo;encourager nos coll\u00e8gues \u00e0 faire de m\u00eame.<\/p>\n<p>Nous nous engageons \u00e0 faire progresser la vie quotidienne en fournissant les produits n\u00e9cessaires pour d\u00e9velopper, soutenir et am\u00e9liorer le monde qui nous entoure.<\/p>\n<p>Une culture ouverte est \u00e9galement essentielle \u00e0 notre succ\u00e8s. Nous devons encourager le dialogue et les commentaires, et chaque personne travaillant pour Zumex est tenue de parler ouvertement.<\/p>\n<p>Cela comprend le fait de signaler des pr\u00e9occupations lorsque nous pensons que les lois, les codes ou nos politiques ne sont pas respect\u00e9s. Nous avons une tol\u00e9rance z\u00e9ro pour les repr\u00e9sailles contre toute personne qui soul\u00e8ve une pr\u00e9occupation.<\/p>\n<p>Notre engagement continu envers notre objectif, nos valeurs et ce code aidera Zumex \u00e0 relever tous les d\u00e9fis avec r\u00e9silience et nous permettra de rester concentr\u00e9s sur ce que nous faisons le mieux : nous approvisionner de mani\u00e8re responsable en mati\u00e8res premi\u00e8res qui font avancer la vie quotidienne.<\/p>\t\t\t\t\t\t<\/div>\n\t\t\t\t<\/div>\n\t\t\t\t\t<\/div>\n\t\t<\/div>\n\t\t\t\t\t\t\t<\/div>\n\t\t<\/section>\n\t\t\t\t\t\t\t<\/div>\n\t\t","protected":false},"excerpt":{"rendered":"<p>Notre code de conduite Refl\u00e9tant notre objectif de s&rsquo;approvisionner de mani\u00e8re responsable en mati\u00e8res premi\u00e8res qui font avancer la vie quotidienne, notre responsabilit\u00e9 continue est de fournir une performance financi\u00e8re et une excellence op\u00e9rationnelle tout en apportant une contribution positive \u00e0 la soci\u00e9t\u00e9. Nous devons toujours viser \u00e0 cr\u00e9er des avantages durables pour les parties &hellip;<\/p>\n<p class=\"read-more\"> <a class=\"\" href=\"https:\/\/zumex-invest.com\/fr\/notre-code-de-conduite\"> <span class=\"screen-reader-text\">Notre code de conduite<\/span> Lire la suite\u00a0\u00bb<\/a><\/p>\n","protected":false},"author":1,"featured_media":0,"parent":0,"menu_order":22,"comment_status":"closed","ping_status":"closed","template":"","meta":{"site-sidebar-layout":"no-sidebar","site-content-layout":"page-builder","ast-global-header-display":"","ast-main-header-display":"","ast-hfb-above-header-display":"","ast-hfb-below-header-display":"","ast-hfb-mobile-header-display":"","site-post-title":"disabled","ast-breadcrumbs-content":"","ast-featured-img":"disabled","footer-sml-layout":"","theme-transparent-header-meta":"","adv-header-id-meta":"","stick-header-meta":"","header-above-stick-meta":"","header-main-stick-meta":"","header-below-stick-meta":"","footnotes":""},"class_list":["post-478","page","type-page","status-publish","hentry"],"_links":{"self":[{"href":"https:\/\/zumex-invest.com\/fr\/wp-json\/wp\/v2\/pages\/478","targetHints":{"allow":["GET"]}}],"collection":[{"href":"https:\/\/zumex-invest.com\/fr\/wp-json\/wp\/v2\/pages"}],"about":[{"href":"https:\/\/zumex-invest.com\/fr\/wp-json\/wp\/v2\/types\/page"}],"author":[{"embeddable":true,"href":"https:\/\/zumex-invest.com\/fr\/wp-json\/wp\/v2\/users\/1"}],"replies":[{"embeddable":true,"href":"https:\/\/zumex-invest.com\/fr\/wp-json\/wp\/v2\/comments?post=478"}],"version-history":[{"count":1,"href":"https:\/\/zumex-invest.com\/fr\/wp-json\/wp\/v2\/pages\/478\/revisions"}],"predecessor-version":[{"id":479,"href":"https:\/\/zumex-invest.com\/fr\/wp-json\/wp\/v2\/pages\/478\/revisions\/479"}],"wp:attachment":[{"href":"https:\/\/zumex-invest.com\/fr\/wp-json\/wp\/v2\/media?parent=478"}],"curies":[{"name":"wp","href":"https:\/\/api.w.org\/{rel}","templated":true}]}}