{"id":497,"date":"2023-05-01T18:48:55","date_gmt":"2023-05-01T18:48:55","guid":{"rendered":"https:\/\/zumex-invest.com\/ce-que-nous-faisons\/sucre"},"modified":"2023-07-11T21:08:11","modified_gmt":"2023-07-11T21:08:11","slug":"sucre","status":"publish","type":"page","link":"https:\/\/zumex-invest.com\/fr\/ce-que-nous-faisons\/sucre","title":{"rendered":"Sucre"},"content":{"rendered":"\t\t<div data-elementor-type=\"wp-page\" data-elementor-id=\"497\" class=\"elementor elementor-497 elementor-58\">\n\t\t\t\t\t\t\t\t\t<section class=\"elementor-section elementor-top-section elementor-element elementor-element-ff0a0ea elementor-section-boxed elementor-section-height-default elementor-section-height-default\" data-id=\"ff0a0ea\" data-element_type=\"section\" data-settings=\"{&quot;background_background&quot;:&quot;classic&quot;}\">\n\t\t\t\t\t\t\t<div class=\"elementor-background-overlay\"><\/div>\n\t\t\t\t\t\t\t<div class=\"elementor-container elementor-column-gap-default\">\n\t\t\t\t\t<div class=\"elementor-column elementor-col-100 elementor-top-column elementor-element elementor-element-35f2dab\" data-id=\"35f2dab\" data-element_type=\"column\">\n\t\t\t<div class=\"elementor-widget-wrap elementor-element-populated\">\n\t\t\t\t\t\t\t\t<div class=\"elementor-element elementor-element-0488803 elementor-widget elementor-widget-heading\" data-id=\"0488803\" data-element_type=\"widget\" data-widget_type=\"heading.default\">\n\t\t\t\t<div class=\"elementor-widget-container\">\n\t\t\t<style>\/*! elementor - v3.13.3 - 28-05-2023 *\/\n.elementor-heading-title{padding:0;margin:0;line-height:1}.elementor-widget-heading .elementor-heading-title[class*=elementor-size-]>a{color:inherit;font-size:inherit;line-height:inherit}.elementor-widget-heading .elementor-heading-title.elementor-size-small{font-size:15px}.elementor-widget-heading .elementor-heading-title.elementor-size-medium{font-size:19px}.elementor-widget-heading .elementor-heading-title.elementor-size-large{font-size:29px}.elementor-widget-heading .elementor-heading-title.elementor-size-xl{font-size:39px}.elementor-widget-heading .elementor-heading-title.elementor-size-xxl{font-size:59px}<\/style><h1 class=\"elementor-heading-title elementor-size-default\">Sucre<\/h1>\t\t<\/div>\n\t\t\t\t<\/div>\n\t\t\t\t\t<\/div>\n\t\t<\/div>\n\t\t\t\t\t\t\t<\/div>\n\t\t<\/section>\n\t\t\t\t<section class=\"elementor-section elementor-top-section elementor-element elementor-element-8aa795c elementor-section-boxed elementor-section-height-default elementor-section-height-default\" data-id=\"8aa795c\" data-element_type=\"section\">\n\t\t\t\t\t\t<div class=\"elementor-container elementor-column-gap-default\">\n\t\t\t\t\t<div class=\"elementor-column elementor-col-100 elementor-top-column elementor-element elementor-element-f2b00fe\" data-id=\"f2b00fe\" data-element_type=\"column\">\n\t\t\t<div class=\"elementor-widget-wrap elementor-element-populated\">\n\t\t\t\t\t\t\t\t<div class=\"elementor-element elementor-element-19ac653 elementor-widget elementor-widget-text-editor\" data-id=\"19ac653\" data-element_type=\"widget\" data-widget_type=\"text-editor.default\">\n\t\t\t\t<div class=\"elementor-widget-container\">\n\t\t\t<style>\/*! elementor - v3.13.3 - 28-05-2023 *\/\n.elementor-widget-text-editor.elementor-drop-cap-view-stacked .elementor-drop-cap{background-color:#69727d;color:#fff}.elementor-widget-text-editor.elementor-drop-cap-view-framed .elementor-drop-cap{color:#69727d;border:3px solid;background-color:transparent}.elementor-widget-text-editor:not(.elementor-drop-cap-view-default) .elementor-drop-cap{margin-top:8px}.elementor-widget-text-editor:not(.elementor-drop-cap-view-default) .elementor-drop-cap-letter{width:1em;height:1em}.elementor-widget-text-editor .elementor-drop-cap{float:left;text-align:center;line-height:1;font-size:50px}.elementor-widget-text-editor .elementor-drop-cap-letter{display:inline-block}<\/style>\t\t\t\t<p>Il est bien connu qu&rsquo;une cuiller\u00e9e de sucre aide \u00e0 faire passer le m\u00e9dicament. Mais le sucre n&rsquo;est pas seulement un \u00e9dulcorant. Il sert \u00e9galement de conservateur, de modificateur de texture, d&rsquo;agent aromatique et colorant, de substrat de fermentation et d&rsquo;agent de charge dans un grand nombre d&rsquo;applications de la technologie alimentaire.<\/p>\n<p>Nous sommes pr\u00e9sents dans trois pays et disposons d&rsquo;un vaste r\u00e9seau d&rsquo;origine et de destination qui s&rsquo;appuie sur d&rsquo;excellentes capacit\u00e9s d&rsquo;information et de recherche sur les march\u00e9s.<\/p>\n<p>Outre le sucre brut et le sucre raffin\u00e9, nous proposons aujourd&rsquo;hui une grande vari\u00e9t\u00e9 de solutions d&rsquo;\u00e9dulcorants pour un large \u00e9ventail d&rsquo;objectifs de fabrication et de consommation.<\/p>\n<p>Nos produits \u00e0 base de sucre :<\/p>\n\t\t\t\t\t\t<\/div>\n\t\t\t\t<\/div>\n\t\t\t\t\t<\/div>\n\t\t<\/div>\n\t\t\t\t\t\t\t<\/div>\n\t\t<\/section>\n\t\t\t\t<section class=\"elementor-section elementor-top-section elementor-element elementor-element-d785523 elementor-section-boxed elementor-section-height-default elementor-section-height-default\" data-id=\"d785523\" data-element_type=\"section\">\n\t\t\t\t\t\t<div class=\"elementor-container elementor-column-gap-default\">\n\t\t\t\t\t<div class=\"elementor-column elementor-col-33 elementor-top-column elementor-element elementor-element-4267bc7\" data-id=\"4267bc7\" data-element_type=\"column\">\n\t\t\t<div class=\"elementor-widget-wrap elementor-element-populated\">\n\t\t\t\t\t\t\t\t<div class=\"elementor-element elementor-element-5418890 elementor-widget elementor-widget-image\" data-id=\"5418890\" data-element_type=\"widget\" data-widget_type=\"image.default\">\n\t\t\t\t<div class=\"elementor-widget-container\">\n\t\t\t<style>\/*! elementor - v3.13.3 - 28-05-2023 *\/\n.elementor-widget-image{text-align:center}.elementor-widget-image a{display:inline-block}.elementor-widget-image a img[src$=\".svg\"]{width:48px}.elementor-widget-image img{vertical-align:middle;display:inline-block}<\/style>\t\t\t\t\t\t\t\t\t\t\t\t<img loading=\"lazy\" decoding=\"async\" width=\"1024\" height=\"682\" src=\"https:\/\/zumex-invest.com\/wp-content\/uploads\/2023\/05\/background-g7fa6f3ece_1280-1024x682.jpg\" class=\"attachment-large size-large wp-image-181\" alt=\"\" srcset=\"https:\/\/zumex-invest.com\/wp-content\/uploads\/2023\/05\/background-g7fa6f3ece_1280-1024x682.jpg 1024w, https:\/\/zumex-invest.com\/wp-content\/uploads\/2023\/05\/background-g7fa6f3ece_1280-300x200.jpg 300w, https:\/\/zumex-invest.com\/wp-content\/uploads\/2023\/05\/background-g7fa6f3ece_1280-768x512.jpg 768w, https:\/\/zumex-invest.com\/wp-content\/uploads\/2023\/05\/background-g7fa6f3ece_1280.jpg 1280w\" sizes=\"auto, (max-width: 1024px) 100vw, 1024px\" \/>\t\t\t\t\t\t\t\t\t\t\t\t\t\t\t<\/div>\n\t\t\t\t<\/div>\n\t\t\t\t<div class=\"elementor-element elementor-element-6831589 elementor-widget elementor-widget-heading\" data-id=\"6831589\" data-element_type=\"widget\" data-widget_type=\"heading.default\">\n\t\t\t\t<div class=\"elementor-widget-container\">\n\t\t\t<h2 class=\"elementor-heading-title elementor-size-default\">Sucre de betterave<\/h2>\t\t<\/div>\n\t\t\t\t<\/div>\n\t\t\t\t<div class=\"elementor-element elementor-element-1c309ab elementor-widget elementor-widget-text-editor\" data-id=\"1c309ab\" data-element_type=\"widget\" data-widget_type=\"text-editor.default\">\n\t\t\t\t<div class=\"elementor-widget-container\">\n\t\t\t\t\t\t\t<p>En Ukraine, nous achetons du sucre blanc fabriqu\u00e9 \u00e0 partir de betteraves sucri\u00e8res et nous l&rsquo;exportons vers les march\u00e9s internationaux.<\/p>\n\t\t\t\t\t\t<\/div>\n\t\t\t\t<\/div>\n\t\t\t\t\t<\/div>\n\t\t<\/div>\n\t\t\t\t<div class=\"elementor-column elementor-col-33 elementor-top-column elementor-element elementor-element-4f68d68\" data-id=\"4f68d68\" data-element_type=\"column\">\n\t\t\t<div class=\"elementor-widget-wrap elementor-element-populated\">\n\t\t\t\t\t\t\t\t<div class=\"elementor-element elementor-element-52545be elementor-widget elementor-widget-image\" data-id=\"52545be\" data-element_type=\"widget\" data-widget_type=\"image.default\">\n\t\t\t\t<div class=\"elementor-widget-container\">\n\t\t\t\t\t\t\t\t\t\t\t\t\t\t\t<img loading=\"lazy\" decoding=\"async\" width=\"1024\" height=\"683\" src=\"https:\/\/zumex-invest.com\/wp-content\/uploads\/2023\/05\/anise-ge40ea4bf4_1920-1024x683.jpg\" class=\"attachment-large size-large wp-image-62\" alt=\"\" srcset=\"https:\/\/zumex-invest.com\/wp-content\/uploads\/2023\/05\/anise-ge40ea4bf4_1920-1024x683.jpg 1024w, https:\/\/zumex-invest.com\/wp-content\/uploads\/2023\/05\/anise-ge40ea4bf4_1920-300x200.jpg 300w, https:\/\/zumex-invest.com\/wp-content\/uploads\/2023\/05\/anise-ge40ea4bf4_1920-768x512.jpg 768w, https:\/\/zumex-invest.com\/wp-content\/uploads\/2023\/05\/anise-ge40ea4bf4_1920-1536x1024.jpg 1536w, https:\/\/zumex-invest.com\/wp-content\/uploads\/2023\/05\/anise-ge40ea4bf4_1920.jpg 1920w\" sizes=\"auto, (max-width: 1024px) 100vw, 1024px\" \/>\t\t\t\t\t\t\t\t\t\t\t\t\t\t\t<\/div>\n\t\t\t\t<\/div>\n\t\t\t\t<div class=\"elementor-element elementor-element-b07a195 elementor-widget elementor-widget-heading\" data-id=\"b07a195\" data-element_type=\"widget\" data-widget_type=\"heading.default\">\n\t\t\t\t<div class=\"elementor-widget-container\">\n\t\t\t<h2 class=\"elementor-heading-title elementor-size-default\">Sucre brun<\/h2>\t\t<\/div>\n\t\t\t\t<\/div>\n\t\t\t\t<div class=\"elementor-element elementor-element-6aaf9b1 elementor-widget elementor-widget-text-editor\" data-id=\"6aaf9b1\" data-element_type=\"widget\" data-widget_type=\"text-editor.default\">\n\t\t\t\t<div class=\"elementor-widget-container\">\n\t\t\t\t\t\t\t<p>Nos sucres bruns sont produits en combinant du sucre blanc granul\u00e9 de canne avec de la m\u00e9lasse, ce qui cr\u00e9e un ar\u00f4me robuste ou doux de m\u00e9lasse de canne. Ils varient en profondeur de couleur :<\/p>\n<p>Sucre brun fonc\u00e9<br \/><span style=\"font-size: 16px;\">Sucre brun moyen<br \/><\/span><span style=\"font-size: 16px;\">Sucre brun clair<\/span><\/p>\n<p>Applications<\/p>\n<p>Le sucre roux peut \u00eatre utilis\u00e9 dans de nombreuses applications telles que :<\/p>\n<p>Pain d&rsquo;\u00e9pices<br \/>F\u00e8ves au lard<br \/>Cookies<br \/>Pains<br \/>Muffins<br \/>Condiments<br \/>\u00c9maux<br \/>P\u00e2tisseries<\/p>\n\t\t\t\t\t\t<\/div>\n\t\t\t\t<\/div>\n\t\t\t\t\t<\/div>\n\t\t<\/div>\n\t\t\t\t<div class=\"elementor-column elementor-col-33 elementor-top-column elementor-element elementor-element-68635c6\" data-id=\"68635c6\" data-element_type=\"column\">\n\t\t\t<div class=\"elementor-widget-wrap elementor-element-populated\">\n\t\t\t\t\t\t\t\t<div class=\"elementor-element elementor-element-d0796b8 elementor-widget elementor-widget-image\" data-id=\"d0796b8\" data-element_type=\"widget\" data-widget_type=\"image.default\">\n\t\t\t\t<div class=\"elementor-widget-container\">\n\t\t\t\t\t\t\t\t\t\t\t\t\t\t\t<img loading=\"lazy\" decoding=\"async\" width=\"1024\" height=\"692\" src=\"https:\/\/zumex-invest.com\/wp-content\/uploads\/2023\/05\/cube-ga66970e23_1920-1024x692.jpg\" class=\"attachment-large size-large wp-image-60\" alt=\"\" srcset=\"https:\/\/zumex-invest.com\/wp-content\/uploads\/2023\/05\/cube-ga66970e23_1920-1024x692.jpg 1024w, https:\/\/zumex-invest.com\/wp-content\/uploads\/2023\/05\/cube-ga66970e23_1920-300x203.jpg 300w, https:\/\/zumex-invest.com\/wp-content\/uploads\/2023\/05\/cube-ga66970e23_1920-768x519.jpg 768w, https:\/\/zumex-invest.com\/wp-content\/uploads\/2023\/05\/cube-ga66970e23_1920-1536x1038.jpg 1536w, https:\/\/zumex-invest.com\/wp-content\/uploads\/2023\/05\/cube-ga66970e23_1920.jpg 1920w\" sizes=\"auto, (max-width: 1024px) 100vw, 1024px\" \/>\t\t\t\t\t\t\t\t\t\t\t\t\t\t\t<\/div>\n\t\t\t\t<\/div>\n\t\t\t\t<div class=\"elementor-element elementor-element-0e28586 elementor-widget elementor-widget-heading\" data-id=\"0e28586\" data-element_type=\"widget\" data-widget_type=\"heading.default\">\n\t\t\t\t<div class=\"elementor-widget-container\">\n\t\t\t<h2 class=\"elementor-heading-title elementor-size-default\">Sucre granul\u00e9 extra fin<\/h2>\t\t<\/div>\n\t\t\t\t<\/div>\n\t\t\t\t<div class=\"elementor-element elementor-element-31a780d elementor-widget elementor-widget-text-editor\" data-id=\"31a780d\" data-element_type=\"widget\" data-widget_type=\"text-editor.default\">\n\t\t\t\t<div class=\"elementor-widget-container\">\n\t\t\t\t\t\t\t<p>Notre sucre cristallis\u00e9 extra-fin est un sucre de canne id\u00e9al pour tous les usages, fabriqu\u00e9 \u00e0 partir de sucre de canne brut de la meilleure qualit\u00e9. La canne \u00e0 sucre est r\u00e9colt\u00e9e et transport\u00e9e jusqu&rsquo;aux installations de raffinage, o\u00f9 elle est raffin\u00e9e pour former le sucre de canne pur et enti\u00e8rement naturel. Il est de couleur blanche et a une teneur en saccharose de 99,9 %.<br \/>Nous commercialisons \u00e9galement un sucre granul\u00e9 Baker&rsquo;s Special, qui est encore plus finement granul\u00e9.<\/p>\n<p>Applications<\/p>\n<p>Notre sucre cristallis\u00e9 extra-fin peut \u00eatre utilis\u00e9 dans de nombreuses applications dans l&rsquo;industrie alimentaire et non alimentaire, telles que<\/p>\n<p>P\u00e2tisserie<br \/>Aliments surgel\u00e9s<br \/>Pr\u00e9servation<br \/>Pharmaceutique<br \/>Confiserie<br \/>Mise en conserve<br \/>Boissons<br \/>Garnitures<\/p>\n\t\t\t\t\t\t<\/div>\n\t\t\t\t<\/div>\n\t\t\t\t\t<\/div>\n\t\t<\/div>\n\t\t\t\t\t\t\t<\/div>\n\t\t<\/section>\n\t\t\t\t\t\t\t<\/div>\n\t\t","protected":false},"excerpt":{"rendered":"<p>Sucre Il est bien connu qu&rsquo;une cuiller\u00e9e de sucre aide \u00e0 faire passer le m\u00e9dicament. Mais le sucre n&rsquo;est pas seulement un \u00e9dulcorant. Il sert \u00e9galement de conservateur, de modificateur de texture, d&rsquo;agent aromatique et colorant, de substrat de fermentation et d&rsquo;agent de charge dans un grand nombre d&rsquo;applications de la technologie alimentaire. Nous sommes &hellip;<\/p>\n<p class=\"read-more\"> <a class=\"\" href=\"https:\/\/zumex-invest.com\/fr\/ce-que-nous-faisons\/sucre\"> <span class=\"screen-reader-text\">Sucre<\/span> Lire la suite\u00a0\u00bb<\/a><\/p>\n","protected":false},"author":1,"featured_media":0,"parent":494,"menu_order":31,"comment_status":"closed","ping_status":"closed","template":"","meta":{"site-sidebar-layout":"no-sidebar","site-content-layout":"page-builder","ast-global-header-display":"","ast-main-header-display":"","ast-hfb-above-header-display":"","ast-hfb-below-header-display":"","ast-hfb-mobile-header-display":"","site-post-title":"disabled","ast-breadcrumbs-content":"","ast-featured-img":"disabled","footer-sml-layout":"","theme-transparent-header-meta":"","adv-header-id-meta":"","stick-header-meta":"","header-above-stick-meta":"","header-main-stick-meta":"","header-below-stick-meta":"","footnotes":""},"class_list":["post-497","page","type-page","status-publish","hentry"],"_links":{"self":[{"href":"https:\/\/zumex-invest.com\/fr\/wp-json\/wp\/v2\/pages\/497","targetHints":{"allow":["GET"]}}],"collection":[{"href":"https:\/\/zumex-invest.com\/fr\/wp-json\/wp\/v2\/pages"}],"about":[{"href":"https:\/\/zumex-invest.com\/fr\/wp-json\/wp\/v2\/types\/page"}],"author":[{"embeddable":true,"href":"https:\/\/zumex-invest.com\/fr\/wp-json\/wp\/v2\/users\/1"}],"replies":[{"embeddable":true,"href":"https:\/\/zumex-invest.com\/fr\/wp-json\/wp\/v2\/comments?post=497"}],"version-history":[{"count":2,"href":"https:\/\/zumex-invest.com\/fr\/wp-json\/wp\/v2\/pages\/497\/revisions"}],"predecessor-version":[{"id":499,"href":"https:\/\/zumex-invest.com\/fr\/wp-json\/wp\/v2\/pages\/497\/revisions\/499"}],"up":[{"embeddable":true,"href":"https:\/\/zumex-invest.com\/fr\/wp-json\/wp\/v2\/pages\/494"}],"wp:attachment":[{"href":"https:\/\/zumex-invest.com\/fr\/wp-json\/wp\/v2\/media?parent=497"}],"curies":[{"name":"wp","href":"https:\/\/api.w.org\/{rel}","templated":true}]}}