{"id":501,"date":"2023-05-01T18:56:45","date_gmt":"2023-05-01T18:56:45","guid":{"rendered":"https:\/\/zumex-invest.com\/ce-que-nous-faisons\/riz"},"modified":"2023-07-11T21:08:14","modified_gmt":"2023-07-11T21:08:14","slug":"riz","status":"publish","type":"page","link":"https:\/\/zumex-invest.com\/fr\/ce-que-nous-faisons\/riz","title":{"rendered":"Riz"},"content":{"rendered":"\t\t<div data-elementor-type=\"wp-page\" data-elementor-id=\"501\" class=\"elementor elementor-501 elementor-67\">\n\t\t\t\t\t\t\t\t\t<section class=\"elementor-section elementor-top-section elementor-element elementor-element-ff0a0ea elementor-section-boxed elementor-section-height-default elementor-section-height-default\" data-id=\"ff0a0ea\" data-element_type=\"section\" data-settings=\"{&quot;background_background&quot;:&quot;classic&quot;}\">\n\t\t\t\t\t\t\t<div class=\"elementor-background-overlay\"><\/div>\n\t\t\t\t\t\t\t<div class=\"elementor-container elementor-column-gap-default\">\n\t\t\t\t\t<div class=\"elementor-column elementor-col-100 elementor-top-column elementor-element elementor-element-35f2dab\" data-id=\"35f2dab\" data-element_type=\"column\">\n\t\t\t<div class=\"elementor-widget-wrap elementor-element-populated\">\n\t\t\t\t\t\t\t\t<div class=\"elementor-element elementor-element-0488803 elementor-widget elementor-widget-heading\" data-id=\"0488803\" data-element_type=\"widget\" data-widget_type=\"heading.default\">\n\t\t\t\t<div class=\"elementor-widget-container\">\n\t\t\t<style>\/*! elementor - v3.13.3 - 28-05-2023 *\/\n.elementor-heading-title{padding:0;margin:0;line-height:1}.elementor-widget-heading .elementor-heading-title[class*=elementor-size-]>a{color:inherit;font-size:inherit;line-height:inherit}.elementor-widget-heading .elementor-heading-title.elementor-size-small{font-size:15px}.elementor-widget-heading .elementor-heading-title.elementor-size-medium{font-size:19px}.elementor-widget-heading .elementor-heading-title.elementor-size-large{font-size:29px}.elementor-widget-heading .elementor-heading-title.elementor-size-xl{font-size:39px}.elementor-widget-heading .elementor-heading-title.elementor-size-xxl{font-size:59px}<\/style><h1 class=\"elementor-heading-title elementor-size-default\">Riz<\/h1>\t\t<\/div>\n\t\t\t\t<\/div>\n\t\t\t\t\t<\/div>\n\t\t<\/div>\n\t\t\t\t\t\t\t<\/div>\n\t\t<\/section>\n\t\t\t\t<section class=\"elementor-section elementor-top-section elementor-element elementor-element-8aa795c elementor-section-boxed elementor-section-height-default elementor-section-height-default\" data-id=\"8aa795c\" data-element_type=\"section\">\n\t\t\t\t\t\t<div class=\"elementor-container elementor-column-gap-default\">\n\t\t\t\t\t<div class=\"elementor-column elementor-col-100 elementor-top-column elementor-element elementor-element-f2b00fe\" data-id=\"f2b00fe\" data-element_type=\"column\">\n\t\t\t<div class=\"elementor-widget-wrap elementor-element-populated\">\n\t\t\t\t\t\t\t\t<div class=\"elementor-element elementor-element-19ac653 elementor-widget elementor-widget-text-editor\" data-id=\"19ac653\" data-element_type=\"widget\" data-widget_type=\"text-editor.default\">\n\t\t\t\t<div class=\"elementor-widget-container\">\n\t\t\t<style>\/*! elementor - v3.13.3 - 28-05-2023 *\/\n.elementor-widget-text-editor.elementor-drop-cap-view-stacked .elementor-drop-cap{background-color:#69727d;color:#fff}.elementor-widget-text-editor.elementor-drop-cap-view-framed .elementor-drop-cap{color:#69727d;border:3px solid;background-color:transparent}.elementor-widget-text-editor:not(.elementor-drop-cap-view-default) .elementor-drop-cap{margin-top:8px}.elementor-widget-text-editor:not(.elementor-drop-cap-view-default) .elementor-drop-cap-letter{width:1em;height:1em}.elementor-widget-text-editor .elementor-drop-cap{float:left;text-align:center;line-height:1;font-size:50px}.elementor-widget-text-editor .elementor-drop-cap-letter{display:inline-block}<\/style>\t\t\t\t<p>Quelle est la couleur du riz ? Blanc ? Marron ? Que diriez-vous d&rsquo;un rouge ou d&rsquo;un violet ? La r\u00e9ponse, bien s\u00fbr, est tout ce qui pr\u00e9c\u00e8de.<\/p>\n<p>Le \u00ab\u00a0riz interdit\u00a0\u00bb, au nom \u00e9vocateur, est noir et a un go\u00fbt de noisette. Il est utilis\u00e9 dans une vari\u00e9t\u00e9 de plats chinois ou tha\u00eflandais, notamment le g\u00e2teau de riz noir et le riz gluant \u00e0 la mangue.<\/p>\n<p>Cet aliment de base merveilleusement polyvalent fournit un cinqui\u00e8me de toutes les calories consomm\u00e9es par les humains dans le monde. Nous sommes un marchand de riz et nous nous approvisionnons aupr\u00e8s de multiples origines pour r\u00e9pondre \u00e0 la demande mondiale croissante de riz.<\/p>\n\t\t\t\t\t\t<\/div>\n\t\t\t\t<\/div>\n\t\t\t\t\t<\/div>\n\t\t<\/div>\n\t\t\t\t\t\t\t<\/div>\n\t\t<\/section>\n\t\t\t\t<section class=\"elementor-section elementor-top-section elementor-element elementor-element-d785523 elementor-section-boxed elementor-section-height-default elementor-section-height-default\" data-id=\"d785523\" data-element_type=\"section\">\n\t\t\t\t\t\t<div class=\"elementor-container elementor-column-gap-default\">\n\t\t\t\t\t<div class=\"elementor-column elementor-col-33 elementor-top-column elementor-element elementor-element-4267bc7\" data-id=\"4267bc7\" data-element_type=\"column\">\n\t\t\t<div class=\"elementor-widget-wrap elementor-element-populated\">\n\t\t\t\t\t\t\t\t<div class=\"elementor-element elementor-element-d0796b8 elementor-widget elementor-widget-image\" data-id=\"d0796b8\" data-element_type=\"widget\" data-widget_type=\"image.default\">\n\t\t\t\t<div class=\"elementor-widget-container\">\n\t\t\t<style>\/*! elementor - v3.13.3 - 28-05-2023 *\/\n.elementor-widget-image{text-align:center}.elementor-widget-image a{display:inline-block}.elementor-widget-image a img[src$=\".svg\"]{width:48px}.elementor-widget-image img{vertical-align:middle;display:inline-block}<\/style>\t\t\t\t\t\t\t\t\t\t\t\t<img loading=\"lazy\" decoding=\"async\" width=\"1024\" height=\"768\" src=\"https:\/\/zumex-invest.com\/wp-content\/uploads\/2023\/05\/plant-g6781bb20e_1920-1024x768.jpg\" class=\"attachment-large size-large wp-image-72\" alt=\"\" srcset=\"https:\/\/zumex-invest.com\/wp-content\/uploads\/2023\/05\/plant-g6781bb20e_1920-1024x768.jpg 1024w, https:\/\/zumex-invest.com\/wp-content\/uploads\/2023\/05\/plant-g6781bb20e_1920-300x225.jpg 300w, https:\/\/zumex-invest.com\/wp-content\/uploads\/2023\/05\/plant-g6781bb20e_1920-768x576.jpg 768w, https:\/\/zumex-invest.com\/wp-content\/uploads\/2023\/05\/plant-g6781bb20e_1920-1536x1152.jpg 1536w, https:\/\/zumex-invest.com\/wp-content\/uploads\/2023\/05\/plant-g6781bb20e_1920.jpg 1920w\" sizes=\"auto, (max-width: 1024px) 100vw, 1024px\" \/>\t\t\t\t\t\t\t\t\t\t\t\t\t\t\t<\/div>\n\t\t\t\t<\/div>\n\t\t\t\t<div class=\"elementor-element elementor-element-6831589 elementor-widget elementor-widget-heading\" data-id=\"6831589\" data-element_type=\"widget\" data-widget_type=\"heading.default\">\n\t\t\t\t<div class=\"elementor-widget-container\">\n\t\t\t<h2 class=\"elementor-heading-title elementor-size-default\">Paddy<\/h2>\t\t<\/div>\n\t\t\t\t<\/div>\n\t\t\t\t<div class=\"elementor-element elementor-element-1c309ab elementor-widget elementor-widget-text-editor\" data-id=\"1c309ab\" data-element_type=\"widget\" data-widget_type=\"text-editor.default\">\n\t\t\t\t<div class=\"elementor-widget-container\">\n\t\t\t\t\t\t\t<p>Entre 3 et 5 mois apr\u00e8s la plantation, le paddy est r\u00e9colt\u00e9 dans la rizi\u00e8re et s\u00e9ch\u00e9 avant d&rsquo;\u00eatre envoy\u00e9 aux moulins, o\u00f9 sa qualit\u00e9 et son poids sont contr\u00f4l\u00e9s avant d&rsquo;\u00eatre transform\u00e9s.<\/p>\n<p>Selon le minist\u00e8re am\u00e9ricain de l&rsquo;agriculture (USDA), la Chine est le plus grand producteur de paddy, avec 162 millions d&rsquo;hectares r\u00e9colt\u00e9s en 2019.<\/p>\n\t\t\t\t\t\t<\/div>\n\t\t\t\t<\/div>\n\t\t\t\t\t<\/div>\n\t\t<\/div>\n\t\t\t\t<div class=\"elementor-column elementor-col-33 elementor-top-column elementor-element elementor-element-4f68d68\" data-id=\"4f68d68\" data-element_type=\"column\">\n\t\t\t<div class=\"elementor-widget-wrap elementor-element-populated\">\n\t\t\t\t\t\t\t\t<div class=\"elementor-element elementor-element-52545be elementor-widget elementor-widget-image\" data-id=\"52545be\" data-element_type=\"widget\" data-widget_type=\"image.default\">\n\t\t\t\t<div class=\"elementor-widget-container\">\n\t\t\t\t\t\t\t\t\t\t\t\t\t\t\t<img loading=\"lazy\" decoding=\"async\" width=\"1024\" height=\"684\" src=\"https:\/\/zumex-invest.com\/wp-content\/uploads\/2023\/05\/terraces-g813b7f80e_1920-1024x684.jpg\" class=\"attachment-large size-large wp-image-71\" alt=\"\" srcset=\"https:\/\/zumex-invest.com\/wp-content\/uploads\/2023\/05\/terraces-g813b7f80e_1920-1024x684.jpg 1024w, https:\/\/zumex-invest.com\/wp-content\/uploads\/2023\/05\/terraces-g813b7f80e_1920-300x200.jpg 300w, https:\/\/zumex-invest.com\/wp-content\/uploads\/2023\/05\/terraces-g813b7f80e_1920-768x513.jpg 768w, https:\/\/zumex-invest.com\/wp-content\/uploads\/2023\/05\/terraces-g813b7f80e_1920-1536x1026.jpg 1536w, https:\/\/zumex-invest.com\/wp-content\/uploads\/2023\/05\/terraces-g813b7f80e_1920.jpg 1920w\" sizes=\"auto, (max-width: 1024px) 100vw, 1024px\" \/>\t\t\t\t\t\t\t\t\t\t\t\t\t\t\t<\/div>\n\t\t\t\t<\/div>\n\t\t\t\t<div class=\"elementor-element elementor-element-b07a195 elementor-widget elementor-widget-heading\" data-id=\"b07a195\" data-element_type=\"widget\" data-widget_type=\"heading.default\">\n\t\t\t\t<div class=\"elementor-widget-container\">\n\t\t\t<h2 class=\"elementor-heading-title elementor-size-default\">Marron<\/h2>\t\t<\/div>\n\t\t\t\t<\/div>\n\t\t\t\t<div class=\"elementor-element elementor-element-6aaf9b1 elementor-widget elementor-widget-text-editor\" data-id=\"6aaf9b1\" data-element_type=\"widget\" data-widget_type=\"text-editor.default\">\n\t\t\t\t<div class=\"elementor-widget-container\">\n\t\t\t\t\t\t\t<p>\u00c0 partir du paddy s\u00e9ch\u00e9, le riz brun est usin\u00e9 pour devenir du riz semi-transform\u00e9. La coque ext\u00e9rieure non comestible est retir\u00e9e et peut \u00eatre utilis\u00e9e comme source d&rsquo;\u00e9nergie.<\/p>\n<p>Le riz brun est consid\u00e9r\u00e9 comme un aliment sain car le son et le germe qu&rsquo;il contient regorgent de vitamines, de min\u00e9raux et d&rsquo;antioxydants.<\/p>\n<p>Par exemple, une tasse de riz brun contient 3,5 grammes de fibres et 88 % de l&rsquo;apport journalier recommand\u00e9 en mangan\u00e8se, un min\u00e9ral vital pour des processus corporels importants tels que le d\u00e9veloppement des os, la cicatrisation des plaies et la r\u00e9gulation du taux de sucre dans le sang.<\/p>\n\t\t\t\t\t\t<\/div>\n\t\t\t\t<\/div>\n\t\t\t\t\t<\/div>\n\t\t<\/div>\n\t\t\t\t<div class=\"elementor-column elementor-col-33 elementor-top-column elementor-element elementor-element-68635c6\" data-id=\"68635c6\" data-element_type=\"column\">\n\t\t\t<div class=\"elementor-widget-wrap elementor-element-populated\">\n\t\t\t\t\t\t\t\t<div class=\"elementor-element elementor-element-5418890 elementor-widget elementor-widget-image\" data-id=\"5418890\" data-element_type=\"widget\" data-widget_type=\"image.default\">\n\t\t\t\t<div class=\"elementor-widget-container\">\n\t\t\t\t\t\t\t\t\t\t\t\t\t\t\t<img loading=\"lazy\" decoding=\"async\" width=\"1024\" height=\"603\" src=\"https:\/\/zumex-invest.com\/wp-content\/uploads\/2023\/05\/rice-field-g449e55d70_1920-1024x603.jpg\" class=\"attachment-large size-large wp-image-70\" alt=\"\" srcset=\"https:\/\/zumex-invest.com\/wp-content\/uploads\/2023\/05\/rice-field-g449e55d70_1920-1024x603.jpg 1024w, https:\/\/zumex-invest.com\/wp-content\/uploads\/2023\/05\/rice-field-g449e55d70_1920-300x177.jpg 300w, https:\/\/zumex-invest.com\/wp-content\/uploads\/2023\/05\/rice-field-g449e55d70_1920-768x452.jpg 768w, https:\/\/zumex-invest.com\/wp-content\/uploads\/2023\/05\/rice-field-g449e55d70_1920-1536x904.jpg 1536w, https:\/\/zumex-invest.com\/wp-content\/uploads\/2023\/05\/rice-field-g449e55d70_1920.jpg 1920w\" sizes=\"auto, (max-width: 1024px) 100vw, 1024px\" \/>\t\t\t\t\t\t\t\t\t\t\t\t\t\t\t<\/div>\n\t\t\t\t<\/div>\n\t\t\t\t<div class=\"elementor-element elementor-element-0e28586 elementor-widget elementor-widget-heading\" data-id=\"0e28586\" data-element_type=\"widget\" data-widget_type=\"heading.default\">\n\t\t\t\t<div class=\"elementor-widget-container\">\n\t\t\t<h2 class=\"elementor-heading-title elementor-size-default\">Broy\u00e9<\/h2>\t\t<\/div>\n\t\t\t\t<\/div>\n\t\t\t\t<div class=\"elementor-element elementor-element-31a780d elementor-widget elementor-widget-text-editor\" data-id=\"31a780d\" data-element_type=\"widget\" data-widget_type=\"text-editor.default\">\n\t\t\t\t<div class=\"elementor-widget-container\">\n\t\t\t\t\t\t\t<p>Le riz brun semi-transform\u00e9 peut \u00eatre blanchi davantage, en \u00e9liminant \u00e0 des degr\u00e9s divers l&rsquo;enveloppe, le son et le germe. Cela modifie l&rsquo;aspect et la saveur de la r\u00e9colte et, surtout, prolonge sa dur\u00e9e de conservation. En effet, l&rsquo;huile \u00e9limin\u00e9e par le processus de broyage est susceptible de s&rsquo;oxyder et de se d\u00e9grader.<\/p>\n<p>Apr\u00e8s la mouture, le riz est poli, ce qui donne une finition blanche et brillante \u00e0 la graine. Le riz usin\u00e9 est une source app\u00e9tissante de glucides et de prot\u00e9ines. Il peut \u00eatre enrichi de min\u00e9raux et de vitamines pour augmenter sa valeur nutritionnelle.<\/p>\n\t\t\t\t\t\t<\/div>\n\t\t\t\t<\/div>\n\t\t\t\t\t<\/div>\n\t\t<\/div>\n\t\t\t\t\t\t\t<\/div>\n\t\t<\/section>\n\t\t\t\t<section class=\"elementor-section elementor-top-section elementor-element elementor-element-8ab3a3c elementor-section-boxed elementor-section-height-default elementor-section-height-default\" data-id=\"8ab3a3c\" data-element_type=\"section\">\n\t\t\t\t\t\t<div class=\"elementor-container elementor-column-gap-default\">\n\t\t\t\t\t<div class=\"elementor-column elementor-col-33 elementor-top-column elementor-element elementor-element-8173cdd\" data-id=\"8173cdd\" data-element_type=\"column\">\n\t\t\t<div class=\"elementor-widget-wrap elementor-element-populated\">\n\t\t\t\t\t\t\t\t<div class=\"elementor-element elementor-element-f6e023f elementor-widget elementor-widget-image\" data-id=\"f6e023f\" data-element_type=\"widget\" data-widget_type=\"image.default\">\n\t\t\t\t<div class=\"elementor-widget-container\">\n\t\t\t\t\t\t\t\t\t\t\t\t\t\t\t<img loading=\"lazy\" decoding=\"async\" width=\"1024\" height=\"586\" src=\"https:\/\/zumex-invest.com\/wp-content\/uploads\/2023\/05\/food-gdadb0d860_1920-1024x586.jpg\" class=\"attachment-large size-large wp-image-73\" alt=\"\" srcset=\"https:\/\/zumex-invest.com\/wp-content\/uploads\/2023\/05\/food-gdadb0d860_1920-1024x586.jpg 1024w, https:\/\/zumex-invest.com\/wp-content\/uploads\/2023\/05\/food-gdadb0d860_1920-300x172.jpg 300w, https:\/\/zumex-invest.com\/wp-content\/uploads\/2023\/05\/food-gdadb0d860_1920-768x439.jpg 768w, https:\/\/zumex-invest.com\/wp-content\/uploads\/2023\/05\/food-gdadb0d860_1920-1536x878.jpg 1536w, https:\/\/zumex-invest.com\/wp-content\/uploads\/2023\/05\/food-gdadb0d860_1920.jpg 1920w\" sizes=\"auto, (max-width: 1024px) 100vw, 1024px\" \/>\t\t\t\t\t\t\t\t\t\t\t\t\t\t\t<\/div>\n\t\t\t\t<\/div>\n\t\t\t\t<div class=\"elementor-element elementor-element-ec7f113 elementor-widget elementor-widget-heading\" data-id=\"ec7f113\" data-element_type=\"widget\" data-widget_type=\"heading.default\">\n\t\t\t\t<div class=\"elementor-widget-container\">\n\t\t\t<h2 class=\"elementor-heading-title elementor-size-default\">Parboiled<\/h2>\t\t<\/div>\n\t\t\t\t<\/div>\n\t\t\t\t<div class=\"elementor-element elementor-element-9456bf1 elementor-widget elementor-widget-text-editor\" data-id=\"9456bf1\" data-element_type=\"widget\" data-widget_type=\"text-editor.default\">\n\t\t\t\t<div class=\"elementor-widget-container\">\n\t\t\t\t\t\t\t<p>Le trempage, l&rsquo;\u00e9tuvage sous pression et le s\u00e9chage du riz avant l&rsquo;usinage permettent d&rsquo;obtenir du riz \u00e9tuv\u00e9. Gr\u00e2ce \u00e0 ce processus, les nutriments sont d\u00e9plac\u00e9s du son vers l&rsquo;amande, de sorte que l&rsquo;usinage \u00e9limine moins de la valeur nutritionnelle du riz qu&rsquo;il ne le ferait autrement.<\/p>\n<p>Le riz \u00e9tuv\u00e9 est ferme et moins susceptible d&rsquo;\u00eatre trop cuit que les autres formes de riz. Cela en fait un ingr\u00e9dient cl\u00e9 dans les produits commerciaux tels que les aliments en conserve ou surgel\u00e9s. L&rsquo;enrichissement du riz \u00e9tuv\u00e9 avec des vitamines et des min\u00e9raux est courant, en particulier aux \u00c9tats-Unis.<\/p>\n\t\t\t\t\t\t<\/div>\n\t\t\t\t<\/div>\n\t\t\t\t\t<\/div>\n\t\t<\/div>\n\t\t\t\t<div class=\"elementor-column elementor-col-33 elementor-top-column elementor-element elementor-element-34526f9\" data-id=\"34526f9\" data-element_type=\"column\">\n\t\t\t<div class=\"elementor-widget-wrap\">\n\t\t\t\t\t\t\t\t\t<\/div>\n\t\t<\/div>\n\t\t\t\t<div class=\"elementor-column elementor-col-33 elementor-top-column elementor-element elementor-element-5fa88ca\" data-id=\"5fa88ca\" data-element_type=\"column\">\n\t\t\t<div class=\"elementor-widget-wrap\">\n\t\t\t\t\t\t\t\t\t<\/div>\n\t\t<\/div>\n\t\t\t\t\t\t\t<\/div>\n\t\t<\/section>\n\t\t\t\t\t\t\t<\/div>\n\t\t","protected":false},"excerpt":{"rendered":"<p>Riz Quelle est la couleur du riz ? Blanc ? Marron ? Que diriez-vous d&rsquo;un rouge ou d&rsquo;un violet ? La r\u00e9ponse, bien s\u00fbr, est tout ce qui pr\u00e9c\u00e8de. Le \u00ab\u00a0riz interdit\u00a0\u00bb, au nom \u00e9vocateur, est noir et a un go\u00fbt de noisette. Il est utilis\u00e9 dans une vari\u00e9t\u00e9 de plats chinois ou tha\u00eflandais, notamment &hellip;<\/p>\n<p class=\"read-more\"> <a class=\"\" href=\"https:\/\/zumex-invest.com\/fr\/ce-que-nous-faisons\/riz\"> <span class=\"screen-reader-text\">Riz<\/span> Lire la suite\u00a0\u00bb<\/a><\/p>\n","protected":false},"author":1,"featured_media":0,"parent":494,"menu_order":32,"comment_status":"closed","ping_status":"closed","template":"","meta":{"site-sidebar-layout":"no-sidebar","site-content-layout":"page-builder","ast-global-header-display":"","ast-main-header-display":"","ast-hfb-above-header-display":"","ast-hfb-below-header-display":"","ast-hfb-mobile-header-display":"","site-post-title":"disabled","ast-breadcrumbs-content":"","ast-featured-img":"disabled","footer-sml-layout":"","theme-transparent-header-meta":"","adv-header-id-meta":"","stick-header-meta":"","header-above-stick-meta":"","header-main-stick-meta":"","header-below-stick-meta":"","footnotes":""},"class_list":["post-501","page","type-page","status-publish","hentry"],"_links":{"self":[{"href":"https:\/\/zumex-invest.com\/fr\/wp-json\/wp\/v2\/pages\/501","targetHints":{"allow":["GET"]}}],"collection":[{"href":"https:\/\/zumex-invest.com\/fr\/wp-json\/wp\/v2\/pages"}],"about":[{"href":"https:\/\/zumex-invest.com\/fr\/wp-json\/wp\/v2\/types\/page"}],"author":[{"embeddable":true,"href":"https:\/\/zumex-invest.com\/fr\/wp-json\/wp\/v2\/users\/1"}],"replies":[{"embeddable":true,"href":"https:\/\/zumex-invest.com\/fr\/wp-json\/wp\/v2\/comments?post=501"}],"version-history":[{"count":2,"href":"https:\/\/zumex-invest.com\/fr\/wp-json\/wp\/v2\/pages\/501\/revisions"}],"predecessor-version":[{"id":503,"href":"https:\/\/zumex-invest.com\/fr\/wp-json\/wp\/v2\/pages\/501\/revisions\/503"}],"up":[{"embeddable":true,"href":"https:\/\/zumex-invest.com\/fr\/wp-json\/wp\/v2\/pages\/494"}],"wp:attachment":[{"href":"https:\/\/zumex-invest.com\/fr\/wp-json\/wp\/v2\/media?parent=501"}],"curies":[{"name":"wp","href":"https:\/\/api.w.org\/{rel}","templated":true}]}}