{"id":505,"date":"2023-05-01T19:03:57","date_gmt":"2023-05-01T19:03:57","guid":{"rendered":"https:\/\/zumex-invest.com\/ce-que-nous-faisons\/huiles-comestibles"},"modified":"2023-07-11T21:08:16","modified_gmt":"2023-07-11T21:08:16","slug":"huiles-comestibles","status":"publish","type":"page","link":"https:\/\/zumex-invest.com\/fr\/ce-que-nous-faisons\/huiles-comestibles","title":{"rendered":"Huiles comestibles"},"content":{"rendered":"\t\t<div data-elementor-type=\"wp-page\" data-elementor-id=\"505\" class=\"elementor elementor-505 elementor-83\">\n\t\t\t\t\t\t\t\t\t<section class=\"elementor-section elementor-top-section elementor-element elementor-element-ff0a0ea elementor-section-boxed elementor-section-height-default elementor-section-height-default\" data-id=\"ff0a0ea\" data-element_type=\"section\" data-settings=\"{&quot;background_background&quot;:&quot;classic&quot;}\">\n\t\t\t\t\t\t\t<div class=\"elementor-background-overlay\"><\/div>\n\t\t\t\t\t\t\t<div class=\"elementor-container elementor-column-gap-default\">\n\t\t\t\t\t<div class=\"elementor-column elementor-col-100 elementor-top-column elementor-element elementor-element-35f2dab\" data-id=\"35f2dab\" data-element_type=\"column\">\n\t\t\t<div class=\"elementor-widget-wrap elementor-element-populated\">\n\t\t\t\t\t\t\t\t<div class=\"elementor-element elementor-element-0488803 elementor-widget elementor-widget-heading\" data-id=\"0488803\" data-element_type=\"widget\" data-widget_type=\"heading.default\">\n\t\t\t\t<div class=\"elementor-widget-container\">\n\t\t\t<style>\/*! elementor - v3.13.3 - 28-05-2023 *\/\n.elementor-heading-title{padding:0;margin:0;line-height:1}.elementor-widget-heading .elementor-heading-title[class*=elementor-size-]>a{color:inherit;font-size:inherit;line-height:inherit}.elementor-widget-heading .elementor-heading-title.elementor-size-small{font-size:15px}.elementor-widget-heading .elementor-heading-title.elementor-size-medium{font-size:19px}.elementor-widget-heading .elementor-heading-title.elementor-size-large{font-size:29px}.elementor-widget-heading .elementor-heading-title.elementor-size-xl{font-size:39px}.elementor-widget-heading .elementor-heading-title.elementor-size-xxl{font-size:59px}<\/style><h1 class=\"elementor-heading-title elementor-size-default\">Huiles comestibles<\/h1>\t\t<\/div>\n\t\t\t\t<\/div>\n\t\t\t\t\t<\/div>\n\t\t<\/div>\n\t\t\t\t\t\t\t<\/div>\n\t\t<\/section>\n\t\t\t\t<section class=\"elementor-section elementor-top-section elementor-element elementor-element-8aa795c elementor-section-boxed elementor-section-height-default elementor-section-height-default\" data-id=\"8aa795c\" data-element_type=\"section\">\n\t\t\t\t\t\t<div class=\"elementor-container elementor-column-gap-default\">\n\t\t\t\t\t<div class=\"elementor-column elementor-col-100 elementor-top-column elementor-element elementor-element-f2b00fe\" data-id=\"f2b00fe\" data-element_type=\"column\">\n\t\t\t<div class=\"elementor-widget-wrap elementor-element-populated\">\n\t\t\t\t\t\t\t\t<div class=\"elementor-element elementor-element-19ac653 elementor-widget elementor-widget-text-editor\" data-id=\"19ac653\" data-element_type=\"widget\" data-widget_type=\"text-editor.default\">\n\t\t\t\t<div class=\"elementor-widget-container\">\n\t\t\t<style>\/*! elementor - v3.13.3 - 28-05-2023 *\/\n.elementor-widget-text-editor.elementor-drop-cap-view-stacked .elementor-drop-cap{background-color:#69727d;color:#fff}.elementor-widget-text-editor.elementor-drop-cap-view-framed .elementor-drop-cap{color:#69727d;border:3px solid;background-color:transparent}.elementor-widget-text-editor:not(.elementor-drop-cap-view-default) .elementor-drop-cap{margin-top:8px}.elementor-widget-text-editor:not(.elementor-drop-cap-view-default) .elementor-drop-cap-letter{width:1em;height:1em}.elementor-widget-text-editor .elementor-drop-cap{float:left;text-align:center;line-height:1;font-size:50px}.elementor-widget-text-editor .elementor-drop-cap-letter{display:inline-block}<\/style>\t\t\t\t<p>Il n&rsquo;est probablement pas surprenant que certaines margarines contiennent de l&rsquo;huile alimentaire. Mais qu&rsquo;en est-il de la p\u00e2tisserie, du gla\u00e7age ou du chocolat ? En fait, les produits \u00e0 base d&rsquo;huile comestible se retrouvent dans une gamme remarquable de produits alimentaires et de boissons de tous les jours.<\/p>\n<p>Vous extrayez l&rsquo;huile de ma\u00efs du ma\u00efs, et vous traitez et commercialisez toute la gamme des graines ol\u00e9agineuses &#8211; y compris les graines de tournesol, de colza et de canola &#8211; mais le palmier et le soja sont les principales sources d&rsquo;huiles comestibles.<\/p>\n<p>Le soja transform\u00e9, liquide ou partiellement hydrog\u00e9n\u00e9, est un ingr\u00e9dient essentiel de toute une s\u00e9rie d&rsquo;huiles de cuisson, de vinaigrettes et d&rsquo;aliments transform\u00e9s. L&rsquo;huile de palme est l&rsquo;huile v\u00e9g\u00e9tale la plus consomm\u00e9e sur la plan\u00e8te, utilis\u00e9e dans une multitude de produits comestibles.<\/p>\n\t\t\t\t\t\t<\/div>\n\t\t\t\t<\/div>\n\t\t\t\t\t<\/div>\n\t\t<\/div>\n\t\t\t\t\t\t\t<\/div>\n\t\t<\/section>\n\t\t\t\t<section class=\"elementor-section elementor-top-section elementor-element elementor-element-d785523 elementor-section-boxed elementor-section-height-default elementor-section-height-default\" data-id=\"d785523\" data-element_type=\"section\">\n\t\t\t\t\t\t<div class=\"elementor-container elementor-column-gap-default\">\n\t\t\t\t\t<div class=\"elementor-column elementor-col-33 elementor-top-column elementor-element elementor-element-4267bc7\" data-id=\"4267bc7\" data-element_type=\"column\">\n\t\t\t<div class=\"elementor-widget-wrap elementor-element-populated\">\n\t\t\t\t\t\t\t\t<div class=\"elementor-element elementor-element-d0796b8 elementor-widget elementor-widget-image\" data-id=\"d0796b8\" data-element_type=\"widget\" data-widget_type=\"image.default\">\n\t\t\t\t<div class=\"elementor-widget-container\">\n\t\t\t<style>\/*! elementor - v3.13.3 - 28-05-2023 *\/\n.elementor-widget-image{text-align:center}.elementor-widget-image a{display:inline-block}.elementor-widget-image a img[src$=\".svg\"]{width:48px}.elementor-widget-image img{vertical-align:middle;display:inline-block}<\/style>\t\t\t\t\t\t\t\t\t\t\t\t<img loading=\"lazy\" decoding=\"async\" width=\"1024\" height=\"685\" src=\"https:\/\/zumex-invest.com\/wp-content\/uploads\/2023\/05\/garden-g268a3f336_1920-1024x685.jpg\" class=\"attachment-large size-large wp-image-87\" alt=\"\" srcset=\"https:\/\/zumex-invest.com\/wp-content\/uploads\/2023\/05\/garden-g268a3f336_1920-1024x685.jpg 1024w, https:\/\/zumex-invest.com\/wp-content\/uploads\/2023\/05\/garden-g268a3f336_1920-300x201.jpg 300w, https:\/\/zumex-invest.com\/wp-content\/uploads\/2023\/05\/garden-g268a3f336_1920-768x514.jpg 768w, https:\/\/zumex-invest.com\/wp-content\/uploads\/2023\/05\/garden-g268a3f336_1920-1536x1028.jpg 1536w, https:\/\/zumex-invest.com\/wp-content\/uploads\/2023\/05\/garden-g268a3f336_1920.jpg 1920w\" sizes=\"auto, (max-width: 1024px) 100vw, 1024px\" \/>\t\t\t\t\t\t\t\t\t\t\t\t\t\t\t<\/div>\n\t\t\t\t<\/div>\n\t\t\t\t<div class=\"elementor-element elementor-element-6831589 elementor-widget elementor-widget-heading\" data-id=\"6831589\" data-element_type=\"widget\" data-widget_type=\"heading.default\">\n\t\t\t\t<div class=\"elementor-widget-container\">\n\t\t\t<h2 class=\"elementor-heading-title elementor-size-default\">Huile de colza\n<\/h2>\t\t<\/div>\n\t\t\t\t<\/div>\n\t\t\t\t<div class=\"elementor-element elementor-element-1c309ab elementor-widget elementor-widget-text-editor\" data-id=\"1c309ab\" data-element_type=\"widget\" data-widget_type=\"text-editor.default\">\n\t\t\t\t<div class=\"elementor-widget-container\">\n\t\t\t\t\t\t\t<p>L&rsquo;huile de canola est obtenue \u00e0 partir d&rsquo;une vari\u00e9t\u00e9 de colza \u00e0 faible teneur en acide \u00e9rucique, un acide gras om\u00e9ga-9 monoinsatur\u00e9. Pour qu&rsquo;une graine soit \u00e9tiquet\u00e9e \u00ab\u00a0canola\u00a0\u00bb, elle doit contenir moins de 2 % d&rsquo;acide \u00e9rucique. Dans la production alimentaire, l&rsquo;huile de canola est principalement utilis\u00e9e comme huile de cuisson.<\/p>\n\t\t\t\t\t\t<\/div>\n\t\t\t\t<\/div>\n\t\t\t\t\t<\/div>\n\t\t<\/div>\n\t\t\t\t<div class=\"elementor-column elementor-col-33 elementor-top-column elementor-element elementor-element-4f68d68\" data-id=\"4f68d68\" data-element_type=\"column\">\n\t\t\t<div class=\"elementor-widget-wrap elementor-element-populated\">\n\t\t\t\t\t\t\t\t<div class=\"elementor-element elementor-element-52545be elementor-widget elementor-widget-image\" data-id=\"52545be\" data-element_type=\"widget\" data-widget_type=\"image.default\">\n\t\t\t\t<div class=\"elementor-widget-container\">\n\t\t\t\t\t\t\t\t\t\t\t\t\t\t\t<img loading=\"lazy\" decoding=\"async\" width=\"1024\" height=\"683\" src=\"https:\/\/zumex-invest.com\/wp-content\/uploads\/2023\/05\/flower-gb203905c2_1920-1024x683.jpg\" class=\"attachment-large size-large wp-image-88\" alt=\"\" srcset=\"https:\/\/zumex-invest.com\/wp-content\/uploads\/2023\/05\/flower-gb203905c2_1920-1024x683.jpg 1024w, https:\/\/zumex-invest.com\/wp-content\/uploads\/2023\/05\/flower-gb203905c2_1920-300x200.jpg 300w, https:\/\/zumex-invest.com\/wp-content\/uploads\/2023\/05\/flower-gb203905c2_1920-768x512.jpg 768w, https:\/\/zumex-invest.com\/wp-content\/uploads\/2023\/05\/flower-gb203905c2_1920-1536x1025.jpg 1536w, https:\/\/zumex-invest.com\/wp-content\/uploads\/2023\/05\/flower-gb203905c2_1920.jpg 1920w\" sizes=\"auto, (max-width: 1024px) 100vw, 1024px\" \/>\t\t\t\t\t\t\t\t\t\t\t\t\t\t\t<\/div>\n\t\t\t\t<\/div>\n\t\t\t\t<div class=\"elementor-element elementor-element-b07a195 elementor-widget elementor-widget-heading\" data-id=\"b07a195\" data-element_type=\"widget\" data-widget_type=\"heading.default\">\n\t\t\t\t<div class=\"elementor-widget-container\">\n\t\t\t<h2 class=\"elementor-heading-title elementor-size-default\">Huile de ma\u00efs\n<\/h2>\t\t<\/div>\n\t\t\t\t<\/div>\n\t\t\t\t<div class=\"elementor-element elementor-element-6aaf9b1 elementor-widget elementor-widget-text-editor\" data-id=\"6aaf9b1\" data-element_type=\"widget\" data-widget_type=\"text-editor.default\">\n\t\t\t\t<div class=\"elementor-widget-container\">\n\t\t\t\t\t\t\t<p>L&rsquo;huile de ma\u00efs sera extraite des germes de ma\u00efs. Utilis\u00e9e principalement comme huile de cuisson pour son point de fum\u00e9e \u00e9lev\u00e9 de 232\u00b0C, qui en fait un agent de friture id\u00e9al. C&rsquo;est \u00e9galement un ingr\u00e9dient essentiel de certaines margarines.<\/p>\n\t\t\t\t\t\t<\/div>\n\t\t\t\t<\/div>\n\t\t\t\t\t<\/div>\n\t\t<\/div>\n\t\t\t\t<div class=\"elementor-column elementor-col-33 elementor-top-column elementor-element elementor-element-68635c6\" data-id=\"68635c6\" data-element_type=\"column\">\n\t\t\t<div class=\"elementor-widget-wrap elementor-element-populated\">\n\t\t\t\t\t\t\t\t<div class=\"elementor-element elementor-element-5418890 elementor-widget elementor-widget-image\" data-id=\"5418890\" data-element_type=\"widget\" data-widget_type=\"image.default\">\n\t\t\t\t<div class=\"elementor-widget-container\">\n\t\t\t\t\t\t\t\t\t\t\t\t\t\t\t<img loading=\"lazy\" decoding=\"async\" width=\"1024\" height=\"683\" src=\"https:\/\/zumex-invest.com\/wp-content\/uploads\/2023\/05\/coconut-g636a78e7f_1920-1024x683.jpg\" class=\"attachment-large size-large wp-image-89\" alt=\"\" srcset=\"https:\/\/zumex-invest.com\/wp-content\/uploads\/2023\/05\/coconut-g636a78e7f_1920-1024x683.jpg 1024w, https:\/\/zumex-invest.com\/wp-content\/uploads\/2023\/05\/coconut-g636a78e7f_1920-300x200.jpg 300w, https:\/\/zumex-invest.com\/wp-content\/uploads\/2023\/05\/coconut-g636a78e7f_1920-768x512.jpg 768w, https:\/\/zumex-invest.com\/wp-content\/uploads\/2023\/05\/coconut-g636a78e7f_1920-1536x1024.jpg 1536w, https:\/\/zumex-invest.com\/wp-content\/uploads\/2023\/05\/coconut-g636a78e7f_1920.jpg 1920w\" sizes=\"auto, (max-width: 1024px) 100vw, 1024px\" \/>\t\t\t\t\t\t\t\t\t\t\t\t\t\t\t<\/div>\n\t\t\t\t<\/div>\n\t\t\t\t<div class=\"elementor-element elementor-element-0e28586 elementor-widget elementor-widget-heading\" data-id=\"0e28586\" data-element_type=\"widget\" data-widget_type=\"heading.default\">\n\t\t\t\t<div class=\"elementor-widget-container\">\n\t\t\t<h2 class=\"elementor-heading-title elementor-size-default\">Huile de coco brute\n<\/h2>\t\t<\/div>\n\t\t\t\t<\/div>\n\t\t\t\t<div class=\"elementor-element elementor-element-31a780d elementor-widget elementor-widget-text-editor\" data-id=\"31a780d\" data-element_type=\"widget\" data-widget_type=\"text-editor.default\">\n\t\t\t\t<div class=\"elementor-widget-container\">\n\t\t\t\t\t\t\t<p>L&rsquo;huile de coco brute est broy\u00e9e \u00e0 partir de la copa, la chair s\u00e9ch\u00e9e de la noix de coco finement m\u00fbrie. Habituellement utilis\u00e9e dans les industries alimentaire, savonni\u00e8re et ol\u00e9ochimique, l&rsquo;huile de coco brute peut \u00eatre transform\u00e9e en huile de coco raffin\u00e9e, blanchie et d\u00e9sodoris\u00e9e (RBD), ou encore en huile de coco hydrog\u00e9n\u00e9e.<\/p>\n\t\t\t\t\t\t<\/div>\n\t\t\t\t<\/div>\n\t\t\t\t\t<\/div>\n\t\t<\/div>\n\t\t\t\t\t\t\t<\/div>\n\t\t<\/section>\n\t\t\t\t<section class=\"elementor-section elementor-top-section elementor-element elementor-element-4ab01f1 elementor-section-boxed elementor-section-height-default elementor-section-height-default\" data-id=\"4ab01f1\" data-element_type=\"section\">\n\t\t\t\t\t\t<div class=\"elementor-container elementor-column-gap-default\">\n\t\t\t\t\t<div class=\"elementor-column elementor-col-33 elementor-top-column elementor-element elementor-element-dd63969\" data-id=\"dd63969\" data-element_type=\"column\">\n\t\t\t<div class=\"elementor-widget-wrap elementor-element-populated\">\n\t\t\t\t\t\t\t\t<div class=\"elementor-element elementor-element-bbd0d65 elementor-widget elementor-widget-image\" data-id=\"bbd0d65\" data-element_type=\"widget\" data-widget_type=\"image.default\">\n\t\t\t\t<div class=\"elementor-widget-container\">\n\t\t\t\t\t\t\t\t\t\t\t\t\t\t\t<img loading=\"lazy\" decoding=\"async\" width=\"1024\" height=\"684\" src=\"https:\/\/zumex-invest.com\/wp-content\/uploads\/2023\/05\/fall-gcdaae15b7_1920-1024x684.jpg\" class=\"attachment-large size-large wp-image-90\" alt=\"\" srcset=\"https:\/\/zumex-invest.com\/wp-content\/uploads\/2023\/05\/fall-gcdaae15b7_1920-1024x684.jpg 1024w, https:\/\/zumex-invest.com\/wp-content\/uploads\/2023\/05\/fall-gcdaae15b7_1920-300x200.jpg 300w, https:\/\/zumex-invest.com\/wp-content\/uploads\/2023\/05\/fall-gcdaae15b7_1920-768x513.jpg 768w, https:\/\/zumex-invest.com\/wp-content\/uploads\/2023\/05\/fall-gcdaae15b7_1920-1536x1026.jpg 1536w, https:\/\/zumex-invest.com\/wp-content\/uploads\/2023\/05\/fall-gcdaae15b7_1920.jpg 1920w\" sizes=\"auto, (max-width: 1024px) 100vw, 1024px\" \/>\t\t\t\t\t\t\t\t\t\t\t\t\t\t\t<\/div>\n\t\t\t\t<\/div>\n\t\t\t\t<div class=\"elementor-element elementor-element-eb35f71 elementor-widget elementor-widget-heading\" data-id=\"eb35f71\" data-element_type=\"widget\" data-widget_type=\"heading.default\">\n\t\t\t\t<div class=\"elementor-widget-container\">\n\t\t\t<h2 class=\"elementor-heading-title elementor-size-default\">Huile brute de palmiste\n<\/h2>\t\t<\/div>\n\t\t\t\t<\/div>\n\t\t\t\t<div class=\"elementor-element elementor-element-9b4aa59 elementor-widget elementor-widget-text-editor\" data-id=\"9b4aa59\" data-element_type=\"widget\" data-widget_type=\"text-editor.default\">\n\t\t\t\t<div class=\"elementor-widget-container\">\n\t\t\t\t\t\t\t<p>L&rsquo;huile de palmiste est obtenue \u00e0 partir de l&rsquo;amande du fruit du palmier \u00e0 huile. La qualit\u00e9 de l&rsquo;huile est excellente, les acides gras libres dans l&rsquo;huile brute \u00e9tant g\u00e9n\u00e9ralement inf\u00e9rieurs \u00e0 2 %. Naturellement jaune clair, il est raffin\u00e9 pour produire une huile tr\u00e8s claire destin\u00e9e \u00e0 la consommation et \u00e0 d&rsquo;autres usages.<\/p>\n\t\t\t\t\t\t<\/div>\n\t\t\t\t<\/div>\n\t\t\t\t\t<\/div>\n\t\t<\/div>\n\t\t\t\t<div class=\"elementor-column elementor-col-33 elementor-top-column elementor-element elementor-element-dfd9f35\" data-id=\"dfd9f35\" data-element_type=\"column\">\n\t\t\t<div class=\"elementor-widget-wrap elementor-element-populated\">\n\t\t\t\t\t\t\t\t<div class=\"elementor-element elementor-element-4ab3921 elementor-widget elementor-widget-image\" data-id=\"4ab3921\" data-element_type=\"widget\" data-widget_type=\"image.default\">\n\t\t\t\t<div class=\"elementor-widget-container\">\n\t\t\t\t\t\t\t\t\t\t\t\t\t\t\t<img loading=\"lazy\" decoding=\"async\" width=\"1024\" height=\"683\" src=\"https:\/\/zumex-invest.com\/wp-content\/uploads\/2023\/05\/sunflower-ga50e96d85_1920-1024x683.jpg\" class=\"attachment-large size-large wp-image-91\" alt=\"\" srcset=\"https:\/\/zumex-invest.com\/wp-content\/uploads\/2023\/05\/sunflower-ga50e96d85_1920-1024x683.jpg 1024w, https:\/\/zumex-invest.com\/wp-content\/uploads\/2023\/05\/sunflower-ga50e96d85_1920-300x200.jpg 300w, https:\/\/zumex-invest.com\/wp-content\/uploads\/2023\/05\/sunflower-ga50e96d85_1920-768x512.jpg 768w, https:\/\/zumex-invest.com\/wp-content\/uploads\/2023\/05\/sunflower-ga50e96d85_1920-1536x1024.jpg 1536w, https:\/\/zumex-invest.com\/wp-content\/uploads\/2023\/05\/sunflower-ga50e96d85_1920.jpg 1920w\" sizes=\"auto, (max-width: 1024px) 100vw, 1024px\" \/>\t\t\t\t\t\t\t\t\t\t\t\t\t\t\t<\/div>\n\t\t\t\t<\/div>\n\t\t\t\t<div class=\"elementor-element elementor-element-607a5fe elementor-widget elementor-widget-heading\" data-id=\"607a5fe\" data-element_type=\"widget\" data-widget_type=\"heading.default\">\n\t\t\t\t<div class=\"elementor-widget-container\">\n\t\t\t<h2 class=\"elementor-heading-title elementor-size-default\">Huile de tournesol\n<\/h2>\t\t<\/div>\n\t\t\t\t<\/div>\n\t\t\t\t<div class=\"elementor-element elementor-element-9119a37 elementor-widget elementor-widget-text-editor\" data-id=\"9119a37\" data-element_type=\"widget\" data-widget_type=\"text-editor.default\">\n\t\t\t\t<div class=\"elementor-widget-container\">\n\t\t\t\t\t\t\t<p>L&rsquo;huile de tournesol est une huile comestible press\u00e9e \u00e0 partir de graines de tournesol. Elle est couramment utilis\u00e9e dans la production alimentaire comme huile de friture non volatile, avec un point de fum\u00e9e \u00e9lev\u00e9 de 227\u00b0C.<\/p>\n\t\t\t\t\t\t<\/div>\n\t\t\t\t<\/div>\n\t\t\t\t\t<\/div>\n\t\t<\/div>\n\t\t\t\t<div class=\"elementor-column elementor-col-33 elementor-top-column elementor-element elementor-element-3b46fd9\" data-id=\"3b46fd9\" data-element_type=\"column\">\n\t\t\t<div class=\"elementor-widget-wrap\">\n\t\t\t\t\t\t\t\t\t<\/div>\n\t\t<\/div>\n\t\t\t\t\t\t\t<\/div>\n\t\t<\/section>\n\t\t\t\t\t\t\t<\/div>\n\t\t","protected":false},"excerpt":{"rendered":"<p>Huiles comestibles Il n&rsquo;est probablement pas surprenant que certaines margarines contiennent de l&rsquo;huile alimentaire. Mais qu&rsquo;en est-il de la p\u00e2tisserie, du gla\u00e7age ou du chocolat ? En fait, les produits \u00e0 base d&rsquo;huile comestible se retrouvent dans une gamme remarquable de produits alimentaires et de boissons de tous les jours. Vous extrayez l&rsquo;huile de ma\u00efs &hellip;<\/p>\n<p class=\"read-more\"> <a class=\"\" href=\"https:\/\/zumex-invest.com\/fr\/ce-que-nous-faisons\/huiles-comestibles\"> <span class=\"screen-reader-text\">Huiles comestibles<\/span> Lire la suite\u00a0\u00bb<\/a><\/p>\n","protected":false},"author":1,"featured_media":0,"parent":494,"menu_order":33,"comment_status":"closed","ping_status":"closed","template":"","meta":{"site-sidebar-layout":"no-sidebar","site-content-layout":"page-builder","ast-global-header-display":"","ast-main-header-display":"","ast-hfb-above-header-display":"","ast-hfb-below-header-display":"","ast-hfb-mobile-header-display":"","site-post-title":"disabled","ast-breadcrumbs-content":"","ast-featured-img":"disabled","footer-sml-layout":"","theme-transparent-header-meta":"","adv-header-id-meta":"","stick-header-meta":"","header-above-stick-meta":"","header-main-stick-meta":"","header-below-stick-meta":"","footnotes":""},"class_list":["post-505","page","type-page","status-publish","hentry"],"_links":{"self":[{"href":"https:\/\/zumex-invest.com\/fr\/wp-json\/wp\/v2\/pages\/505","targetHints":{"allow":["GET"]}}],"collection":[{"href":"https:\/\/zumex-invest.com\/fr\/wp-json\/wp\/v2\/pages"}],"about":[{"href":"https:\/\/zumex-invest.com\/fr\/wp-json\/wp\/v2\/types\/page"}],"author":[{"embeddable":true,"href":"https:\/\/zumex-invest.com\/fr\/wp-json\/wp\/v2\/users\/1"}],"replies":[{"embeddable":true,"href":"https:\/\/zumex-invest.com\/fr\/wp-json\/wp\/v2\/comments?post=505"}],"version-history":[{"count":3,"href":"https:\/\/zumex-invest.com\/fr\/wp-json\/wp\/v2\/pages\/505\/revisions"}],"predecessor-version":[{"id":508,"href":"https:\/\/zumex-invest.com\/fr\/wp-json\/wp\/v2\/pages\/505\/revisions\/508"}],"up":[{"embeddable":true,"href":"https:\/\/zumex-invest.com\/fr\/wp-json\/wp\/v2\/pages\/494"}],"wp:attachment":[{"href":"https:\/\/zumex-invest.com\/fr\/wp-json\/wp\/v2\/media?parent=505"}],"curies":[{"name":"wp","href":"https:\/\/api.w.org\/{rel}","templated":true}]}}