{"id":512,"date":"2023-05-02T17:49:05","date_gmt":"2023-05-02T17:49:05","guid":{"rendered":"https:\/\/zumex-invest.com\/nos-valeurs\/valoriser-notre-personnel"},"modified":"2023-07-11T21:08:20","modified_gmt":"2023-07-11T21:08:20","slug":"valoriser-notre-personnel","status":"publish","type":"page","link":"https:\/\/zumex-invest.com\/fr\/nos-valeurs\/valoriser-notre-personnel","title":{"rendered":"Valoriser notre personnel"},"content":{"rendered":"\t\t<div data-elementor-type=\"wp-page\" data-elementor-id=\"512\" class=\"elementor elementor-512 elementor-134\">\n\t\t\t\t\t\t\t\t\t<section class=\"elementor-section elementor-top-section elementor-element elementor-element-ff0a0ea elementor-section-boxed elementor-section-height-default elementor-section-height-default\" data-id=\"ff0a0ea\" data-element_type=\"section\" data-settings=\"{&quot;background_background&quot;:&quot;classic&quot;}\">\n\t\t\t\t\t\t\t<div class=\"elementor-background-overlay\"><\/div>\n\t\t\t\t\t\t\t<div class=\"elementor-container elementor-column-gap-default\">\n\t\t\t\t\t<div class=\"elementor-column elementor-col-100 elementor-top-column elementor-element elementor-element-35f2dab\" data-id=\"35f2dab\" data-element_type=\"column\">\n\t\t\t<div class=\"elementor-widget-wrap elementor-element-populated\">\n\t\t\t\t\t\t\t\t<div class=\"elementor-element elementor-element-0488803 elementor-widget elementor-widget-heading\" data-id=\"0488803\" data-element_type=\"widget\" data-widget_type=\"heading.default\">\n\t\t\t\t<div class=\"elementor-widget-container\">\n\t\t\t<style>\/*! elementor - v3.13.3 - 28-05-2023 *\/\n.elementor-heading-title{padding:0;margin:0;line-height:1}.elementor-widget-heading .elementor-heading-title[class*=elementor-size-]>a{color:inherit;font-size:inherit;line-height:inherit}.elementor-widget-heading .elementor-heading-title.elementor-size-small{font-size:15px}.elementor-widget-heading .elementor-heading-title.elementor-size-medium{font-size:19px}.elementor-widget-heading .elementor-heading-title.elementor-size-large{font-size:29px}.elementor-widget-heading .elementor-heading-title.elementor-size-xl{font-size:39px}.elementor-widget-heading .elementor-heading-title.elementor-size-xxl{font-size:59px}<\/style><h1 class=\"elementor-heading-title elementor-size-default\">Nos valeurs<\/h1>\t\t<\/div>\n\t\t\t\t<\/div>\n\t\t\t\t\t<\/div>\n\t\t<\/div>\n\t\t\t\t\t\t\t<\/div>\n\t\t<\/section>\n\t\t\t\t<section class=\"elementor-section elementor-top-section elementor-element elementor-element-8aa795c elementor-section-boxed elementor-section-height-default elementor-section-height-default\" data-id=\"8aa795c\" data-element_type=\"section\">\n\t\t\t\t\t\t<div class=\"elementor-container elementor-column-gap-default\">\n\t\t\t\t\t<div class=\"elementor-column elementor-col-100 elementor-top-column elementor-element elementor-element-f2b00fe\" data-id=\"f2b00fe\" data-element_type=\"column\">\n\t\t\t<div class=\"elementor-widget-wrap elementor-element-populated\">\n\t\t\t\t\t\t\t\t<div class=\"elementor-element elementor-element-43801ba elementor-widget elementor-widget-text-editor\" data-id=\"43801ba\" data-element_type=\"widget\" data-widget_type=\"text-editor.default\">\n\t\t\t\t<div class=\"elementor-widget-container\">\n\t\t\t<style>\/*! elementor - v3.13.3 - 28-05-2023 *\/\n.elementor-widget-text-editor.elementor-drop-cap-view-stacked .elementor-drop-cap{background-color:#69727d;color:#fff}.elementor-widget-text-editor.elementor-drop-cap-view-framed .elementor-drop-cap{color:#69727d;border:3px solid;background-color:transparent}.elementor-widget-text-editor:not(.elementor-drop-cap-view-default) .elementor-drop-cap{margin-top:8px}.elementor-widget-text-editor:not(.elementor-drop-cap-view-default) .elementor-drop-cap-letter{width:1em;height:1em}.elementor-widget-text-editor .elementor-drop-cap{float:left;text-align:center;line-height:1;font-size:50px}.elementor-widget-text-editor .elementor-drop-cap-letter{display:inline-block}<\/style>\t\t\t\t<p>Nos valeurs guident chacune de nos actions. Ils sont au c\u0153ur de notre code de conduite et de notre culture.<\/p>\n<p><strong>S\u00e9curit\u00e9<\/strong><\/p>\n<p>Nous ne faisons jamais de compromis sur la s\u00e9curit\u00e9. Nous veillons les uns sur les autres et nous arr\u00eatons le travail s&rsquo;il n&rsquo;est pas s\u00fbr.<\/p>\n<p><strong>Ouverture<\/strong><\/p>\n<p>Nous sommes honn\u00eates et directs dans notre communication. Nous nous effor\u00e7ons de nous am\u00e9liorer en partageant des informations et en encourageant le dialogue et le retour d&rsquo;information.<\/p>\n<p><strong>Simplicit\u00e9<\/strong><\/p>\n<p>Nous travaillons efficacement et nous nous concentrons sur l&rsquo;essentiel. Nous \u00e9vitons toute complexit\u00e9 inutile et recherchons des solutions simples et pragmatiques.<\/p>\n<p><strong>Int\u00e9grit\u00e9<\/strong><\/p>\n<p>Nous avons le courage de faire ce qui est juste, m\u00eame quand c&rsquo;est difficile. Nous faisons ce que nous disons et nous nous traitons mutuellement avec \u00e9quit\u00e9 et respect.<\/p>\n<p><strong>L&rsquo;esprit d&rsquo;entreprise<\/strong><\/p>\n<p>Nous encourageons les nouvelles id\u00e9es et nous nous adaptons rapidement au changement. Nous sommes toujours \u00e0 la recherche de nouvelles opportunit\u00e9s pour cr\u00e9er de la valeur et trouver des m\u00e9thodes de travail meilleures et plus s\u00fbres.<\/p>\n<p><strong>Responsabilit\u00e9<\/strong><\/p>\n<p>Nous assumons la responsabilit\u00e9 de nos actes. Nous parlons et \u00e9coutons les autres pour comprendre ce qu&rsquo;ils attendent de nous. Nous nous effor\u00e7ons d&rsquo;am\u00e9liorer nos performances commerciales, sociales et environnementales.<\/p>\t\t\t\t\t\t<\/div>\n\t\t\t\t<\/div>\n\t\t\t\t\t<\/div>\n\t\t<\/div>\n\t\t\t\t\t\t\t<\/div>\n\t\t<\/section>\n\t\t\t\t\t\t\t<\/div>\n\t\t","protected":false},"excerpt":{"rendered":"<p>Nos valeurs Nos valeurs guident chacune de nos actions. Ils sont au c\u0153ur de notre code de conduite et de notre culture. S\u00e9curit\u00e9 Nous ne faisons jamais de compromis sur la s\u00e9curit\u00e9. Nous veillons les uns sur les autres et nous arr\u00eatons le travail s&rsquo;il n&rsquo;est pas s\u00fbr. Ouverture Nous sommes honn\u00eates et directs dans &hellip;<\/p>\n<p class=\"read-more\"> <a class=\"\" href=\"https:\/\/zumex-invest.com\/fr\/nos-valeurs\/valoriser-notre-personnel\"> <span class=\"screen-reader-text\">Valoriser notre personnel<\/span> Lire la suite\u00a0\u00bb<\/a><\/p>\n","protected":false},"author":1,"featured_media":0,"parent":510,"menu_order":41,"comment_status":"closed","ping_status":"closed","template":"","meta":{"site-sidebar-layout":"no-sidebar","site-content-layout":"page-builder","ast-global-header-display":"","ast-main-header-display":"","ast-hfb-above-header-display":"","ast-hfb-below-header-display":"","ast-hfb-mobile-header-display":"","site-post-title":"disabled","ast-breadcrumbs-content":"","ast-featured-img":"disabled","footer-sml-layout":"","theme-transparent-header-meta":"","adv-header-id-meta":"","stick-header-meta":"","header-above-stick-meta":"","header-main-stick-meta":"","header-below-stick-meta":"","footnotes":""},"class_list":["post-512","page","type-page","status-publish","hentry"],"_links":{"self":[{"href":"https:\/\/zumex-invest.com\/fr\/wp-json\/wp\/v2\/pages\/512","targetHints":{"allow":["GET"]}}],"collection":[{"href":"https:\/\/zumex-invest.com\/fr\/wp-json\/wp\/v2\/pages"}],"about":[{"href":"https:\/\/zumex-invest.com\/fr\/wp-json\/wp\/v2\/types\/page"}],"author":[{"embeddable":true,"href":"https:\/\/zumex-invest.com\/fr\/wp-json\/wp\/v2\/users\/1"}],"replies":[{"embeddable":true,"href":"https:\/\/zumex-invest.com\/fr\/wp-json\/wp\/v2\/comments?post=512"}],"version-history":[{"count":3,"href":"https:\/\/zumex-invest.com\/fr\/wp-json\/wp\/v2\/pages\/512\/revisions"}],"predecessor-version":[{"id":515,"href":"https:\/\/zumex-invest.com\/fr\/wp-json\/wp\/v2\/pages\/512\/revisions\/515"}],"up":[{"embeddable":true,"href":"https:\/\/zumex-invest.com\/fr\/wp-json\/wp\/v2\/pages\/510"}],"wp:attachment":[{"href":"https:\/\/zumex-invest.com\/fr\/wp-json\/wp\/v2\/media?parent=512"}],"curies":[{"name":"wp","href":"https:\/\/api.w.org\/{rel}","templated":true}]}}