{"id":516,"date":"2023-05-02T17:49:32","date_gmt":"2023-05-02T17:49:32","guid":{"rendered":"https:\/\/zumex-invest.com\/nos-valeurs\/etre-sur-et-responsable"},"modified":"2023-07-11T21:08:22","modified_gmt":"2023-07-11T21:08:22","slug":"etre-sur-et-responsable","status":"publish","type":"page","link":"https:\/\/zumex-invest.com\/fr\/nos-valeurs\/etre-sur-et-responsable","title":{"rendered":"\u00catre s\u00fbr et responsable"},"content":{"rendered":"\t\t<div data-elementor-type=\"wp-page\" data-elementor-id=\"516\" class=\"elementor elementor-516 elementor-136\">\n\t\t\t\t\t\t\t\t\t<section class=\"elementor-section elementor-top-section elementor-element elementor-element-ff0a0ea elementor-section-boxed elementor-section-height-default elementor-section-height-default\" data-id=\"ff0a0ea\" data-element_type=\"section\" data-settings=\"{&quot;background_background&quot;:&quot;classic&quot;}\">\n\t\t\t\t\t\t\t<div class=\"elementor-background-overlay\"><\/div>\n\t\t\t\t\t\t\t<div class=\"elementor-container elementor-column-gap-default\">\n\t\t\t\t\t<div class=\"elementor-column elementor-col-100 elementor-top-column elementor-element elementor-element-35f2dab\" data-id=\"35f2dab\" data-element_type=\"column\">\n\t\t\t<div class=\"elementor-widget-wrap elementor-element-populated\">\n\t\t\t\t\t\t\t\t<div class=\"elementor-element elementor-element-0488803 elementor-widget elementor-widget-heading\" data-id=\"0488803\" data-element_type=\"widget\" data-widget_type=\"heading.default\">\n\t\t\t\t<div class=\"elementor-widget-container\">\n\t\t\t<style>\/*! elementor - v3.13.3 - 28-05-2023 *\/\n.elementor-heading-title{padding:0;margin:0;line-height:1}.elementor-widget-heading .elementor-heading-title[class*=elementor-size-]>a{color:inherit;font-size:inherit;line-height:inherit}.elementor-widget-heading .elementor-heading-title.elementor-size-small{font-size:15px}.elementor-widget-heading .elementor-heading-title.elementor-size-medium{font-size:19px}.elementor-widget-heading .elementor-heading-title.elementor-size-large{font-size:29px}.elementor-widget-heading .elementor-heading-title.elementor-size-xl{font-size:39px}.elementor-widget-heading .elementor-heading-title.elementor-size-xxl{font-size:59px}<\/style><h1 class=\"elementor-heading-title elementor-size-default\">\u00catre s\u00fbr et responsable<\/h1>\t\t<\/div>\n\t\t\t\t<\/div>\n\t\t\t\t\t<\/div>\n\t\t<\/div>\n\t\t\t\t\t\t\t<\/div>\n\t\t<\/section>\n\t\t\t\t<section class=\"elementor-section elementor-top-section elementor-element elementor-element-8aa795c elementor-section-boxed elementor-section-height-default elementor-section-height-default\" data-id=\"8aa795c\" data-element_type=\"section\">\n\t\t\t\t\t\t<div class=\"elementor-container elementor-column-gap-default\">\n\t\t\t\t\t<div class=\"elementor-column elementor-col-100 elementor-top-column elementor-element elementor-element-f2b00fe\" data-id=\"f2b00fe\" data-element_type=\"column\">\n\t\t\t<div class=\"elementor-widget-wrap elementor-element-populated\">\n\t\t\t\t\t\t\t\t<div class=\"elementor-element elementor-element-43801ba elementor-widget elementor-widget-text-editor\" data-id=\"43801ba\" data-element_type=\"widget\" data-widget_type=\"text-editor.default\">\n\t\t\t\t<div class=\"elementor-widget-container\">\n\t\t\t<style>\/*! elementor - v3.13.3 - 28-05-2023 *\/\n.elementor-widget-text-editor.elementor-drop-cap-view-stacked .elementor-drop-cap{background-color:#69727d;color:#fff}.elementor-widget-text-editor.elementor-drop-cap-view-framed .elementor-drop-cap{color:#69727d;border:3px solid;background-color:transparent}.elementor-widget-text-editor:not(.elementor-drop-cap-view-default) .elementor-drop-cap{margin-top:8px}.elementor-widget-text-editor:not(.elementor-drop-cap-view-default) .elementor-drop-cap-letter{width:1em;height:1em}.elementor-widget-text-editor .elementor-drop-cap{float:left;text-align:center;line-height:1;font-size:50px}.elementor-widget-text-editor .elementor-drop-cap-letter{display:inline-block}<\/style>\t\t\t\t<p>Nous respectons et valorisons chaque employ\u00e9 et cr\u00e9ons un environnement de travail \u00e9quitable, favorable et inclusif, o\u00f9 des personnes aux exp\u00e9riences et perspectives diverses peuvent se d\u00e9velopper et r\u00e9aliser leur potentiel. Notre succ\u00e8s d\u00e9pend de notre capacit\u00e9 \u00e0 attirer, d\u00e9velopper et retenir les meilleurs talents \u00e0 tous les niveaux.<\/p>\n<p><b>\u00c9quit\u00e9 et respect<\/b><\/p>\n<p>Nos collaborateurs sont au c\u0153ur de notre r\u00e9ussite. Nous nous traitons mutuellement avec \u00e9quit\u00e9 et respect. Une main-d&rsquo;\u0153uvre diversifi\u00e9e renforce notre culture et nos activit\u00e9s. Nous ne tol\u00e9rons aucune forme d&rsquo;esclavage moderne, y compris le travail forc\u00e9, obligatoire ou des enfants. Nous avons le droit de choisir d&rsquo;appartenir \u00e0 un syndicat et de chercher \u00e0 n\u00e9gocier collectivement.<\/p>\n<p><b>Que signifie concr\u00e8tement notre engagement ?<\/b><\/p>\n<p>Nous agissons avec honn\u00eatet\u00e9 et int\u00e9grit\u00e9 et sommes responsables de tout ce que nous faisons.<\/p>\n<p>Nous veillons \u00e0 notre bien-\u00eatre physique et mental et \u00e0 celui des autres.<\/p>\n<p>Nous travaillons ensemble pour donner le meilleur de nous-m\u00eames et r\u00e9pondre aux besoins de nos clients et des autres parties prenantes.<\/p>\n<p>Nous promouvons l&rsquo;inclusion, l&rsquo;\u00e9quit\u00e9 et l&rsquo;\u00e9galit\u00e9 et ne pratiquons aucune discrimination fond\u00e9e sur la race, la nationalit\u00e9, la religion, le sexe, l&rsquo;\u00e2ge, l&rsquo;orientation sexuelle, le handicap, l&rsquo;ascendance, l&rsquo;origine sociale, l&rsquo;appartenance \u00e0 un syndicat, les convictions politiques ou tout autre pr\u00e9jug\u00e9 potentiel. Nous ne tol\u00e9rons pas le harc\u00e8lement ou les brimades sur le lieu de travail et nous signalons tout comportement contraire \u00e0 l&rsquo;\u00e9thique lorsque nous en sommes t\u00e9moins.<\/p>\n<p>Nous recrutons, promouvons, r\u00e9compensons et offrons des opportunit\u00e9s de d\u00e9veloppement sur la base des qualifications, des capacit\u00e9s, des performances, du comportement \u00e9thique et de l&rsquo;alignement sur nos valeurs.<\/p>\n<p>Nous communiquons avec respect et&nbsp;int\u00e9grit\u00e9.<\/p>\n<p>Nous appr\u00e9cions les diverses croyances et les perspectives de chacun (&nbsp;).<\/p>\n<p>Lorsque nous utilisons les m\u00e9dias sociaux, nous agissons de mani\u00e8re coh\u00e9rente avec nos valeurs.<\/p>\t\t\t\t\t\t<\/div>\n\t\t\t\t<\/div>\n\t\t\t\t\t<\/div>\n\t\t<\/div>\n\t\t\t\t\t\t\t<\/div>\n\t\t<\/section>\n\t\t\t\t\t\t\t<\/div>\n\t\t","protected":false},"excerpt":{"rendered":"<p>\u00catre s\u00fbr et responsable Nous respectons et valorisons chaque employ\u00e9 et cr\u00e9ons un environnement de travail \u00e9quitable, favorable et inclusif, o\u00f9 des personnes aux exp\u00e9riences et perspectives diverses peuvent se d\u00e9velopper et r\u00e9aliser leur potentiel. Notre succ\u00e8s d\u00e9pend de notre capacit\u00e9 \u00e0 attirer, d\u00e9velopper et retenir les meilleurs talents \u00e0 tous les niveaux. \u00c9quit\u00e9 et &hellip;<\/p>\n<p class=\"read-more\"> <a class=\"\" href=\"https:\/\/zumex-invest.com\/fr\/nos-valeurs\/etre-sur-et-responsable\"> <span class=\"screen-reader-text\">\u00catre s\u00fbr et responsable<\/span> Lire la suite\u00a0\u00bb<\/a><\/p>\n","protected":false},"author":1,"featured_media":0,"parent":510,"menu_order":42,"comment_status":"closed","ping_status":"closed","template":"","meta":{"site-sidebar-layout":"no-sidebar","site-content-layout":"page-builder","ast-global-header-display":"","ast-main-header-display":"","ast-hfb-above-header-display":"","ast-hfb-below-header-display":"","ast-hfb-mobile-header-display":"","site-post-title":"disabled","ast-breadcrumbs-content":"","ast-featured-img":"disabled","footer-sml-layout":"","theme-transparent-header-meta":"","adv-header-id-meta":"","stick-header-meta":"","header-above-stick-meta":"","header-main-stick-meta":"","header-below-stick-meta":"","footnotes":""},"class_list":["post-516","page","type-page","status-publish","hentry"],"_links":{"self":[{"href":"https:\/\/zumex-invest.com\/fr\/wp-json\/wp\/v2\/pages\/516","targetHints":{"allow":["GET"]}}],"collection":[{"href":"https:\/\/zumex-invest.com\/fr\/wp-json\/wp\/v2\/pages"}],"about":[{"href":"https:\/\/zumex-invest.com\/fr\/wp-json\/wp\/v2\/types\/page"}],"author":[{"embeddable":true,"href":"https:\/\/zumex-invest.com\/fr\/wp-json\/wp\/v2\/users\/1"}],"replies":[{"embeddable":true,"href":"https:\/\/zumex-invest.com\/fr\/wp-json\/wp\/v2\/comments?post=516"}],"version-history":[{"count":1,"href":"https:\/\/zumex-invest.com\/fr\/wp-json\/wp\/v2\/pages\/516\/revisions"}],"predecessor-version":[{"id":517,"href":"https:\/\/zumex-invest.com\/fr\/wp-json\/wp\/v2\/pages\/516\/revisions\/517"}],"up":[{"embeddable":true,"href":"https:\/\/zumex-invest.com\/fr\/wp-json\/wp\/v2\/pages\/510"}],"wp:attachment":[{"href":"https:\/\/zumex-invest.com\/fr\/wp-json\/wp\/v2\/media?parent=516"}],"curies":[{"name":"wp","href":"https:\/\/api.w.org\/{rel}","templated":true}]}}