{"id":524,"date":"2023-05-02T17:50:35","date_gmt":"2023-05-02T17:50:35","guid":{"rendered":"https:\/\/zumex-invest.com\/nos-valeurs\/droits-de-lhomme"},"modified":"2023-07-11T21:08:29","modified_gmt":"2023-07-11T21:08:29","slug":"droits-de-lhomme","status":"publish","type":"page","link":"https:\/\/zumex-invest.com\/fr\/nos-valeurs\/droits-de-lhomme","title":{"rendered":"Droits de l&rsquo;homme"},"content":{"rendered":"\t\t<div data-elementor-type=\"wp-page\" data-elementor-id=\"524\" class=\"elementor elementor-524 elementor-142\">\n\t\t\t\t\t\t\t\t\t<section class=\"elementor-section elementor-top-section elementor-element elementor-element-ff0a0ea elementor-section-boxed elementor-section-height-default elementor-section-height-default\" data-id=\"ff0a0ea\" data-element_type=\"section\" data-settings=\"{&quot;background_background&quot;:&quot;classic&quot;}\">\n\t\t\t\t\t\t\t<div class=\"elementor-background-overlay\"><\/div>\n\t\t\t\t\t\t\t<div class=\"elementor-container elementor-column-gap-default\">\n\t\t\t\t\t<div class=\"elementor-column elementor-col-100 elementor-top-column elementor-element elementor-element-35f2dab\" data-id=\"35f2dab\" data-element_type=\"column\">\n\t\t\t<div class=\"elementor-widget-wrap elementor-element-populated\">\n\t\t\t\t\t\t\t\t<div class=\"elementor-element elementor-element-0488803 elementor-widget elementor-widget-heading\" data-id=\"0488803\" data-element_type=\"widget\" data-widget_type=\"heading.default\">\n\t\t\t\t<div class=\"elementor-widget-container\">\n\t\t\t<style>\/*! elementor - v3.13.3 - 28-05-2023 *\/\n.elementor-heading-title{padding:0;margin:0;line-height:1}.elementor-widget-heading .elementor-heading-title[class*=elementor-size-]>a{color:inherit;font-size:inherit;line-height:inherit}.elementor-widget-heading .elementor-heading-title.elementor-size-small{font-size:15px}.elementor-widget-heading .elementor-heading-title.elementor-size-medium{font-size:19px}.elementor-widget-heading .elementor-heading-title.elementor-size-large{font-size:29px}.elementor-widget-heading .elementor-heading-title.elementor-size-xl{font-size:39px}.elementor-widget-heading .elementor-heading-title.elementor-size-xxl{font-size:59px}<\/style><h1 class=\"elementor-heading-title elementor-size-default\">Nos valeurs<\/h1>\t\t<\/div>\n\t\t\t\t<\/div>\n\t\t\t\t\t<\/div>\n\t\t<\/div>\n\t\t\t\t\t\t\t<\/div>\n\t\t<\/section>\n\t\t\t\t<section class=\"elementor-section elementor-top-section elementor-element elementor-element-8aa795c elementor-section-boxed elementor-section-height-default elementor-section-height-default\" data-id=\"8aa795c\" data-element_type=\"section\">\n\t\t\t\t\t\t<div class=\"elementor-container elementor-column-gap-default\">\n\t\t\t\t\t<div class=\"elementor-column elementor-col-100 elementor-top-column elementor-element elementor-element-f2b00fe\" data-id=\"f2b00fe\" data-element_type=\"column\">\n\t\t\t<div class=\"elementor-widget-wrap elementor-element-populated\">\n\t\t\t\t\t\t\t\t<div class=\"elementor-element elementor-element-43801ba elementor-widget elementor-widget-text-editor\" data-id=\"43801ba\" data-element_type=\"widget\" data-widget_type=\"text-editor.default\">\n\t\t\t\t<div class=\"elementor-widget-container\">\n\t\t\t<style>\/*! elementor - v3.13.3 - 28-05-2023 *\/\n.elementor-widget-text-editor.elementor-drop-cap-view-stacked .elementor-drop-cap{background-color:#69727d;color:#fff}.elementor-widget-text-editor.elementor-drop-cap-view-framed .elementor-drop-cap{color:#69727d;border:3px solid;background-color:transparent}.elementor-widget-text-editor:not(.elementor-drop-cap-view-default) .elementor-drop-cap{margin-top:8px}.elementor-widget-text-editor:not(.elementor-drop-cap-view-default) .elementor-drop-cap-letter{width:1em;height:1em}.elementor-widget-text-editor .elementor-drop-cap{float:left;text-align:center;line-height:1;font-size:50px}.elementor-widget-text-editor .elementor-drop-cap-letter{display:inline-block}<\/style>\t\t\t\t<p>Nous respectons la dignit\u00e9 et les droits de l&rsquo;homme de notre personnel, de nos partenaires commerciaux, des soci\u00e9t\u00e9s dans lesquelles nous vivons et travaillons, et des autres personnes potentiellement concern\u00e9es par nos activit\u00e9s. Nous attendons de nos partenaires commerciaux qu&rsquo;ils partagent notre engagement en faveur des droits de l&rsquo;homme et nous tirons parti de nos relations d&rsquo;affaires pour faire progresser les droits de l&rsquo;homme.<\/p>\n<p><b>Que signifie concr\u00e8tement notre engagement ?<\/b><\/p>\n<p>Nous r\u00e9fl\u00e9chissons \u00e0 la mani\u00e8re dont nos actions peuvent affecter les droits de l&rsquo;homme d&rsquo;autrui.<\/p>\n<p>Nous comprenons et traitons les risques en mati\u00e8re de droits de l&rsquo;homme qui peuvent d\u00e9couler de nos activit\u00e9s&nbsp;.<\/p>\n<p>Nous nous exprimons en cas de violation r\u00e9elle ou pr\u00e9sum\u00e9e des droits de l&rsquo;homme.<\/p>\n<p>Nous ne tol\u00e9rons aucune forme d&rsquo;esclavage moderne, y compris le travail forc\u00e9, obligatoire ou des enfants&nbsp;.<\/p>\n<p>Nous mettons en \u0153uvre des m\u00e9canismes efficaces de r\u00e9clamation au niveau local (&nbsp;).<\/p>\n<p>Nous nous engageons avec nos partenaires commerciaux \u00e0 respecter les droits de l&rsquo;homme et \u00e0 adh\u00e9rer aux normes internationales \u00e9tablies, y compris&nbsp;security&nbsp;providers<\/p>\t\t\t\t\t\t<\/div>\n\t\t\t\t<\/div>\n\t\t\t\t\t<\/div>\n\t\t<\/div>\n\t\t\t\t\t\t\t<\/div>\n\t\t<\/section>\n\t\t\t\t\t\t\t<\/div>\n\t\t","protected":false},"excerpt":{"rendered":"<p>Nos valeurs Nous respectons la dignit\u00e9 et les droits de l&rsquo;homme de notre personnel, de nos partenaires commerciaux, des soci\u00e9t\u00e9s dans lesquelles nous vivons et travaillons, et des autres personnes potentiellement concern\u00e9es par nos activit\u00e9s. Nous attendons de nos partenaires commerciaux qu&rsquo;ils partagent notre engagement en faveur des droits de l&rsquo;homme et nous tirons parti &hellip;<\/p>\n<p class=\"read-more\"> <a class=\"\" href=\"https:\/\/zumex-invest.com\/fr\/nos-valeurs\/droits-de-lhomme\"> <span class=\"screen-reader-text\">Droits de l&rsquo;homme<\/span> Lire la suite\u00a0\u00bb<\/a><\/p>\n","protected":false},"author":1,"featured_media":0,"parent":510,"menu_order":45,"comment_status":"closed","ping_status":"closed","template":"","meta":{"site-sidebar-layout":"no-sidebar","site-content-layout":"page-builder","ast-global-header-display":"","ast-main-header-display":"","ast-hfb-above-header-display":"","ast-hfb-below-header-display":"","ast-hfb-mobile-header-display":"","site-post-title":"disabled","ast-breadcrumbs-content":"","ast-featured-img":"disabled","footer-sml-layout":"","theme-transparent-header-meta":"","adv-header-id-meta":"","stick-header-meta":"","header-above-stick-meta":"","header-main-stick-meta":"","header-below-stick-meta":"","footnotes":""},"class_list":["post-524","page","type-page","status-publish","hentry"],"_links":{"self":[{"href":"https:\/\/zumex-invest.com\/fr\/wp-json\/wp\/v2\/pages\/524","targetHints":{"allow":["GET"]}}],"collection":[{"href":"https:\/\/zumex-invest.com\/fr\/wp-json\/wp\/v2\/pages"}],"about":[{"href":"https:\/\/zumex-invest.com\/fr\/wp-json\/wp\/v2\/types\/page"}],"author":[{"embeddable":true,"href":"https:\/\/zumex-invest.com\/fr\/wp-json\/wp\/v2\/users\/1"}],"replies":[{"embeddable":true,"href":"https:\/\/zumex-invest.com\/fr\/wp-json\/wp\/v2\/comments?post=524"}],"version-history":[{"count":3,"href":"https:\/\/zumex-invest.com\/fr\/wp-json\/wp\/v2\/pages\/524\/revisions"}],"predecessor-version":[{"id":527,"href":"https:\/\/zumex-invest.com\/fr\/wp-json\/wp\/v2\/pages\/524\/revisions\/527"}],"up":[{"embeddable":true,"href":"https:\/\/zumex-invest.com\/fr\/wp-json\/wp\/v2\/pages\/510"}],"wp:attachment":[{"href":"https:\/\/zumex-invest.com\/fr\/wp-json\/wp\/v2\/media?parent=524"}],"curies":[{"name":"wp","href":"https:\/\/api.w.org\/{rel}","templated":true}]}}